{"id":742802,"date":"2025-08-28T01:20:39","date_gmt":"2025-08-27T22:20:39","guid":{"rendered":"https:\/\/roveyayinevi.com.tr\/index.php\/urun\/samuraylar\/"},"modified":"2026-04-16T02:53:54","modified_gmt":"2026-04-15T23:53:54","slug":"samuraylar","status":"publish","type":"product","link":"https:\/\/roveyayinevi.com.tr\/index.php\/urun\/samuraylar\/","title":{"rendered":"Samuraylar"},"content":{"rendered":"<p>Belki de tarihteki en b\u00fcy\u00fck sava\u015f\u00e7\u0131lar olan samuraylar tamamen sava\u015fa y\u00f6nelik bir sosyal d\u00fczenin \u00fcr\u00fcn\u00fcyd\u00fcler. Hem at s\u0131rt\u0131nda hem de yayan \u00e7arp\u0131\u015fmada ustayd\u0131lar. Ya\u015fam bi\u00e7imlerini belirleyen \u201cBushido\u201d ya da \u201csava\u015f\u00e7\u0131 ya\u015fam\u0131\u201dn\u0131n kurallar\u0131yd\u0131. En g\u00fc\u00e7l\u00fc ailelerin \u00fcst\u00fcnl\u00fck i\u00e7in \u00e7at\u0131\u015ft\u0131\u011f\u0131 Orta\u00e7a\u011f Japonya\u2019s\u0131nda h\u00fck\u00fcm s\u00fcren \u015fiddetli klan ve hanedan sava\u015flar\u0131nda, g\u00f6zler hep b\u00fcy\u00fcleyici, \u00e7ok renkli z\u0131rhlar\u0131 i\u00e7indeki samuraylarda olurdu. Bu tarz muharebe sanat\u0131 onlar i\u00e7in bi\u00e7ilmi\u015f kaftand\u0131. J. Bryant, bu elit sava\u015f\u00e7\u0131lar\u0131 zihnimizde canland\u0131rmam\u0131z\u0131 sa\u011flayan \u00e7arp\u0131c\u0131 bir bak\u0131\u015f sunuyor. <\/p>\n","protected":false},"excerpt":{"rendered":"<p>Belki de tarihteki en b\u00fcy\u00fck sava\u015f\u00e7\u0131lar olan samuraylar tamamen sava\u015fa y\u00f6nelik bir sosyal d\u00fczenin \u00fcr\u00fcn\u00fcyd\u00fcler. Hem at s\u0131rt\u0131nda hem de yayan \u00e7arp\u0131\u015fmada ustayd\u0131lar. Ya\u015fam bi\u00e7imlerini belirleyen<span class=\"excerpt-hellip\"> [\u2026]<\/span><\/p>\n","protected":false},"featured_media":0,"template":"","meta":{"_monsterinsights_skip_tracking":false,"_monsterinsights_sitenote_active":false,"_monsterinsights_sitenote_note":"","_monsterinsights_sitenote_category":0},"product_brand":[],"product_cat":[12312,12304],"product_tag":[],"class_list":{"0":"post-742802","1":"product","2":"type-product","3":"status-publish","5":"product_cat-diger","6":"product_cat-tarih","7":"pa_cilt-ciltsiz","8":"pa_tur-kitap","9":"pa_yayinevi-is-bankasi-kultur-yayinlari","10":"pa_yazar-anthony-j-bryant","12":"first","13":"instock","14":"sale","15":"shipping-taxable","16":"purchasable","17":"product-type-simple"},"_links":{"self":[{"href":"https:\/\/roveyayinevi.com.tr\/index.php\/wp-json\/wp\/v2\/product\/742802","targetHints":{"allow":["GET"]}}],"collection":[{"href":"https:\/\/roveyayinevi.com.tr\/index.php\/wp-json\/wp\/v2\/product"}],"about":[{"href":"https:\/\/roveyayinevi.com.tr\/index.php\/wp-json\/wp\/v2\/types\/product"}],"wp:attachment":[{"href":"https:\/\/roveyayinevi.com.tr\/index.php\/wp-json\/wp\/v2\/media?parent=742802"}],"wp:term":[{"taxonomy":"product_brand","embeddable":true,"href":"https:\/\/roveyayinevi.com.tr\/index.php\/wp-json\/wp\/v2\/product_brand?post=742802"},{"taxonomy":"product_cat","embeddable":true,"href":"https:\/\/roveyayinevi.com.tr\/index.php\/wp-json\/wp\/v2\/product_cat?post=742802"},{"taxonomy":"product_tag","embeddable":true,"href":"https:\/\/roveyayinevi.com.tr\/index.php\/wp-json\/wp\/v2\/product_tag?post=742802"}],"curies":[{"name":"wp","href":"https:\/\/api.w.org\/{rel}","templated":true}]}}