{"id":742801,"date":"2025-08-28T01:20:38","date_gmt":"2025-08-27T22:20:38","guid":{"rendered":"https:\/\/roveyayinevi.com.tr\/index.php\/urun\/buyuk-zafer-istanbul-hukumetleri-milli-mucadele-v-1921-1922\/"},"modified":"2026-04-16T02:53:54","modified_gmt":"2026-04-15T23:53:54","slug":"buyuk-zafer-istanbul-hukumetleri-milli-mucadele-v-1921-1922","status":"publish","type":"product","link":"https:\/\/roveyayinevi.com.tr\/index.php\/urun\/buyuk-zafer-istanbul-hukumetleri-milli-mucadele-v-1921-1922\/","title":{"rendered":"B\u00fcy\u00fck Zafer &#8211; \u0130stanbul H\u00fck\u00fcmetleri Milli M\u00fccadele-V (1921-1922)"},"content":{"rendered":"<p>Prof. Dr. Sina Ak\u015fin, B\u00fcy\u00fck Zafer. \u0130yonya Niyetlerini \u00c7\u00f6kerten Muharebe (1921-1922) ile \u0130stanbul H\u00fck\u00fcmetleri ve Milli M\u00fccadele dizisini tamaml\u0131yor. Dizinin bu be\u015finci ve son cildinde, Sakarya Muharebesi\u2019nin son g\u00fcnlerinden B\u00fcy\u00fck Zafer\u2019e, ard\u0131ndan \u0130zmir\u2019in kurtar\u0131l\u0131\u015f\u0131na ve \u0130stanbul\u2019un y\u00f6netiminin TBMM ad\u0131na Refet Pa\u015fa taraf\u0131ndan devral\u0131n\u0131p \u201cMillet Saltanat\u0131\u201d bayram\u0131 sokaklarda co\u015fkuyla kutlan\u0131rken son padi\u015fah\u0131n \u0130ngilizlere s\u0131\u011f\u0131nmas\u0131na kadar say\u0131s\u0131z kritik olay pe\u015fpe\u015fe s\u0131ralan\u0131yor. \u00c7\u00f6ken bir imparatorlu\u011fun k\u00fcllerinden yepyeni bir devletin, T\u00fcrkiye Cumhuriyeti\u2019nin do\u011fu\u015funun B\u00fcy\u00fck Zafer\u2019le ta\u00e7lanan bu son askeri safhas\u0131, Ak\u015fin\u2019in o d\u00f6nemi yeniden g\u00f6zlerimizin \u00f6n\u00fcnde canland\u0131ran \u00e7ok geni\u015f bas\u0131n ve belge taramas\u0131 sayesinde, bir kronik tad\u0131nda okuyucuya sunuluyor. De\u011ferli \u00e7al\u0131\u015fmalar\u0131yla yak\u0131n tarihimize \u0131\u015f\u0131k tutan Prof Dr. Sina Ak\u015fin, Mustafa Kemal Atat\u00fcrk\u2019\u00fcn e\u015fsiz politik ve askeri dehas\u0131yla ad\u0131m ad\u0131m y\u00fcr\u00fctt\u00fc\u011f\u00fc s\u00fcre\u00e7te \u0130tilaf devletlerinin, \u00f6zellikle de Fransa ile \u0130ngiltere\u2019nin birbirinden nas\u0131l ayr\u0131\u015ft\u0131\u011f\u0131n\u0131, Dumlup\u0131nar Meydan Muharebesi \u00f6ncesindeki uzun diplomatik giri\u015fimler d\u00f6neminde olu\u015fturulan \u0130yonya \u00f6zerk devleti projesinin 10 g\u00fcnde 300 kilometreyi a\u015f\u0131p Afyon\u2019dan \u0130zmir\u2019e ula\u015fan T\u00fcrk ordusu taraf\u0131ndan nas\u0131l \u00e7\u00f6kertildi\u011fini belgelerin dilinden aktar\u0131yor. B\u00fcy\u00fck Zafer\u2019in 100. y\u0131l\u0131nda Milli M\u00fccadele\u2019nin ruhunu anlamak i\u00e7in vazge\u00e7ilmez bir kaynak. <\/p>\n","protected":false},"excerpt":{"rendered":"<p>Prof. Dr. Sina Ak\u015fin, B\u00fcy\u00fck Zafer. \u0130yonya Niyetlerini \u00c7\u00f6kerten Muharebe (1921-1922) ile \u0130stanbul H\u00fck\u00fcmetleri ve Milli M\u00fccadele dizisini tamaml\u0131yor. Dizinin bu be\u015finci ve son cildinde, Sakarya<span class=\"excerpt-hellip\"> [\u2026]<\/span><\/p>\n","protected":false},"featured_media":0,"template":"","meta":{"_monsterinsights_skip_tracking":false,"_monsterinsights_sitenote_active":false,"_monsterinsights_sitenote_note":"","_monsterinsights_sitenote_category":0},"product_brand":[],"product_cat":[12304,14128],"product_tag":[],"class_list":{"0":"post-742801","1":"product","2":"type-product","3":"status-publish","5":"product_cat-tarih","6":"product_cat-yakin-tarih","7":"pa_cilt-ciltsiz","8":"pa_tur-kitap","9":"pa_yayinevi-is-bankasi-kultur-yayinlari","10":"pa_yazar-sina-aksin","12":"first","13":"instock","14":"sale","15":"shipping-taxable","16":"purchasable","17":"product-type-simple"},"_links":{"self":[{"href":"https:\/\/roveyayinevi.com.tr\/index.php\/wp-json\/wp\/v2\/product\/742801","targetHints":{"allow":["GET"]}}],"collection":[{"href":"https:\/\/roveyayinevi.com.tr\/index.php\/wp-json\/wp\/v2\/product"}],"about":[{"href":"https:\/\/roveyayinevi.com.tr\/index.php\/wp-json\/wp\/v2\/types\/product"}],"wp:attachment":[{"href":"https:\/\/roveyayinevi.com.tr\/index.php\/wp-json\/wp\/v2\/media?parent=742801"}],"wp:term":[{"taxonomy":"product_brand","embeddable":true,"href":"https:\/\/roveyayinevi.com.tr\/index.php\/wp-json\/wp\/v2\/product_brand?post=742801"},{"taxonomy":"product_cat","embeddable":true,"href":"https:\/\/roveyayinevi.com.tr\/index.php\/wp-json\/wp\/v2\/product_cat?post=742801"},{"taxonomy":"product_tag","embeddable":true,"href":"https:\/\/roveyayinevi.com.tr\/index.php\/wp-json\/wp\/v2\/product_tag?post=742801"}],"curies":[{"name":"wp","href":"https:\/\/api.w.org\/{rel}","templated":true}]}}