{"id":742797,"date":"2025-08-28T01:20:32","date_gmt":"2025-08-27T22:20:32","guid":{"rendered":"https:\/\/roveyayinevi.com.tr\/index.php\/urun\/fas\/"},"modified":"2026-04-16T02:53:54","modified_gmt":"2026-04-15T23:53:54","slug":"fas","status":"publish","type":"product","link":"https:\/\/roveyayinevi.com.tr\/index.php\/urun\/fas\/","title":{"rendered":"Fa\u015f"},"content":{"rendered":"<p>\u00e7\u0131plak de\u011filmi\u015fim gibi yapmayaca\u011f\u0131mbu \u00e7\u0131plakl\u0131\u011f\u0131 ben t\u0131rnaklar\u0131mla kaz\u0131yarakdi\u015flerimi s\u00f6kenlere minnet etmeden kazand\u0131mi\u015fte bu d\u00fcnyan\u0131n k\u00fcfretme bi\u00e7imidiryani zaten senin olan\u0131 kazanman\u0131 dayatmak<\/p>\n","protected":false},"excerpt":{"rendered":"<p>\u00e7\u0131plak de\u011filmi\u015fim gibi yapmayaca\u011f\u0131mbu \u00e7\u0131plakl\u0131\u011f\u0131 ben t\u0131rnaklar\u0131mla kaz\u0131yarakdi\u015flerimi s\u00f6kenlere minnet etmeden kazand\u0131mi\u015fte bu d\u00fcnyan\u0131n k\u00fcfretme bi\u00e7imidiryani zaten senin olan\u0131 kazanman\u0131 dayatmak<\/p>\n","protected":false},"featured_media":0,"template":"","meta":{"_monsterinsights_skip_tracking":false,"_monsterinsights_sitenote_active":false,"_monsterinsights_sitenote_note":"","_monsterinsights_sitenote_category":0},"product_brand":[],"product_cat":[12291,12509],"product_tag":[],"class_list":{"0":"post-742797","1":"product","2":"type-product","3":"status-publish","5":"product_cat-edebiyat","6":"product_cat-siir","7":"pa_cilt-ciltsiz","8":"pa_tur-kitap","9":"pa_yayinevi-ithaki-yayinlari","10":"pa_yazar-ceren-biber","12":"first","13":"instock","14":"sale","15":"shipping-taxable","16":"purchasable","17":"product-type-simple"},"_links":{"self":[{"href":"https:\/\/roveyayinevi.com.tr\/index.php\/wp-json\/wp\/v2\/product\/742797","targetHints":{"allow":["GET"]}}],"collection":[{"href":"https:\/\/roveyayinevi.com.tr\/index.php\/wp-json\/wp\/v2\/product"}],"about":[{"href":"https:\/\/roveyayinevi.com.tr\/index.php\/wp-json\/wp\/v2\/types\/product"}],"wp:attachment":[{"href":"https:\/\/roveyayinevi.com.tr\/index.php\/wp-json\/wp\/v2\/media?parent=742797"}],"wp:term":[{"taxonomy":"product_brand","embeddable":true,"href":"https:\/\/roveyayinevi.com.tr\/index.php\/wp-json\/wp\/v2\/product_brand?post=742797"},{"taxonomy":"product_cat","embeddable":true,"href":"https:\/\/roveyayinevi.com.tr\/index.php\/wp-json\/wp\/v2\/product_cat?post=742797"},{"taxonomy":"product_tag","embeddable":true,"href":"https:\/\/roveyayinevi.com.tr\/index.php\/wp-json\/wp\/v2\/product_tag?post=742797"}],"curies":[{"name":"wp","href":"https:\/\/api.w.org\/{rel}","templated":true}]}}