{"id":742796,"date":"2025-08-28T01:20:30","date_gmt":"2025-08-27T22:20:30","guid":{"rendered":"https:\/\/roveyayinevi.com.tr\/index.php\/urun\/vathek-2\/"},"modified":"2026-04-16T02:53:54","modified_gmt":"2026-04-15T23:53:54","slug":"vathek-2","status":"publish","type":"product","link":"https:\/\/roveyayinevi.com.tr\/index.php\/urun\/vathek-2\/","title":{"rendered":"Vathek"},"content":{"rendered":"<p>\u201cBeckford&#8217;\u0131n Yeralt\u0131 Ate\u015fi saray\u0131, edebiyat\u0131n ilk korkun\u00e7 cehennemidir. Hat\u0131rlad\u0131\u011f\u0131m kadar\u0131yla da Vathek&#8217;ten \u00f6nce yaz\u0131lm\u0131\u015f hi\u00e7bir eserin \u2018tekinsiz\u2019 oldu\u011fu s\u00f6ylenemez.\u201d \u2013Jorge Luis BorgesKorku edebiyat\u0131n\u0131n \u00f6nc\u00fclerinden William Beckford, t\u0131pk\u0131 ilk gotik roman kabul edilen Otranto \u015eatosu\u2019nun yarat\u0131c\u0131s\u0131 Horace Walpole gibi b\u00fcnyesinde gotik edebiyat ile gotik mimariyi bulu\u015fturan, g\u00f6steri\u015fli malik\u00e2nesi ve y\u0131k\u0131lan kulesiyle tan\u0131nan bir isim. Lord Byron\u2019a, Poe\u2019ya ve Lovecraft\u2019a ilham veren Vathek ise gotik edebiyat\u0131n kurucu metinlerinden biri.Abbasi soyunun dokuzuncu halifesi Vathek, babas\u0131 taraf\u0131ndan yapt\u0131r\u0131lan saray yeterli gelmeyince buraya be\u015f ayr\u0131 saray daha ekler ve her birini bir duyunun doyurulmas\u0131na tahsis eder. Cennet\u2019in s\u0131rlar\u0131na vak\u0131f olmak i\u00e7in, meleklerin de yard\u0131m\u0131yla h\u0131zla y\u00fckselen bir kule yapt\u0131r\u0131r. Gecelerini bu kulede ge\u00e7irirken uzaklardan gizemli bir yabanc\u0131n\u0131n gelece\u011fine dair bir sezgiye kap\u0131l\u0131r. Onunla kar\u015f\u0131la\u015ft\u0131ktan sonra Vathek\u2019in hayat\u0131 alt\u00fcst olacakt\u0131r.Yerin alt\u0131ndad\u0131r bu gotik kulenin tepesi.<\/p>\n","protected":false},"excerpt":{"rendered":"<p>\u201cBeckford&#8217;\u0131n Yeralt\u0131 Ate\u015fi saray\u0131, edebiyat\u0131n ilk korkun\u00e7 cehennemidir. Hat\u0131rlad\u0131\u011f\u0131m kadar\u0131yla da Vathek&#8217;ten \u00f6nce yaz\u0131lm\u0131\u015f hi\u00e7bir eserin \u2018tekinsiz\u2019 oldu\u011fu s\u00f6ylenemez.\u201d \u2013Jorge Luis BorgesKorku edebiyat\u0131n\u0131n \u00f6nc\u00fclerinden William Beckford,<span class=\"excerpt-hellip\"> [\u2026]<\/span><\/p>\n","protected":false},"featured_media":0,"template":"","meta":{"_monsterinsights_skip_tracking":false,"_monsterinsights_sitenote_active":false,"_monsterinsights_sitenote_note":"","_monsterinsights_sitenote_category":0},"product_brand":[],"product_cat":[12291,17033],"product_tag":[],"class_list":{"0":"post-742796","1":"product","2":"type-product","3":"status-publish","5":"product_cat-edebiyat","6":"product_cat-korku-gerilim","7":"pa_cilt-ciltsiz","8":"pa_tur-kitap","9":"pa_yayinevi-ithaki-yayinlari","10":"pa_yazar-william-beckford","12":"first","13":"instock","14":"sale","15":"shipping-taxable","16":"purchasable","17":"product-type-simple"},"_links":{"self":[{"href":"https:\/\/roveyayinevi.com.tr\/index.php\/wp-json\/wp\/v2\/product\/742796","targetHints":{"allow":["GET"]}}],"collection":[{"href":"https:\/\/roveyayinevi.com.tr\/index.php\/wp-json\/wp\/v2\/product"}],"about":[{"href":"https:\/\/roveyayinevi.com.tr\/index.php\/wp-json\/wp\/v2\/types\/product"}],"wp:attachment":[{"href":"https:\/\/roveyayinevi.com.tr\/index.php\/wp-json\/wp\/v2\/media?parent=742796"}],"wp:term":[{"taxonomy":"product_brand","embeddable":true,"href":"https:\/\/roveyayinevi.com.tr\/index.php\/wp-json\/wp\/v2\/product_brand?post=742796"},{"taxonomy":"product_cat","embeddable":true,"href":"https:\/\/roveyayinevi.com.tr\/index.php\/wp-json\/wp\/v2\/product_cat?post=742796"},{"taxonomy":"product_tag","embeddable":true,"href":"https:\/\/roveyayinevi.com.tr\/index.php\/wp-json\/wp\/v2\/product_tag?post=742796"}],"curies":[{"name":"wp","href":"https:\/\/api.w.org\/{rel}","templated":true}]}}