{"id":742795,"date":"2025-08-28T01:20:29","date_gmt":"2025-08-27T22:20:29","guid":{"rendered":"https:\/\/roveyayinevi.com.tr\/index.php\/urun\/saltanattan-demokratik-turkiyeye-kemalizm-tarihinin-ana-hatlari\/"},"modified":"2026-04-16T02:53:54","modified_gmt":"2026-04-15T23:53:54","slug":"saltanattan-demokratik-turkiyeye-kemalizm-tarihinin-ana-hatlari","status":"publish","type":"product","link":"https:\/\/roveyayinevi.com.tr\/index.php\/urun\/saltanattan-demokratik-turkiyeye-kemalizm-tarihinin-ana-hatlari\/","title":{"rendered":"Saltanattan Demokratik T\u00fcrkiye\u2019ye: Kemalizm Tarihinin Ana Hatlar\u0131"},"content":{"rendered":"<p>Anadolu\u2019daki ba\u011f\u0131ms\u0131zl\u0131k m\u00fccadelesi i\u00e7in son derece kritik y\u0131llar olan 1922-23 aras\u0131nda Sovyet diplomatik kadrosunun bir \u00fcyesi olarak Ankara\u2019da bulunan Georgiy A. Astahov, Sovyetler Birli\u011fi\u2019nde yay\u0131mlanan Yeni Do\u011fu dergisi i\u00e7in bu hareketli d\u00f6neme dair izlenimlerini kaleme ald\u0131.Astahov\u2019un 1936 y\u0131l\u0131nda Saltanattan Demokratik T\u00fcrkiye\u2019ye ba\u015fl\u0131\u011f\u0131 alt\u0131nda bir araya getirilen makaleleri, sava\u015f\u0131n taraflar\u0131na ve hen\u00fcz olduk\u00e7a gen\u00e7 ba\u011f\u0131ms\u0131zl\u0131k hareketinin hedef ve kazan\u0131mlar\u0131na dair \u00e7ok yak\u0131ndan bir g\u00f6zlemin eseri. Bu kitap Sovyetler\u2019in T\u00fcrkiye\u2019deki toplumsal hareket ve iktidara olan bak\u0131\u015f\u0131n\u0131 sergilemesi a\u00e7\u0131s\u0131ndan da ilgi \u00e7ekici bir \u00f6rnek.Astahov\u2019un \u00f6zellikle cumhuriyetin ilan edilmesinin hemen \u00f6ncesinde Anadolu ve Ankara\u2019daki s\u0131n\u0131fsal yap\u0131lanmaya dair yorumlar\u0131 ve yerinde takip etti\u011fi \u0130zmir \u0130ktisat Kongresi hakk\u0131ndaki g\u00f6zlemleri, gen\u00e7 cumhuriyette emek\u00e7i s\u0131n\u0131flar\u0131n durumu \u00fczerine de\u011ferli bir\u00e7ok bilgi ve fikir i\u00e7ermekte. Bunun yan\u0131nda Topal Osman Vakas\u0131, saltanat\u0131n kald\u0131r\u0131lmas\u0131, meclisteki ideolojik ayr\u0131\u015fma ve T\u00fcrkiye\u2019deki kom\u00fcnist hareketin durumu da bu makalelerde kendilerine yer buluyor.<\/p>\n","protected":false},"excerpt":{"rendered":"<p>Anadolu\u2019daki ba\u011f\u0131ms\u0131zl\u0131k m\u00fccadelesi i\u00e7in son derece kritik y\u0131llar olan 1922-23 aras\u0131nda Sovyet diplomatik kadrosunun bir \u00fcyesi olarak Ankara\u2019da bulunan Georgiy A. Astahov, Sovyetler Birli\u011fi\u2019nde yay\u0131mlanan Yeni<span class=\"excerpt-hellip\"> [\u2026]<\/span><\/p>\n","protected":false},"featured_media":0,"template":"","meta":{"_monsterinsights_skip_tracking":false,"_monsterinsights_sitenote_active":false,"_monsterinsights_sitenote_note":"","_monsterinsights_sitenote_category":0},"product_brand":[],"product_cat":[12304,14128],"product_tag":[],"class_list":{"0":"post-742795","1":"product","2":"type-product","3":"status-publish","5":"product_cat-tarih","6":"product_cat-yakin-tarih","7":"pa_cilt-ciltsiz","8":"pa_tur-kitap","9":"pa_yayinevi-ithaki-yayinlari","10":"pa_yazar-georgiy-a-astahov","12":"first","13":"instock","14":"sale","15":"shipping-taxable","16":"purchasable","17":"product-type-simple"},"_links":{"self":[{"href":"https:\/\/roveyayinevi.com.tr\/index.php\/wp-json\/wp\/v2\/product\/742795","targetHints":{"allow":["GET"]}}],"collection":[{"href":"https:\/\/roveyayinevi.com.tr\/index.php\/wp-json\/wp\/v2\/product"}],"about":[{"href":"https:\/\/roveyayinevi.com.tr\/index.php\/wp-json\/wp\/v2\/types\/product"}],"wp:attachment":[{"href":"https:\/\/roveyayinevi.com.tr\/index.php\/wp-json\/wp\/v2\/media?parent=742795"}],"wp:term":[{"taxonomy":"product_brand","embeddable":true,"href":"https:\/\/roveyayinevi.com.tr\/index.php\/wp-json\/wp\/v2\/product_brand?post=742795"},{"taxonomy":"product_cat","embeddable":true,"href":"https:\/\/roveyayinevi.com.tr\/index.php\/wp-json\/wp\/v2\/product_cat?post=742795"},{"taxonomy":"product_tag","embeddable":true,"href":"https:\/\/roveyayinevi.com.tr\/index.php\/wp-json\/wp\/v2\/product_tag?post=742795"}],"curies":[{"name":"wp","href":"https:\/\/api.w.org\/{rel}","templated":true}]}}