{"id":742790,"date":"2025-08-28T01:20:21","date_gmt":"2025-08-27T22:20:21","guid":{"rendered":"https:\/\/roveyayinevi.com.tr\/index.php\/urun\/sardanapalus-ciltli\/"},"modified":"2026-04-16T02:53:53","modified_gmt":"2026-04-15T23:53:53","slug":"sardanapalus-ciltli","status":"publish","type":"product","link":"https:\/\/roveyayinevi.com.tr\/index.php\/urun\/sardanapalus-ciltli\/","title":{"rendered":"Sardanapalus (Ciltli)"},"content":{"rendered":"<p>Sardanapalus (1821) Lord Byron\u2019\u0131n \u0130talya\u2019da Ravenna\u2019da ikamet etti\u011fi d\u00f6nemde serbest vezinle yazd\u0131\u011f\u0131 tarih\u00ee trajedisidir. Oyunun konusu Asur \u0130mparatorlu\u011fu\u2019nun, son kral\u0131 Sardanapalus\u2019la beraber y\u0131k\u0131l\u0131\u015f hik\u00e2yesidir. Geleneksel \u00fc\u00e7 birlik kuram\u0131na sad\u0131k kalarak yaz\u0131lan oyun, imparatorlu\u011fun ba\u015fkenti Ninova\u2019da ge\u00e7er. Tarihsel arka plan bilgisi esas olarak iki kaynaktan gelir: Birincisi Diodorus Siculus\u2019un Tarih Kitapl\u0131\u011f\u0131 adl\u0131 eseri, di\u011feriyse William Mitford\u2019un Yunanistan Tarihi adl\u0131 kitab\u0131d\u0131r. Byron\u2019\u0131n Goethe\u2019ye ithaf etti\u011fi bu piyes, Avrupa k\u00fclt\u00fcr\u00fc \u00fczerinde derin etkiler yaratm\u0131\u015f, Delacroix gibi ressamlara, Berlioz, Liszt ve Ravel ba\u015fta olmak \u00fczere b\u00fcy\u00fck bestek\u00e2rlara esin kayna\u011f\u0131 olmu\u015ftur. T\u00fcrk Edebiyat\u0131nda Sardanapalus efsanesi bug\u00fcne dek yaln\u0131zca Abd\u00fclhak Hamid Tarhan\u2019\u0131n 1919 bas\u0131m tarihli oyunu Sardanapal\u2019de i\u015flenmi\u015ftir. Tarhan\u2019\u0131n oyunu ayn\u0131 efsaneyi temel alsa da hem yakla\u015f\u0131m\u0131 hem de ki\u015fileriyle Byron\u2019\u0131nkinden olduk\u00e7a farkl\u0131d\u0131r.<\/p>\n","protected":false},"excerpt":{"rendered":"<p>Sardanapalus (1821) Lord Byron\u2019\u0131n \u0130talya\u2019da Ravenna\u2019da ikamet etti\u011fi d\u00f6nemde serbest vezinle yazd\u0131\u011f\u0131 tarih\u00ee trajedisidir. Oyunun konusu Asur \u0130mparatorlu\u011fu\u2019nun, son kral\u0131 Sardanapalus\u2019la beraber y\u0131k\u0131l\u0131\u015f hik\u00e2yesidir. Geleneksel \u00fc\u00e7<span class=\"excerpt-hellip\"> [\u2026]<\/span><\/p>\n","protected":false},"featured_media":0,"template":"","meta":{"_monsterinsights_skip_tracking":false,"_monsterinsights_sitenote_active":false,"_monsterinsights_sitenote_note":"","_monsterinsights_sitenote_category":0},"product_brand":[],"product_cat":[12409,12408],"product_tag":[],"class_list":{"0":"post-742790","1":"product","2":"type-product","3":"status-publish","5":"product_cat-fotograf-sinema-tiyatro","6":"product_cat-sanat","7":"pa_cilt-ciltli","8":"pa_tur-kitap","9":"pa_yayinevi-otuken-nesriyat","10":"pa_yazar-lord-byron","12":"first","13":"instock","14":"sale","15":"shipping-taxable","16":"purchasable","17":"product-type-simple"},"_links":{"self":[{"href":"https:\/\/roveyayinevi.com.tr\/index.php\/wp-json\/wp\/v2\/product\/742790","targetHints":{"allow":["GET"]}}],"collection":[{"href":"https:\/\/roveyayinevi.com.tr\/index.php\/wp-json\/wp\/v2\/product"}],"about":[{"href":"https:\/\/roveyayinevi.com.tr\/index.php\/wp-json\/wp\/v2\/types\/product"}],"wp:attachment":[{"href":"https:\/\/roveyayinevi.com.tr\/index.php\/wp-json\/wp\/v2\/media?parent=742790"}],"wp:term":[{"taxonomy":"product_brand","embeddable":true,"href":"https:\/\/roveyayinevi.com.tr\/index.php\/wp-json\/wp\/v2\/product_brand?post=742790"},{"taxonomy":"product_cat","embeddable":true,"href":"https:\/\/roveyayinevi.com.tr\/index.php\/wp-json\/wp\/v2\/product_cat?post=742790"},{"taxonomy":"product_tag","embeddable":true,"href":"https:\/\/roveyayinevi.com.tr\/index.php\/wp-json\/wp\/v2\/product_tag?post=742790"}],"curies":[{"name":"wp","href":"https:\/\/api.w.org\/{rel}","templated":true}]}}