{"id":742786,"date":"2025-08-28T01:20:16","date_gmt":"2025-08-27T22:20:16","guid":{"rendered":"https:\/\/roveyayinevi.com.tr\/index.php\/urun\/osmanli-toplumunda-otekilestirme-dusmanlik-ve-nefret-16-18-yuzyillar\/"},"modified":"2026-04-16T02:53:53","modified_gmt":"2026-04-15T23:53:53","slug":"osmanli-toplumunda-otekilestirme-dusmanlik-ve-nefret-16-18-yuzyillar","status":"publish","type":"product","link":"https:\/\/roveyayinevi.com.tr\/index.php\/urun\/osmanli-toplumunda-otekilestirme-dusmanlik-ve-nefret-16-18-yuzyillar\/","title":{"rendered":"Osmanl\u0131 Toplumunda \u00d6tekile\u015ftirme, D\u00fc\u015fmanl\u0131k ve Nefret (16.-18. Y\u00fczy\u0131llar)"},"content":{"rendered":"<p>Osmanl\u0131 \u0130mparatorlu\u011fu\u2019nun \u00e7okdinli, \u00e7okdilli ve \u00e7okuluslu yap\u0131s\u0131ndan bahsedilirken genellikle \u201cho\u015fg\u00f6r\u00fc,\u201d \u201ctoplumsal huzur\u201d ya da \u201cuyum i\u00e7inde birlikte ya\u015fayabilme\u201d gibi olumlu kavramlar kullan\u0131l\u0131r. Peki sahiden de durum bu kadar tozpembe miydi? Ger\u00e7ekten Osmanl\u0131 toplumunun \u00f6nemli belirleyici bir \u00f6zelli\u011fi ho\u015fg\u00f6r\u00fc ve uyum i\u00e7inde olmas\u0131 m\u0131yd\u0131? Hakan T. Karateke, H. Erdem \u00c7\u0131pa ve Helga Anetshofer\u2019in derledi\u011fi ve bir\u00e7ok tarih\u00e7inin katk\u0131 sundu\u011fu, Osmanl\u0131 Toplumunda \u00d6tekile\u015ftirme, D\u00fc\u015fmanl\u0131k ve Nefret (16.-18. Y\u00fczy\u0131llar), bu romantik bak\u0131s\u0327 a\u00e7\u0131s\u0131na daha realist yaklas\u0327\u0131mlar gelis\u0327tiriyor. Yazarlar, din\u00ee ve toplumsal gruplar\u0131n, milliyet\u00e7i ideolojilerin yay\u0131lmas\u0131ndan \u00f6nce de, \u201c\u00f6teki\u201d ve \u201cyabanc\u0131\u201d gibi g\u00f6r\u00fclenlere kar\u015f\u0131 duydu\u011fu tahamm\u00fcls\u00fczl\u00fcklerin yayg\u0131nl\u0131\u011f\u0131na dikkat \u00e7ekiyor. K\u00f6kle\u015fmi\u015f \u00f6nyarg\u0131lar\u0131n \u00f6tesinde, g\u00fcncel gerilimler, toplumsal ve ekonomik dalgalanmalardan beslenebilen farkl\u0131 olumsuzluklara i\u015faret ederek, \u201cOsmanl\u0131 Bar\u0131\u015f\u0131\u201dn\u0131n \u00e7ok daha karma\u015f\u0131k bir s\u0327ekilde tan\u0131mlanmas\u0131 gerekti\u011fini ileri s\u00fcr\u00fcyorlar. \u201cTabii ki, antipatinin \u00e7ok de\u011fis\u0327ik bi\u00e7imleri ve s\u0327iddet dereceleri var. Yelpazenin bir ucunda sistematik devlet zulm\u00fc, tehcir ve \u015fiddetin, di\u011fer ucunda ise g\u00fcnl\u00fck hayattaki a\u015fa\u011f\u0131lamalar\u0131n ya da mesela ticaret ili\u015fkilerinde g\u00f6r\u00fclen g\u00fcvensizli\u011fin yer ald\u0131\u011f\u0131n\u0131 d\u00fcs\u0327\u00fcnebiliriz. Elinizdeki \u00e7al\u0131\u015fma Osmanl\u0131 toplumunu olu\u015fturan cemaatler aras\u0131ndaki kar\u015f\u0131l\u0131kl\u0131 antipatilerin ne gibi s\u0327ekiller alabilece\u011fini anlamay\u0131 ve bu duygular\u0131 19. y\u00fczy\u0131l \u00f6ncesinde Osmanl\u0131 toplumu \u00f6zelinde konumland\u0131rmaya y\u00f6nelik tarihsel bir yakla\u015f\u0131m geli\u015ftirmeyi ama\u00e7l\u0131yor.\u201d<\/p>\n","protected":false},"excerpt":{"rendered":"<p>Osmanl\u0131 \u0130mparatorlu\u011fu\u2019nun \u00e7okdinli, \u00e7okdilli ve \u00e7okuluslu yap\u0131s\u0131ndan bahsedilirken genellikle \u201cho\u015fg\u00f6r\u00fc,\u201d \u201ctoplumsal huzur\u201d ya da \u201cuyum i\u00e7inde birlikte ya\u015fayabilme\u201d gibi olumlu kavramlar kullan\u0131l\u0131r. Peki sahiden de durum<span class=\"excerpt-hellip\"> [\u2026]<\/span><\/p>\n","protected":false},"featured_media":0,"template":"","meta":{"_monsterinsights_skip_tracking":false,"_monsterinsights_sitenote_active":false,"_monsterinsights_sitenote_note":"","_monsterinsights_sitenote_category":0},"product_brand":[],"product_cat":[13517,12304],"product_tag":[],"class_list":{"0":"post-742786","1":"product","2":"type-product","3":"status-publish","5":"product_cat-osmanli-tarihi","6":"product_cat-tarih","7":"pa_cilt-ciltsiz","8":"pa_tur-kitap","9":"pa_yayinevi-iletisim-yayinlari","10":"pa_yazar-kolektif","12":"first","13":"instock","14":"sale","15":"shipping-taxable","16":"purchasable","17":"product-type-simple"},"_links":{"self":[{"href":"https:\/\/roveyayinevi.com.tr\/index.php\/wp-json\/wp\/v2\/product\/742786","targetHints":{"allow":["GET"]}}],"collection":[{"href":"https:\/\/roveyayinevi.com.tr\/index.php\/wp-json\/wp\/v2\/product"}],"about":[{"href":"https:\/\/roveyayinevi.com.tr\/index.php\/wp-json\/wp\/v2\/types\/product"}],"wp:attachment":[{"href":"https:\/\/roveyayinevi.com.tr\/index.php\/wp-json\/wp\/v2\/media?parent=742786"}],"wp:term":[{"taxonomy":"product_brand","embeddable":true,"href":"https:\/\/roveyayinevi.com.tr\/index.php\/wp-json\/wp\/v2\/product_brand?post=742786"},{"taxonomy":"product_cat","embeddable":true,"href":"https:\/\/roveyayinevi.com.tr\/index.php\/wp-json\/wp\/v2\/product_cat?post=742786"},{"taxonomy":"product_tag","embeddable":true,"href":"https:\/\/roveyayinevi.com.tr\/index.php\/wp-json\/wp\/v2\/product_tag?post=742786"}],"curies":[{"name":"wp","href":"https:\/\/api.w.org\/{rel}","templated":true}]}}