{"id":742784,"date":"2025-08-28T01:20:13","date_gmt":"2025-08-27T22:20:13","guid":{"rendered":"https:\/\/roveyayinevi.com.tr\/index.php\/urun\/kucuk-yuvarlak-taslar\/"},"modified":"2026-04-16T02:53:53","modified_gmt":"2026-04-15T23:53:53","slug":"kucuk-yuvarlak-taslar","status":"publish","type":"product","link":"https:\/\/roveyayinevi.com.tr\/index.php\/urun\/kucuk-yuvarlak-taslar\/","title":{"rendered":"K\u00fc\u00e7\u00fck Yuvarlak Ta\u015flar"},"content":{"rendered":"<p>\u201cToprak aya\u011f\u0131m\u0131z\u0131n alt\u0131nda yumu\u015fac\u0131k, k\u0131rm\u0131z\u0131. Bacaklar\u0131m\u0131z\u0131 \u0131s\u0131ran dikenlere ald\u0131rm\u0131yoruz. \u00c7al\u0131lar\u0131n i\u00e7inde bin bir \u00e7e\u015fit h\u0131\u015f\u0131rt\u0131, k\u0131p\u0131rt\u0131, \u00e7\u0131t\u0131rt\u0131, v\u0131z\u0131lt\u0131&#8230; Ku\u015flar, b\u00f6cekler, ta\u015flar&#8230; U\u00e7anlar, ko\u015fanlar, s\u00fcr\u00fcnenler, s\u0131\u00e7rayanlar ve dahi \u00f6ylece durmay\u0131 se\u00e7enler. Do\u011fa, yava\u015f yava\u015f y\u00fckselen g\u00fcne\u015fle birlikte ba\u015fl\u0131yor g\u00fcnl\u00fck ser\u00fcvenine. Hep birlikte uyan\u0131yoruz. Hep birlikte ya\u015fayaca\u011f\u0131z gelen g\u00fcn\u00fc. Birimiz di\u011ferimizden ne daha az ne daha \u00e7ok var olacak. Her \u015fey yan yana ve her nas\u0131lsa \u00f6yle.\u201d Ba\u015flay\u0131p biten a\u015fklar, terk edi\u015fler, mutsuzluklar&#8230; Annelik halleri, yaln\u0131zl\u0131klar, \u00e7aresizlikler&#8230; Yar\u0131m kalan hesaplar, pi\u015fmanl\u0131klar&#8230; Denize d\u00f6n\u00fc\u015fler, tekrar aya\u011fa kalk\u0131\u015flar&#8230; \u00c7ocukluktan kalan tatl\u0131 hisler, y\u00fczle\u015fmeler, umutlar&#8230; Melisa Kesmez, i\u00e7 i\u00e7e ge\u00e7mi\u015f birbirinden farkl\u0131 hayatlar\u0131, kendine \u00f6zg\u00fc diliyle her birine ince ince bakarak, usul usul anlat\u0131yor; insan ili\u015fkilerini bir kuyumcu titizli\u011fiyle i\u015fleyip, \u201cb\u00fcy\u00fck resmin\u201d detaylar\u0131n\u0131 ustal\u0131kla ortaya koyuyor. \u00dcstelik do\u011fay\u0131, denizi, g\u00fcne\u015fi, do\u011fumu ve \u00f6l\u00fcm\u00fc de atlamadan&#8230; K\u00fc\u00e7\u00fck Yuvarlak Ta\u015flar, kaybedi\u015flerin ve hayata yeni ba\u015flang\u0131\u00e7lar\u0131n kitab\u0131&#8230;<\/p>\n","protected":false},"excerpt":{"rendered":"<p>\u201cToprak aya\u011f\u0131m\u0131z\u0131n alt\u0131nda yumu\u015fac\u0131k, k\u0131rm\u0131z\u0131. Bacaklar\u0131m\u0131z\u0131 \u0131s\u0131ran dikenlere ald\u0131rm\u0131yoruz. \u00c7al\u0131lar\u0131n i\u00e7inde bin bir \u00e7e\u015fit h\u0131\u015f\u0131rt\u0131, k\u0131p\u0131rt\u0131, \u00e7\u0131t\u0131rt\u0131, v\u0131z\u0131lt\u0131&#8230; Ku\u015flar, b\u00f6cekler, ta\u015flar&#8230; U\u00e7anlar, ko\u015fanlar, s\u00fcr\u00fcnenler, s\u0131\u00e7rayanlar ve<span class=\"excerpt-hellip\"> [\u2026]<\/span><\/p>\n","protected":false},"featured_media":0,"template":"","meta":{"_monsterinsights_skip_tracking":false,"_monsterinsights_sitenote_active":false,"_monsterinsights_sitenote_note":"","_monsterinsights_sitenote_category":0},"product_brand":[],"product_cat":[12291,12711],"product_tag":[],"class_list":{"0":"post-742784","1":"product","2":"type-product","3":"status-publish","5":"product_cat-edebiyat","6":"product_cat-roman-oyku","7":"pa_cilt-ciltsiz","8":"pa_tur-kitap","9":"pa_yayinevi-iletisim-yayinlari","10":"pa_yazar-melisa-kesmez","12":"first","13":"instock","14":"sale","15":"shipping-taxable","16":"purchasable","17":"product-type-simple"},"_links":{"self":[{"href":"https:\/\/roveyayinevi.com.tr\/index.php\/wp-json\/wp\/v2\/product\/742784","targetHints":{"allow":["GET"]}}],"collection":[{"href":"https:\/\/roveyayinevi.com.tr\/index.php\/wp-json\/wp\/v2\/product"}],"about":[{"href":"https:\/\/roveyayinevi.com.tr\/index.php\/wp-json\/wp\/v2\/types\/product"}],"wp:attachment":[{"href":"https:\/\/roveyayinevi.com.tr\/index.php\/wp-json\/wp\/v2\/media?parent=742784"}],"wp:term":[{"taxonomy":"product_brand","embeddable":true,"href":"https:\/\/roveyayinevi.com.tr\/index.php\/wp-json\/wp\/v2\/product_brand?post=742784"},{"taxonomy":"product_cat","embeddable":true,"href":"https:\/\/roveyayinevi.com.tr\/index.php\/wp-json\/wp\/v2\/product_cat?post=742784"},{"taxonomy":"product_tag","embeddable":true,"href":"https:\/\/roveyayinevi.com.tr\/index.php\/wp-json\/wp\/v2\/product_tag?post=742784"}],"curies":[{"name":"wp","href":"https:\/\/api.w.org\/{rel}","templated":true}]}}