{"id":742783,"date":"2025-08-28T01:20:12","date_gmt":"2025-08-27T22:20:12","guid":{"rendered":"https:\/\/roveyayinevi.com.tr\/index.php\/urun\/heybe-sayi3\/"},"modified":"2026-04-16T02:53:53","modified_gmt":"2026-04-15T23:53:53","slug":"heybe-sayi3","status":"publish","type":"product","link":"https:\/\/roveyayinevi.com.tr\/index.php\/urun\/heybe-sayi3\/","title":{"rendered":"Heybe Say\u0131:3"},"content":{"rendered":"<p>Neo-liberal politika ve uygulamalar\u0131n bu sorunlar\u0131n topyek\u00fcn bir bi\u00e7imde \u00e7\u00f6z\u00fcm\u00fcn\u00fc zorla\u015ft\u0131rd\u0131\u011f\u0131 da \u00e7ok a\u00e7\u0131k. Kamu sorumlulu\u011funun giderek azald\u0131\u011f\u0131 bir yap\u0131da bu b\u00fcy\u00fck sorunlar\u0131n \u00e7\u00f6z\u00fcm\u00fcnde bireye y\u00fcklenen sorumluluklar\u0131n s\u0131n\u0131r\u0131 nerede duruyor? Bireyin bu sorunlar\u0131n fark\u0131nda olmad\u0131\u011f\u0131 ve \u00e7\u00f6z\u00fcm\u00fcne katk\u0131 sunmad\u0131\u011f\u0131 durumlarda kamu ne kadar etkili olabilir? Peki, t\u00fcm bu de\u011fi\u015fimlere ili\u015fkin insanl\u0131\u011f\u0131n yan\u0131t\u0131 ne olacak\/ne olmal\u0131? Peki, insanl\u0131\u011f\u0131n sorunlar\u0131n\u0131 \u00e7\u00f6zmeyi, ihtiya\u00e7lar\u0131n\u0131 kar\u015f\u0131lamay\u0131 ve bunu hak temelli olarak yapmay\u0131 hedefleyen sosyal hizmetin yan\u0131t\u0131 ne olacak\/ne olmal\u0131? Bu sorular\u0131n yan\u0131t\u0131n\u0131 bulmay\u0131 (en az\u0131n- dan) denemek i\u00e7in Heybenin 3. Say\u0131s\u0131n\u0131n temas\u0131n\u0131 \u201cD\u00d6N\u00dc\u015e\u00dcM: Sosyal Sorunlar ve Politikalar-1\u201d olarak belirledik. Amac\u0131m\u0131z, bu konulara yeni ve farkl\u0131 pencerelerden bakabilmek, birlikte d\u00fc\u015f\u00fcnebilmeyi kolayla\u015ft\u0131rabilmek.   Bu say\u0131daki tart\u0131\u015fmalar\u0131n, sosyal hizmet\/sosyal politika alan\u0131nda \u00e7al\u0131\u015fan ya da bu hizmetlerden faydalanan herkese katk\u0131 sa\u011flamas\u0131 dile\u011fiyle&#8230;   <\/p>\n","protected":false},"excerpt":{"rendered":"<p>Neo-liberal politika ve uygulamalar\u0131n bu sorunlar\u0131n topyek\u00fcn bir bi\u00e7imde \u00e7\u00f6z\u00fcm\u00fcn\u00fc zorla\u015ft\u0131rd\u0131\u011f\u0131 da \u00e7ok a\u00e7\u0131k. Kamu sorumlulu\u011funun giderek azald\u0131\u011f\u0131 bir yap\u0131da bu b\u00fcy\u00fck sorunlar\u0131n \u00e7\u00f6z\u00fcm\u00fcnde bireye y\u00fcklenen<span class=\"excerpt-hellip\"> [\u2026]<\/span><\/p>\n","protected":false},"featured_media":0,"template":"","meta":{"_monsterinsights_skip_tracking":false,"_monsterinsights_sitenote_active":false,"_monsterinsights_sitenote_note":"","_monsterinsights_sitenote_category":0},"product_brand":[],"product_cat":[13527],"product_tag":[],"class_list":{"0":"post-742783","1":"product","2":"type-product","3":"status-publish","5":"product_cat-sureli-yayinlar","6":"pa_cilt-ciltsiz","7":"pa_tur-dergi","8":"pa_yayinevi-nika-yayinevi","9":"pa_yazar-kolektif","11":"first","12":"instock","13":"sale","14":"shipping-taxable","15":"purchasable","16":"product-type-simple"},"_links":{"self":[{"href":"https:\/\/roveyayinevi.com.tr\/index.php\/wp-json\/wp\/v2\/product\/742783","targetHints":{"allow":["GET"]}}],"collection":[{"href":"https:\/\/roveyayinevi.com.tr\/index.php\/wp-json\/wp\/v2\/product"}],"about":[{"href":"https:\/\/roveyayinevi.com.tr\/index.php\/wp-json\/wp\/v2\/types\/product"}],"wp:attachment":[{"href":"https:\/\/roveyayinevi.com.tr\/index.php\/wp-json\/wp\/v2\/media?parent=742783"}],"wp:term":[{"taxonomy":"product_brand","embeddable":true,"href":"https:\/\/roveyayinevi.com.tr\/index.php\/wp-json\/wp\/v2\/product_brand?post=742783"},{"taxonomy":"product_cat","embeddable":true,"href":"https:\/\/roveyayinevi.com.tr\/index.php\/wp-json\/wp\/v2\/product_cat?post=742783"},{"taxonomy":"product_tag","embeddable":true,"href":"https:\/\/roveyayinevi.com.tr\/index.php\/wp-json\/wp\/v2\/product_tag?post=742783"}],"curies":[{"name":"wp","href":"https:\/\/api.w.org\/{rel}","templated":true}]}}