{"id":742779,"date":"2025-08-28T01:20:07","date_gmt":"2025-08-27T22:20:07","guid":{"rendered":"https:\/\/roveyayinevi.com.tr\/index.php\/urun\/ruhumuzda-inat-sonunda-vuslat\/"},"modified":"2026-04-16T02:53:53","modified_gmt":"2026-04-15T23:53:53","slug":"ruhumuzda-inat-sonunda-vuslat","status":"publish","type":"product","link":"https:\/\/roveyayinevi.com.tr\/index.php\/urun\/ruhumuzda-inat-sonunda-vuslat\/","title":{"rendered":"Ruhumuzda \u0130nat Sonunda Vuslat"},"content":{"rendered":"<p>\u201cTrabzonspor taraftarlar\u0131 futbolu ve taraftarl\u0131\u011f\u0131 nas\u0131l \u00f6\u011freniyor, deneyimliyor ve anlamland\u0131r\u0131yorlar?\u201d Futbol, topluma egemen olan de\u011ferlerin ve ortak k\u00fclt\u00fcr\u00fcn bir yans\u0131mas\u0131d\u0131r. Onun analizi bize, oynand\u0131\u011f\u0131 mahalle, kent, b\u00f6lge, \u00fclke veya k\u0131ta hakk\u0131nda derinlikli bilgiler sunar. Futbolu toplumsal olandan ayr\u0131, teknik bir oyun olarak d\u00fc\u015f\u00fcnmek hatal\u0131 olur. Futbol, e\u015fitsiz g\u00fc\u00e7 ili\u015fkileri i\u00e7erisindeki m\u00fccadeleyle birlikte yerel bir k\u00fclt\u00fcr\u00fcn kendine has \u00f6zelliklerinin de ke\u015ffedilmesini sa\u011flar. Futbol sayesinde insanlar, yerel ve k\u00fcresel ayn\u0131l\u0131klar\u0131n\u0131 ve farkl\u0131l\u0131klar\u0131n\u0131 hem ke\u015ffedebilir hem de ifade edebilir. T\u00fcrkiye\u2019de futbol taraftarl\u0131\u011f\u0131 ara\u015ft\u0131rmalar\u0131n\u0131n b\u00fcy\u00fck bir \u00e7o\u011funlu\u011fu, \u0130stanbul\u2019un \u00fc\u00e7 b\u00fcy\u00fck kul\u00fcb\u00fc olarak bilinen Galatasaray, Fenerbah\u00e7e ve Be\u015fikta\u015f taraftarlar\u0131na yo\u011funla\u015fm\u0131\u015ft\u0131r. Bu kitap, yaln\u0131zca Trabzonspor taraftar\u0131ndan ziyade, taraftar gruplar\u0131na odaklanmay\u0131 tercih ediyor. Taraftar gruplar\u0131n\u0131n anlam \u00fcretici akt\u00f6rler olarak, trib\u00fcnlerde sergiledikleri bedensel hareketleri ve performanslar\u0131 arac\u0131l\u0131\u011f\u0131yla, neoliberalizmle birlikte metala\u015fan futbolun yaratt\u0131\u011f\u0131 hem taraftarlar hem de kul\u00fcpler aras\u0131 e\u015fitsizliklere kar\u015f\u0131 yerel aidiyetlerini y\u00fccelttikleri anlat\u0131lar ve s\u00f6ylemler \u00fcrettiklerini iddia ediyor. Trabzon, tarihi, maalesef ki neredeyse yok olmak \u00fczere olan mimarisi ve co\u011frafyas\u0131yla Karadeniz\u2019in ilgi \u00e7ekici kentlerindendir. Ona ne kadar direnirseniz direnin sizi kendine \u00e7eker, benzetir ve ba\u011flar. Bordo-mavi, iki uyumlu rengin hissettirdi\u011finden daha fazlas\u0131n\u0131 hissettirir size. Bu y\u00fczdendir ki Trabzonspor trib\u00fcnleri, kendine has \u00f6zelliklere sahiptir\u2026 <\/p>\n","protected":false},"excerpt":{"rendered":"<p>\u201cTrabzonspor taraftarlar\u0131 futbolu ve taraftarl\u0131\u011f\u0131 nas\u0131l \u00f6\u011freniyor, deneyimliyor ve anlamland\u0131r\u0131yorlar?\u201d Futbol, topluma egemen olan de\u011ferlerin ve ortak k\u00fclt\u00fcr\u00fcn bir yans\u0131mas\u0131d\u0131r. Onun analizi bize, oynand\u0131\u011f\u0131 mahalle, kent,<span class=\"excerpt-hellip\"> [\u2026]<\/span><\/p>\n","protected":false},"featured_media":0,"template":"","meta":{"_monsterinsights_skip_tracking":false,"_monsterinsights_sitenote_active":false,"_monsterinsights_sitenote_note":"","_monsterinsights_sitenote_category":0},"product_brand":[],"product_cat":[15563,15564],"product_tag":[],"class_list":{"0":"post-742779","1":"product","2":"type-product","3":"status-publish","5":"product_cat-hobi","6":"product_cat-spor","7":"pa_cilt-ciltsiz","8":"pa_tur-kitap","9":"pa_yayinevi-efil-yayinevi","10":"pa_yazar-gulmelek-doganay","12":"first","13":"instock","14":"sale","15":"shipping-taxable","16":"purchasable","17":"product-type-simple"},"_links":{"self":[{"href":"https:\/\/roveyayinevi.com.tr\/index.php\/wp-json\/wp\/v2\/product\/742779","targetHints":{"allow":["GET"]}}],"collection":[{"href":"https:\/\/roveyayinevi.com.tr\/index.php\/wp-json\/wp\/v2\/product"}],"about":[{"href":"https:\/\/roveyayinevi.com.tr\/index.php\/wp-json\/wp\/v2\/types\/product"}],"wp:attachment":[{"href":"https:\/\/roveyayinevi.com.tr\/index.php\/wp-json\/wp\/v2\/media?parent=742779"}],"wp:term":[{"taxonomy":"product_brand","embeddable":true,"href":"https:\/\/roveyayinevi.com.tr\/index.php\/wp-json\/wp\/v2\/product_brand?post=742779"},{"taxonomy":"product_cat","embeddable":true,"href":"https:\/\/roveyayinevi.com.tr\/index.php\/wp-json\/wp\/v2\/product_cat?post=742779"},{"taxonomy":"product_tag","embeddable":true,"href":"https:\/\/roveyayinevi.com.tr\/index.php\/wp-json\/wp\/v2\/product_tag?post=742779"}],"curies":[{"name":"wp","href":"https:\/\/api.w.org\/{rel}","templated":true}]}}