{"id":742778,"date":"2025-08-28T01:20:05","date_gmt":"2025-08-27T22:20:05","guid":{"rendered":"https:\/\/roveyayinevi.com.tr\/index.php\/urun\/ve-velhasilikelam\/"},"modified":"2026-04-16T02:53:53","modified_gmt":"2026-04-15T23:53:53","slug":"ve-velhasilikelam","status":"publish","type":"product","link":"https:\/\/roveyayinevi.com.tr\/index.php\/urun\/ve-velhasilikelam\/","title":{"rendered":"Ve Velhas\u0131l\u0131kelam"},"content":{"rendered":"<p>Biz daha d\u00fcnyaya gelmeden evvel \u00c2dem\u2019e Rab\u2019den verilen hediyelerden biridir kelam. Kelam h\u00e2s\u0131l oldu\u011fundan bu yana kalbin sesi dil ile kula\u011fa ta\u015f\u0131nd\u0131. S\u00f6z uzad\u0131k\u00e7a etkisi azald\u0131, ak\u0131lda tutulmas\u0131 hatta anla\u015f\u0131lmas\u0131 zorla\u015ft\u0131. Dima\u011flarda s\u00f6z\u00fcn ya ba\u015f\u0131 ya da sonu kald\u0131. Bu nedenledir ki s\u00f6z\u00fcn k\u0131sas\u0131, laf\u0131 doland\u0131rmadan bir nefeslik s\u00f6ylenmesi makbul oldu.   Her s\u00f6z s\u00f6ylendi\u011fi anda ba\u015flamam\u0131\u015ft\u0131r asl\u0131nda. Daha yeni duyulmas\u0131na kar\u015f\u0131n s\u00f6z\u00fcn olu\u015fmas\u0131na zemin haz\u0131rlayan olaylar dizini vard\u0131r \u201cEzel\u201d dedi\u011fimiz. Varl\u0131\u011f\u0131m\u0131z\u0131n do\u011fumumuz ile ba\u015flad\u0131\u011f\u0131 d\u00fc\u015f\u00fcn\u00fclse de ikinin \u00fc\u00e7\u00fcnc\u00fcs\u00fc olarak g\u00f6z a\u00e7t\u0131k bu \u00e2leme. \u015eu anda varolan eslaftan yadig\u00e2r.   41 g\u00fcnde kendini yazd\u0131ran Ve Velhas\u0131l\u0131kelam\u2019\u0131n kayna\u011f\u0131, yengilerimi besleyen yenilgilerimdir.   Ve velhas\u0131l\u0131kelam, velhas\u0131l\u0131 meram&#8230;   S\u00d6Z\u00dcN \u00d6Z\u00dc Her s\u00f6z giremez  D\u00f6v\u00fclmeyince kula\u011f\u0131n \u00f6rs\u00fcndeSa\u011fanak y\u0131\u011f\u0131nak Dolan\u0131r durur zihin dehlizinde Ta ki y\u00fcrek ses verene dek. S\u00f6z\u00fcn \u00f6z\u00fc, demi y\u00fcre\u011finSahi g\u00f6rd\u00fcn m\u00fc, \u00e2demden ba\u015fka sohbet edeni?   T\u00fclay ENEZ <\/p>\n","protected":false},"excerpt":{"rendered":"<p>Biz daha d\u00fcnyaya gelmeden evvel \u00c2dem\u2019e Rab\u2019den verilen hediyelerden biridir kelam. Kelam h\u00e2s\u0131l oldu\u011fundan bu yana kalbin sesi dil ile kula\u011fa ta\u015f\u0131nd\u0131. S\u00f6z uzad\u0131k\u00e7a etkisi azald\u0131,<span class=\"excerpt-hellip\"> [\u2026]<\/span><\/p>\n","protected":false},"featured_media":0,"template":"","meta":{"_monsterinsights_skip_tracking":false,"_monsterinsights_sitenote_active":false,"_monsterinsights_sitenote_note":"","_monsterinsights_sitenote_category":0},"product_brand":[],"product_cat":[12291,12509],"product_tag":[],"class_list":{"0":"post-742778","1":"product","2":"type-product","3":"status-publish","5":"product_cat-edebiyat","6":"product_cat-siir","7":"pa_cilt-ciltsiz","8":"pa_tur-kitap","9":"pa_yayinevi-gulnar-yayinlari","10":"pa_yazar-tulay-enez","12":"first","13":"instock","14":"sale","15":"shipping-taxable","16":"purchasable","17":"product-type-simple"},"_links":{"self":[{"href":"https:\/\/roveyayinevi.com.tr\/index.php\/wp-json\/wp\/v2\/product\/742778","targetHints":{"allow":["GET"]}}],"collection":[{"href":"https:\/\/roveyayinevi.com.tr\/index.php\/wp-json\/wp\/v2\/product"}],"about":[{"href":"https:\/\/roveyayinevi.com.tr\/index.php\/wp-json\/wp\/v2\/types\/product"}],"wp:attachment":[{"href":"https:\/\/roveyayinevi.com.tr\/index.php\/wp-json\/wp\/v2\/media?parent=742778"}],"wp:term":[{"taxonomy":"product_brand","embeddable":true,"href":"https:\/\/roveyayinevi.com.tr\/index.php\/wp-json\/wp\/v2\/product_brand?post=742778"},{"taxonomy":"product_cat","embeddable":true,"href":"https:\/\/roveyayinevi.com.tr\/index.php\/wp-json\/wp\/v2\/product_cat?post=742778"},{"taxonomy":"product_tag","embeddable":true,"href":"https:\/\/roveyayinevi.com.tr\/index.php\/wp-json\/wp\/v2\/product_tag?post=742778"}],"curies":[{"name":"wp","href":"https:\/\/api.w.org\/{rel}","templated":true}]}}