{"id":742777,"date":"2025-08-28T01:20:04","date_gmt":"2025-08-27T22:20:04","guid":{"rendered":"https:\/\/roveyayinevi.com.tr\/index.php\/urun\/mimar-sinan-cami-minberlerinde-besgen-geometrik-desenler\/"},"modified":"2026-02-23T12:06:28","modified_gmt":"2026-02-23T09:06:28","slug":"mimar-sinan-cami-minberlerinde-besgen-geometrik-desenler","status":"publish","type":"product","link":"https:\/\/roveyayinevi.com.tr\/index.php\/urun\/mimar-sinan-cami-minberlerinde-besgen-geometrik-desenler\/","title":{"rendered":"Mimar Sinan Cami Minberlerinde  Be\u015fgen Geometrik Desenler"},"content":{"rendered":"<p>Mimar Sinan camilerinde bulunan minberler \u00fczerindeki be\u015fgen esas\u0131na dayanan geometrik desenlerin analiz metotlar\u0131n\u0131 i\u00e7eren bu kitap, bizleri, be\u015fgenlerin dinamik d\u00fcnyas\u0131na g\u00f6t\u00fcrmektedir. Alan\u0131n tek olan bu \u00e7al\u0131\u015fma, be\u015fgenlerin genel \u00f6zellikleri ile ba\u015flay\u0131p, penrose kaplamalar\u0131, kuasi kristaller ile devam ederek, nihayetinde Mimar Sinan&#8217;\u0131n camilerinde sistemli bir bi\u00e7imde uygulanm\u0131\u015f olan d\u00f6nel simetrili be\u015fgen tasar\u0131mlar\u0131n analizlerine ula\u015fmaktad\u0131r. Desenlerin asl\u0131nda nas\u0131l bir matematiksel dayana\u011f\u0131 oldu\u011funa dair fark\u0131ndal\u0131k olu\u015fturan kitab\u0131m\u0131z, bunu, derin matemati\u011fe girmeden herkesin anlayabilece\u011fi bir bi\u00e7imde ortaya koymaktad\u0131r.<\/p>\n","protected":false},"excerpt":{"rendered":"<p>Mimar Sinan camilerinde bulunan minberler \u00fczerindeki be\u015fgen esas\u0131na dayanan geometrik desenlerin analiz metotlar\u0131n\u0131 i\u00e7eren bu kitap, bizleri, be\u015fgenlerin dinamik d\u00fcnyas\u0131na g\u00f6t\u00fcrmektedir. Alan\u0131n tek olan bu \u00e7al\u0131\u015fma,<span class=\"excerpt-hellip\"> [\u2026]<\/span><\/p>\n","protected":false},"featured_media":0,"template":"","meta":{"_monsterinsights_skip_tracking":false,"_monsterinsights_sitenote_active":false,"_monsterinsights_sitenote_note":"","_monsterinsights_sitenote_category":0},"product_brand":[],"product_cat":[13512,12408],"product_tag":[],"class_list":{"0":"post-742777","1":"product","2":"type-product","3":"status-publish","5":"product_cat-mimarlik","6":"product_cat-sanat","7":"pa_cilt-ciltsiz","8":"pa_tur-kitap","9":"pa_yayinevi-istanbul-tasarim-yayinlari","10":"pa_yazar-serap-ekizler-sonmez","12":"first","13":"instock","14":"sale","15":"shipping-taxable","16":"purchasable","17":"product-type-simple"},"_links":{"self":[{"href":"https:\/\/roveyayinevi.com.tr\/index.php\/wp-json\/wp\/v2\/product\/742777","targetHints":{"allow":["GET"]}}],"collection":[{"href":"https:\/\/roveyayinevi.com.tr\/index.php\/wp-json\/wp\/v2\/product"}],"about":[{"href":"https:\/\/roveyayinevi.com.tr\/index.php\/wp-json\/wp\/v2\/types\/product"}],"wp:attachment":[{"href":"https:\/\/roveyayinevi.com.tr\/index.php\/wp-json\/wp\/v2\/media?parent=742777"}],"wp:term":[{"taxonomy":"product_brand","embeddable":true,"href":"https:\/\/roveyayinevi.com.tr\/index.php\/wp-json\/wp\/v2\/product_brand?post=742777"},{"taxonomy":"product_cat","embeddable":true,"href":"https:\/\/roveyayinevi.com.tr\/index.php\/wp-json\/wp\/v2\/product_cat?post=742777"},{"taxonomy":"product_tag","embeddable":true,"href":"https:\/\/roveyayinevi.com.tr\/index.php\/wp-json\/wp\/v2\/product_tag?post=742777"}],"curies":[{"name":"wp","href":"https:\/\/api.w.org\/{rel}","templated":true}]}}