{"id":742776,"date":"2025-08-28T01:20:02","date_gmt":"2025-08-27T22:20:02","guid":{"rendered":"https:\/\/roveyayinevi.com.tr\/index.php\/urun\/gumrukten-gecen-siir-antolojisi\/"},"modified":"2026-04-16T02:53:53","modified_gmt":"2026-04-15T23:53:53","slug":"gumrukten-gecen-siir-antolojisi","status":"publish","type":"product","link":"https:\/\/roveyayinevi.com.tr\/index.php\/urun\/gumrukten-gecen-siir-antolojisi\/","title":{"rendered":"G\u00fcmr\u00fckten Ge\u00e7en \u015eiir Antolojisi"},"content":{"rendered":"<p>G\u00dcMR\u00dcKTEN GE\u00c7EN \u015e\u0130\u0130RLER   Dost y\u00fcreklere ula\u015f\u0131r, G\u00fcmr\u00fckten ge\u00e7en \u015fiirler&#8230; G\u00f6n\u00fcllere sevgi ta\u015f\u0131r G\u00fcmr\u00fckten ge\u00e7en \u015fiirler&#8230;   Dil ay\u0131rmaz, \u0131rk ay\u0131rmaz Yol ay\u0131rmaz, ark ay\u0131rmaz Ev ay\u0131rmaz, bark ay\u0131rmaz G\u00fcmr\u00fckten ge\u00e7en \u015fiirler&#8230;   Set dinlemez, engel bilmez U\u00e7ar gider, yolda kalmaz As\u0131rlar ge\u00e7se de \u00f6lmez G\u00fcmr\u00fckten ge\u00e7en \u015fiirler&#8230;   A\u015fk dolduran k\u00fcrek ister Kavrulacak y\u00fcrek ister Tutunacak durak ister G\u00fcmr\u00fckten ge\u00e7en \u015fiirler&#8230;   M\u0131sras\u0131 ar\u015f\u0131 inletir Ge\u00e7mi\u015f zaman\u0131 dinletir Nice kulaklar \u00e7\u0131nlat\u0131r G\u00fcmr\u00fckten ge\u00e7en \u015fiirler&#8230;   Topland\u0131 geldi erenler Dostlu\u011fa g\u00f6n\u00fcl verenler Bin te\u015fekk\u00fcr a\u015fk derenler Do\u011furdu nice \u015fairler G\u00fcmr\u00fckten ge\u00e7en \u015fiirler *** \u00c7al\u0131\u015fmak sadece ekonomik bir eylem de\u011fil; ayn\u0131 zamanda mutlulu\u011fun da anahtar\u0131d\u0131r. \u0130\u015fyerleri sadece \u00e7al\u0131\u015fmayla ge\u00e7en 8 saatlik bir hapishane de\u011fil; ayn\u0131 zamanda dostluk ili\u015fkilerinin kurulabilece\u011fi, sanat etkinliklerinin olabilece\u011fi ve g\u00fczelliklerin payla\u015f\u0131labilece\u011fi bir platformdur.   Kurumumuz mensuplar\u0131n\u0131n ortak eseri olan \u201cG\u00fcmr\u00fckten Ge\u00e7en \u015eiir Antolojisi\u201dnin i\u015fyerinde sosyal ba\u011flar\u0131 geli\u015ftirerek, sa\u011fl\u0131kl\u0131 bir ileti\u015fimi sa\u011flayacak ve i\u015f yeri mutlulu\u011funu art\u0131racak  ara\u00e7lardan biri olaca\u011f\u0131n\u0131 d\u00fc\u015f\u00fcn\u00fcyoruz.   \u201cG\u00fcmr\u00fckten Ge\u00e7en \u015eiir\u201dler g\u00f6nl\u00fcm\u00fcz\u00fcn onay\u0131ndan da ge\u00e7mi\u015ftir. Okuyanlar\u0131n g\u00f6nl\u00fcnde de ho\u015f bir seda b\u0131rakaca\u011f\u0131n\u0131 umuyoruz.   Edit\u00f6r Ay\u015fe TOP\u00c7U <\/p>\n","protected":false},"excerpt":{"rendered":"<p>G\u00dcMR\u00dcKTEN GE\u00c7EN \u015e\u0130\u0130RLER Dost y\u00fcreklere ula\u015f\u0131r, G\u00fcmr\u00fckten ge\u00e7en \u015fiirler&#8230; G\u00f6n\u00fcllere sevgi ta\u015f\u0131r G\u00fcmr\u00fckten ge\u00e7en \u015fiirler&#8230; Dil ay\u0131rmaz, \u0131rk ay\u0131rmaz Yol ay\u0131rmaz, ark ay\u0131rmaz Ev ay\u0131rmaz, bark<span class=\"excerpt-hellip\"> [\u2026]<\/span><\/p>\n","protected":false},"featured_media":0,"template":"","meta":{"_monsterinsights_skip_tracking":false,"_monsterinsights_sitenote_active":false,"_monsterinsights_sitenote_note":"","_monsterinsights_sitenote_category":0},"product_brand":[],"product_cat":[12291,12509],"product_tag":[],"class_list":{"0":"post-742776","1":"product","2":"type-product","3":"status-publish","5":"product_cat-edebiyat","6":"product_cat-siir","7":"pa_cilt-ciltsiz","8":"pa_tur-kitap","9":"pa_yayinevi-gulnar-yayinlari","10":"pa_yazar-kolektif","12":"first","13":"instock","14":"sale","15":"shipping-taxable","16":"purchasable","17":"product-type-simple"},"_links":{"self":[{"href":"https:\/\/roveyayinevi.com.tr\/index.php\/wp-json\/wp\/v2\/product\/742776","targetHints":{"allow":["GET"]}}],"collection":[{"href":"https:\/\/roveyayinevi.com.tr\/index.php\/wp-json\/wp\/v2\/product"}],"about":[{"href":"https:\/\/roveyayinevi.com.tr\/index.php\/wp-json\/wp\/v2\/types\/product"}],"wp:attachment":[{"href":"https:\/\/roveyayinevi.com.tr\/index.php\/wp-json\/wp\/v2\/media?parent=742776"}],"wp:term":[{"taxonomy":"product_brand","embeddable":true,"href":"https:\/\/roveyayinevi.com.tr\/index.php\/wp-json\/wp\/v2\/product_brand?post=742776"},{"taxonomy":"product_cat","embeddable":true,"href":"https:\/\/roveyayinevi.com.tr\/index.php\/wp-json\/wp\/v2\/product_cat?post=742776"},{"taxonomy":"product_tag","embeddable":true,"href":"https:\/\/roveyayinevi.com.tr\/index.php\/wp-json\/wp\/v2\/product_tag?post=742776"}],"curies":[{"name":"wp","href":"https:\/\/api.w.org\/{rel}","templated":true}]}}