{"id":742771,"date":"2025-08-28T01:19:55","date_gmt":"2025-08-27T22:19:55","guid":{"rendered":"https:\/\/roveyayinevi.com.tr\/index.php\/urun\/gurbetteki-tabut\/"},"modified":"2026-04-16T02:53:53","modified_gmt":"2026-04-15T23:53:53","slug":"gurbetteki-tabut","status":"publish","type":"product","link":"https:\/\/roveyayinevi.com.tr\/index.php\/urun\/gurbetteki-tabut\/","title":{"rendered":"Gurbetteki Tabut"},"content":{"rendered":"<p>Hesaps\u0131zd\u0131r A\u015eK, matemati\u011fi yoktur. Kime, nerede, ne zaman ve nas\u0131l \u00c2\u015f\u0131k olabilece\u011fimizi hi\u00e7 birimiz bilemeyiz. Bu y\u00fczden en \u00e7ok falc\u0131lara para harcar\u0131z. \u00c7\u00fcnk\u00fc bir\u00e7o\u011fumuz merak ederiz, Bizi seviyor mu? Hayat\u0131m\u0131zdaki ki\u015fi diye. \u0130nsan\u0131 en \u00e7ok mutlu eden olgudur A\u015eK. Kar\u015f\u0131m\u0131za \u00e7\u0131kt\u0131\u011f\u0131 i\u00e7in \u015f\u00fckrettiklerimizde olur Kahrettiklerimizde. Kimimize cenneti ya\u015fat\u0131rken A\u015eK kimimizi de cehennemin dibine boylat\u0131verir hem de hi\u00e7 ac\u0131madan\u2026 Ke\u015fke herkesin kar\u015f\u0131s\u0131na hak etti\u011fi karakterde ki\u015filer \u00e7\u0131ksa. \u0130yi iyiye, K\u00f6t\u00fc k\u00f6t\u00fcye yar olsa. \u00c7ok g\u00fczel ve adil olmaz m\u0131yd\u0131?<\/p>\n","protected":false},"excerpt":{"rendered":"<p>Hesaps\u0131zd\u0131r A\u015eK, matemati\u011fi yoktur. Kime, nerede, ne zaman ve nas\u0131l \u00c2\u015f\u0131k olabilece\u011fimizi hi\u00e7 birimiz bilemeyiz. Bu y\u00fczden en \u00e7ok falc\u0131lara para harcar\u0131z. \u00c7\u00fcnk\u00fc bir\u00e7o\u011fumuz merak ederiz,<span class=\"excerpt-hellip\"> [\u2026]<\/span><\/p>\n","protected":false},"featured_media":0,"template":"","meta":{"_monsterinsights_skip_tracking":false,"_monsterinsights_sitenote_active":false,"_monsterinsights_sitenote_note":"","_monsterinsights_sitenote_category":0},"product_brand":[],"product_cat":[12291,12711],"product_tag":[],"class_list":{"0":"post-742771","1":"product","2":"type-product","3":"status-publish","5":"product_cat-edebiyat","6":"product_cat-roman-oyku","7":"pa_cilt-ciltsiz","8":"pa_tur-kitap","9":"pa_yayinevi-platanus-publishing","10":"pa_yazar-nilgun-polat","12":"first","13":"instock","14":"sale","15":"shipping-taxable","16":"purchasable","17":"product-type-simple"},"_links":{"self":[{"href":"https:\/\/roveyayinevi.com.tr\/index.php\/wp-json\/wp\/v2\/product\/742771","targetHints":{"allow":["GET"]}}],"collection":[{"href":"https:\/\/roveyayinevi.com.tr\/index.php\/wp-json\/wp\/v2\/product"}],"about":[{"href":"https:\/\/roveyayinevi.com.tr\/index.php\/wp-json\/wp\/v2\/types\/product"}],"wp:attachment":[{"href":"https:\/\/roveyayinevi.com.tr\/index.php\/wp-json\/wp\/v2\/media?parent=742771"}],"wp:term":[{"taxonomy":"product_brand","embeddable":true,"href":"https:\/\/roveyayinevi.com.tr\/index.php\/wp-json\/wp\/v2\/product_brand?post=742771"},{"taxonomy":"product_cat","embeddable":true,"href":"https:\/\/roveyayinevi.com.tr\/index.php\/wp-json\/wp\/v2\/product_cat?post=742771"},{"taxonomy":"product_tag","embeddable":true,"href":"https:\/\/roveyayinevi.com.tr\/index.php\/wp-json\/wp\/v2\/product_tag?post=742771"}],"curies":[{"name":"wp","href":"https:\/\/api.w.org\/{rel}","templated":true}]}}