{"id":742770,"date":"2025-08-28T01:19:53","date_gmt":"2025-08-27T22:19:53","guid":{"rendered":"https:\/\/roveyayinevi.com.tr\/index.php\/urun\/savorjin\/"},"modified":"2026-04-16T02:53:53","modified_gmt":"2026-04-15T23:53:53","slug":"savorjin","status":"publish","type":"product","link":"https:\/\/roveyayinevi.com.tr\/index.php\/urun\/savorjin\/","title":{"rendered":"Savorjin"},"content":{"rendered":"<p>\u2018D\u00fcnyan\u0131n d\u00f6nd\u00fc\u011f\u00fc g\u00fcnden bu yana var olan varl\u0131klar, d\u00f6nmeye devam etik\u00e7e de var olacak olanlar, i\u00e7in m\u00fcdahale edemeyece\u011fimiz DO\u011eAL KANUNLAR var.   \u0130nsan\u0131n var oldu\u011fundan bu g\u00fcne var olan ve var olduk\u00e7a de\u011fi\u015ftiremeyece\u011fimiz TAR\u0130HSEL DO\u011eAL YASALAR var.   Ayr\u0131ca mevcut do\u011fan\u0131n i\u00e7inde ki nokta kadar yer alan bu d\u00fcnyada, ya\u015fayanlar\u0131n bizde \u00f6mr\u00fcm\u00fcz s\u00fcresince devir ald\u0131\u011f\u0131m\u0131z, sahip oldu\u011fumuz ve devir edece\u011fimiz bir ya\u015famsal ile \u00fcret imsel miras\u0131m\u0131z olacak.   Bu ya\u015fad\u0131\u011f\u0131m\u0131z s\u00fcrede de\u011fi\u015ftiremeyecek kanun ve kuralara uyumlu bir h\u00fcmanist, var olman\u0131n yan\u0131nda t\u00fcm g\u00fcc\u00fcm\u00fczle katk\u0131 sa\u011flayacak, katk\u0131 sa\u011flad\u0131k\u00e7a ya\u015fam\u0131n anlam\u0131n\u0131 kavrayacak, toplumsalla\u015facak, geli\u015fmenin h\u0131z\u0131na uyacak, ivmeyi art\u0131racak, belki de zenginlik katacak, mutlulu\u011fun kazanc\u0131yla anlaml\u0131 bir \u00d6M\u00dcR(C\u0130N) olaca\u011f\u0131z.   Y\u00e2da hi\u00e7 kimsenin fark\u0131na varmad\u0131\u011f\u0131, bizimde fark edemedi\u011fimiz, bir varolu\u015fun, hi\u00e7li\u011finde esemesi okunmayan, bir nesnenin l\u00fczumsuzlu\u011fu ile yok olaca\u011f\u0131z\u2019.   \u2018D\u00fcnyan\u0131n d\u00f6nd\u00fc\u011f\u00fc g\u00fcnden bu yana var olan varl\u0131klar, d\u00f6nmeye devam etik\u00e7e de var olacak olanlar, i\u00e7in m\u00fcdahale edemeyece\u011fimiz DO\u011eAL KANUNLAR var.   \u0130nsan\u0131n var oldu\u011fundan bu g\u00fcne var olan ve var olduk\u00e7a de\u011fi\u015ftiremeyece\u011fimiz TAR\u0130HSEL DO\u011eAL YASALAR var.?<\/p>\n","protected":false},"excerpt":{"rendered":"<p>\u2018D\u00fcnyan\u0131n d\u00f6nd\u00fc\u011f\u00fc g\u00fcnden bu yana var olan varl\u0131klar, d\u00f6nmeye devam etik\u00e7e de var olacak olanlar, i\u00e7in m\u00fcdahale edemeyece\u011fimiz DO\u011eAL KANUNLAR var. \u0130nsan\u0131n var oldu\u011fundan bu g\u00fcne<span class=\"excerpt-hellip\"> [\u2026]<\/span><\/p>\n","protected":false},"featured_media":0,"template":"","meta":{"_monsterinsights_skip_tracking":false,"_monsterinsights_sitenote_active":false,"_monsterinsights_sitenote_note":"","_monsterinsights_sitenote_category":0},"product_brand":[],"product_cat":[12777,12291],"product_tag":[],"class_list":{"0":"post-742770","1":"product","2":"type-product","3":"status-publish","5":"product_cat-deneme","6":"product_cat-edebiyat","7":"pa_cilt-ciltsiz","8":"pa_tur-kitap","9":"pa_yayinevi-platanus-publishing","10":"pa_yazar-semir-bolat","12":"first","13":"instock","14":"sale","15":"shipping-taxable","16":"purchasable","17":"product-type-simple"},"_links":{"self":[{"href":"https:\/\/roveyayinevi.com.tr\/index.php\/wp-json\/wp\/v2\/product\/742770","targetHints":{"allow":["GET"]}}],"collection":[{"href":"https:\/\/roveyayinevi.com.tr\/index.php\/wp-json\/wp\/v2\/product"}],"about":[{"href":"https:\/\/roveyayinevi.com.tr\/index.php\/wp-json\/wp\/v2\/types\/product"}],"wp:attachment":[{"href":"https:\/\/roveyayinevi.com.tr\/index.php\/wp-json\/wp\/v2\/media?parent=742770"}],"wp:term":[{"taxonomy":"product_brand","embeddable":true,"href":"https:\/\/roveyayinevi.com.tr\/index.php\/wp-json\/wp\/v2\/product_brand?post=742770"},{"taxonomy":"product_cat","embeddable":true,"href":"https:\/\/roveyayinevi.com.tr\/index.php\/wp-json\/wp\/v2\/product_cat?post=742770"},{"taxonomy":"product_tag","embeddable":true,"href":"https:\/\/roveyayinevi.com.tr\/index.php\/wp-json\/wp\/v2\/product_tag?post=742770"}],"curies":[{"name":"wp","href":"https:\/\/api.w.org\/{rel}","templated":true}]}}