{"id":742767,"date":"2025-08-28T01:19:49","date_gmt":"2025-08-27T22:19:49","guid":{"rendered":"https:\/\/roveyayinevi.com.tr\/index.php\/urun\/ogretmenler-ogrenciler-ve-veliler-icin-empatik-yazilar\/"},"modified":"2026-04-15T03:04:42","modified_gmt":"2026-04-15T00:04:42","slug":"ogretmenler-ogrenciler-ve-veliler-icin-empatik-yazilar","status":"publish","type":"product","link":"https:\/\/roveyayinevi.com.tr\/index.php\/urun\/ogretmenler-ogrenciler-ve-veliler-icin-empatik-yazilar\/","title":{"rendered":"\u00d6\u011fretmenler, \u00d6\u011frenciler ve Veliler \u0130\u00e7in Empatik Yaz\u0131lar"},"content":{"rendered":"<p>Okudu\u011funuz bu kitap sosyolojik ve pedagojik bir ara\u015ft\u0131rma-inceleme \u00e7al\u0131\u015fmas\u0131d\u0131r. Gazete, dergi ve internet sitelerinde farkl\u0131 d\u00f6nemlerde yaz\u0131lan yaz\u0131lar\u0131n bir derlemesidir. Yaz\u0131lar empatik bir bak\u0131\u015f a\u00e7\u0131s\u0131yla yaz\u0131lan g\u00fcncel konulard\u0131r. Daha \u00e7ok \u00e7ocuklar\u0131n ya\u015fad\u0131\u011f\u0131 toplumsal ve pedagojik sorunlar\u0131 i\u00e7ermektedir. Bu \u00e7al\u0131\u015fmada detaylara bo\u011fulma yoktur. Anlat\u0131lmak istenen k\u0131sa ve \u00f6z ifadelerle anlat\u0131lm\u0131\u015ft\u0131r. Daha detayl\u0131 ara\u015ft\u0131rma yapmak isteyenlere bir yol haritas\u0131 niteli\u011findedir. <\/p>\n","protected":false},"excerpt":{"rendered":"<p>Okudu\u011funuz bu kitap sosyolojik ve pedagojik bir ara\u015ft\u0131rma-inceleme \u00e7al\u0131\u015fmas\u0131d\u0131r. Gazete, dergi ve internet sitelerinde farkl\u0131 d\u00f6nemlerde yaz\u0131lan yaz\u0131lar\u0131n bir derlemesidir. Yaz\u0131lar empatik bir bak\u0131\u015f a\u00e7\u0131s\u0131yla yaz\u0131lan<span class=\"excerpt-hellip\"> [\u2026]<\/span><\/p>\n","protected":false},"featured_media":0,"template":"","meta":{"_monsterinsights_skip_tracking":false,"_monsterinsights_sitenote_active":false,"_monsterinsights_sitenote_note":"","_monsterinsights_sitenote_category":0},"product_brand":[],"product_cat":[12364,12376],"product_tag":[],"class_list":{"0":"post-742767","1":"product","2":"type-product","3":"status-publish","5":"product_cat-genel-konular","6":"product_cat-kisisel-gelisim","7":"pa_cilt-ciltsiz","8":"pa_tur-kitap","9":"pa_yayinevi-sinirsiz-kitap","10":"pa_yazar-arslan-ozdemir","12":"first","13":"instock","14":"sale","15":"shipping-taxable","16":"purchasable","17":"product-type-simple"},"_links":{"self":[{"href":"https:\/\/roveyayinevi.com.tr\/index.php\/wp-json\/wp\/v2\/product\/742767","targetHints":{"allow":["GET"]}}],"collection":[{"href":"https:\/\/roveyayinevi.com.tr\/index.php\/wp-json\/wp\/v2\/product"}],"about":[{"href":"https:\/\/roveyayinevi.com.tr\/index.php\/wp-json\/wp\/v2\/types\/product"}],"wp:attachment":[{"href":"https:\/\/roveyayinevi.com.tr\/index.php\/wp-json\/wp\/v2\/media?parent=742767"}],"wp:term":[{"taxonomy":"product_brand","embeddable":true,"href":"https:\/\/roveyayinevi.com.tr\/index.php\/wp-json\/wp\/v2\/product_brand?post=742767"},{"taxonomy":"product_cat","embeddable":true,"href":"https:\/\/roveyayinevi.com.tr\/index.php\/wp-json\/wp\/v2\/product_cat?post=742767"},{"taxonomy":"product_tag","embeddable":true,"href":"https:\/\/roveyayinevi.com.tr\/index.php\/wp-json\/wp\/v2\/product_tag?post=742767"}],"curies":[{"name":"wp","href":"https:\/\/api.w.org\/{rel}","templated":true}]}}