{"id":742764,"date":"2025-08-28T01:19:44","date_gmt":"2025-08-27T22:19:44","guid":{"rendered":"https:\/\/roveyayinevi.com.tr\/index.php\/urun\/ozlenen-sehirler\/"},"modified":"2026-04-16T02:53:53","modified_gmt":"2026-04-15T23:53:53","slug":"ozlenen-sehirler","status":"publish","type":"product","link":"https:\/\/roveyayinevi.com.tr\/index.php\/urun\/ozlenen-sehirler\/","title":{"rendered":"\u00d6zlenen \u015eehirler"},"content":{"rendered":"<p>\u00d6zlenen \u015eehirler\u2019de, bir k\u00fclt\u00fcr tarih\u00e7isi olarak yazar, tarih\u00ee ve k\u00fclt\u00fcrel derinli\u011fi olan, medeniyetimizin \u015fifrelerini ta\u015f\u0131yan kadim \u015fehirlerin kendisinde b\u0131rakt\u0131\u011f\u0131 izleri kaleme al\u0131yor. Bunu yaparken de g\u00fcndemine ald\u0131\u011f\u0131 \u015fehirler medeniyetimizin in\u015fa etti\u011fi en \u00f6nemli \u00f6rnekler.   Bizi de, zaman\u0131n, \u015fehirler ve hayat \u00fczerinde nas\u0131l izler b\u0131rakt\u0131\u011f\u0131na \u015fahit k\u0131lan \u00d6zlenen \u015eehirler, modern d\u00fcnyada, dar s\u0131n\u0131rlar i\u00e7inde ko\u015fturup duran insan\u0131 biraz mola verip bu \u00f6zellikleri fark etmeye davet ediyor. <\/p>\n","protected":false},"excerpt":{"rendered":"<p>\u00d6zlenen \u015eehirler\u2019de, bir k\u00fclt\u00fcr tarih\u00e7isi olarak yazar, tarih\u00ee ve k\u00fclt\u00fcrel derinli\u011fi olan, medeniyetimizin \u015fifrelerini ta\u015f\u0131yan kadim \u015fehirlerin kendisinde b\u0131rakt\u0131\u011f\u0131 izleri kaleme al\u0131yor. Bunu yaparken de g\u00fcndemine<span class=\"excerpt-hellip\"> [\u2026]<\/span><\/p>\n","protected":false},"featured_media":0,"template":"","meta":{"_monsterinsights_skip_tracking":false,"_monsterinsights_sitenote_active":false,"_monsterinsights_sitenote_note":"","_monsterinsights_sitenote_category":0},"product_brand":[],"product_cat":[12777,12291],"product_tag":[],"class_list":{"0":"post-742764","1":"product","2":"type-product","3":"status-publish","5":"product_cat-deneme","6":"product_cat-edebiyat","7":"pa_cilt-ciltsiz","8":"pa_tur-kitap","9":"pa_yayinevi-muhit-kitap","10":"pa_yazar-mustafa-isen","12":"first","13":"instock","14":"sale","15":"shipping-taxable","16":"purchasable","17":"product-type-simple"},"_links":{"self":[{"href":"https:\/\/roveyayinevi.com.tr\/index.php\/wp-json\/wp\/v2\/product\/742764","targetHints":{"allow":["GET"]}}],"collection":[{"href":"https:\/\/roveyayinevi.com.tr\/index.php\/wp-json\/wp\/v2\/product"}],"about":[{"href":"https:\/\/roveyayinevi.com.tr\/index.php\/wp-json\/wp\/v2\/types\/product"}],"wp:attachment":[{"href":"https:\/\/roveyayinevi.com.tr\/index.php\/wp-json\/wp\/v2\/media?parent=742764"}],"wp:term":[{"taxonomy":"product_brand","embeddable":true,"href":"https:\/\/roveyayinevi.com.tr\/index.php\/wp-json\/wp\/v2\/product_brand?post=742764"},{"taxonomy":"product_cat","embeddable":true,"href":"https:\/\/roveyayinevi.com.tr\/index.php\/wp-json\/wp\/v2\/product_cat?post=742764"},{"taxonomy":"product_tag","embeddable":true,"href":"https:\/\/roveyayinevi.com.tr\/index.php\/wp-json\/wp\/v2\/product_tag?post=742764"}],"curies":[{"name":"wp","href":"https:\/\/api.w.org\/{rel}","templated":true}]}}