{"id":742762,"date":"2025-08-28T01:19:41","date_gmt":"2025-08-27T22:19:41","guid":{"rendered":"https:\/\/roveyayinevi.com.tr\/index.php\/urun\/turkiyenin-gocmen-kuslari\/"},"modified":"2026-04-16T02:53:53","modified_gmt":"2026-04-15T23:53:53","slug":"turkiyenin-gocmen-kuslari","status":"publish","type":"product","link":"https:\/\/roveyayinevi.com.tr\/index.php\/urun\/turkiyenin-gocmen-kuslari\/","title":{"rendered":"T\u00fcrkiye\u2019nin G\u00f6\u00e7men Ku\u015flar\u0131"},"content":{"rendered":"<p>Alper T\u00fcyde\u015f, yaban hayat\u0131 foto\u011fraflayan bir do\u011fasever. Bu kitapta objektifini ku\u015flara \u00e7eviren sanat\u00e7\u0131, g\u00f6\u00e7 yolculuklar\u0131 boyunca \u00fclkemize u\u011frayan baz\u0131 ku\u015flar\u0131 tan\u0131t\u0131yor bizlere. \u0130\u015fte, T\u00fcrkiye\u2019nin g\u00f6\u00e7men ku\u015flar\u0131ndan birka\u00e7\u0131: Tepeli Guguk, Kocag\u00f6z, Dikkuyruk, Korsan Mart\u0131\u2026 Ya\u015famak i\u00e7in ba\u015fvurduklar\u0131 y\u00f6ntemlerse isimleri kadar \u015fa\u015f\u0131rt\u0131c\u0131! \u00dcstelik bu ku\u015flar, \u00e7ok yak\u0131n\u0131m\u0131zda olabilirler: Balkonumuzda kuytu bir k\u00f6\u015fede, bacam\u0131zda, evimize en yak\u0131n parkta ya da bir sahilde duyabiliriz seslerini. Bir fotokitap olarak haz\u0131rlanan T\u00fcrkiye\u2019nin G\u00f6\u00e7men Ku\u015flar\u0131\u2019nda, foto\u011fraflar\u0131n yan\u0131 s\u0131ra sanat\u00e7\u0131n\u0131n derledi\u011fi bilgilerle e\u011flenceli bir oyun da merakl\u0131 okurlar\u0131n\u0131 bekliyor. <\/p>\n","protected":false},"excerpt":{"rendered":"<p>Alper T\u00fcyde\u015f, yaban hayat\u0131 foto\u011fraflayan bir do\u011fasever. Bu kitapta objektifini ku\u015flara \u00e7eviren sanat\u00e7\u0131, g\u00f6\u00e7 yolculuklar\u0131 boyunca \u00fclkemize u\u011frayan baz\u0131 ku\u015flar\u0131 tan\u0131t\u0131yor bizlere. \u0130\u015fte, T\u00fcrkiye\u2019nin g\u00f6\u00e7men ku\u015flar\u0131ndan<span class=\"excerpt-hellip\"> [\u2026]<\/span><\/p>\n","protected":false},"featured_media":0,"template":"","meta":{"_monsterinsights_skip_tracking":false,"_monsterinsights_sitenote_active":false,"_monsterinsights_sitenote_note":"","_monsterinsights_sitenote_category":0},"product_brand":[],"product_cat":[12275,12274],"product_tag":[],"class_list":{"0":"post-742762","1":"product","2":"type-product","3":"status-publish","5":"product_cat-6-12-yas-kitaplari","6":"product_cat-cocuk-ve-genclik-kitaplari","7":"pa_cilt-ciltsiz","8":"pa_tur-kitap","9":"pa_yayinevi-vakifbank-kultur-yayinlari","10":"pa_yazar-alper-tuydes","12":"first","13":"instock","14":"sale","15":"shipping-taxable","16":"purchasable","17":"product-type-simple"},"_links":{"self":[{"href":"https:\/\/roveyayinevi.com.tr\/index.php\/wp-json\/wp\/v2\/product\/742762","targetHints":{"allow":["GET"]}}],"collection":[{"href":"https:\/\/roveyayinevi.com.tr\/index.php\/wp-json\/wp\/v2\/product"}],"about":[{"href":"https:\/\/roveyayinevi.com.tr\/index.php\/wp-json\/wp\/v2\/types\/product"}],"wp:attachment":[{"href":"https:\/\/roveyayinevi.com.tr\/index.php\/wp-json\/wp\/v2\/media?parent=742762"}],"wp:term":[{"taxonomy":"product_brand","embeddable":true,"href":"https:\/\/roveyayinevi.com.tr\/index.php\/wp-json\/wp\/v2\/product_brand?post=742762"},{"taxonomy":"product_cat","embeddable":true,"href":"https:\/\/roveyayinevi.com.tr\/index.php\/wp-json\/wp\/v2\/product_cat?post=742762"},{"taxonomy":"product_tag","embeddable":true,"href":"https:\/\/roveyayinevi.com.tr\/index.php\/wp-json\/wp\/v2\/product_tag?post=742762"}],"curies":[{"name":"wp","href":"https:\/\/api.w.org\/{rel}","templated":true}]}}