{"id":742760,"date":"2025-08-28T01:19:39","date_gmt":"2025-08-27T22:19:39","guid":{"rendered":"https:\/\/roveyayinevi.com.tr\/index.php\/urun\/kuran-i-kerimin-ilk-tasavvufi-tefsiri-tusteri-tefsiri\/"},"modified":"2026-04-16T02:53:53","modified_gmt":"2026-04-15T23:53:53","slug":"kuran-i-kerimin-ilk-tasavvufi-tefsiri-tusteri-tefsiri","status":"publish","type":"product","link":"https:\/\/roveyayinevi.com.tr\/index.php\/urun\/kuran-i-kerimin-ilk-tasavvufi-tefsiri-tusteri-tefsiri\/","title":{"rendered":"Kur\u2019an-\u0131 Kerim\u2019in \u0130lk Tasavvufi Tefsiri: T\u00fcsteri Tefsiri"},"content":{"rendered":"<p>Sehl T\u00fcster\u00ee (\u00f6. 283\/896) tasavvufi d\u00fc\u015f\u00fcncenin kurucu isimlerindendir. T\u00fcster\u00ee Tefsiri ise -baz\u0131 ara\u015ft\u0131rmac\u0131lar\u0131n tespitine g\u00f6re- g\u00fcn\u00fcm\u00fcze ula\u015fm\u0131\u015f en eski tasavvufi tefsirdir. Bu tefsir, Kur\u2019an\u2019\u0131n b\u00fct\u00fcn surelerinden se\u00e7ilmi\u015f yakla\u015f\u0131k bin kadar ayetin yorumunu i\u00e7eren muhtasar bir eserdir ve T\u00fcster\u00ee\u2019nin Kur\u2019an ayetlerine dair yorumlar\u0131n\u0131n derlemesi niteli\u011findedir. Bu \u00f6nemli eserin, sadece giri\u015f b\u00f6l\u00fcm\u00fcyle Fatiha suresini i\u00e7eren k\u0131smi bir \u00e7evirisi d\u0131\u015f\u0131nda, T\u00fcrk\u00e7e terc\u00fcmesine rastlanamam\u0131\u015ft\u0131r. Elinizdeki bu \u00e7al\u0131\u015fmayla bu eksikli\u011fin tamamlanmas\u0131 ama\u00e7lanmaktad\u0131r. Bu \u00e7eviri, T\u00fcster\u00ee Tefsiri\u2019nin -aralar\u0131nda yer yer farkl\u0131l\u0131klara rastlanan- \u00fc\u00e7 yazma n\u00fcshas\u0131 ve \u00fc\u00e7 bask\u0131s\u0131 mukayese edilerek haz\u0131rlanm\u0131\u015ft\u0131r. \u00c7al\u0131\u015fman\u0131n ba\u015f\u0131na T\u00fcster\u00ee ve tefsiri ile ilgili bir giri\u015f k\u0131sm\u0131 eklenmi\u015f, \u00e7evirinin gerekli g\u00f6r\u00fclen yerlerine dipnotlar d\u00fc\u015f\u00fclerek a\u00e7\u0131klamalarda bulunulmu\u015f ve tefsirde ge\u00e7en t\u00fcm rivayetlerin hadis kaynaklar\u0131ndaki yerleri dipnotlarda belirtilmi\u015ftir. Bu \u00e7evirinin hem Kur\u2019an-\u0131 Kerim\u2019in daha iyi anla\u015f\u0131lmas\u0131 hem de T\u00fcster\u00ee ve tefsirinin tan\u0131nmas\u0131 a\u00e7\u0131s\u0131ndan faydal\u0131 olaca\u011f\u0131 \u00fcmit edilmektedir. <\/p>\n","protected":false},"excerpt":{"rendered":"<p>Sehl T\u00fcster\u00ee (\u00f6. 283\/896) tasavvufi d\u00fc\u015f\u00fcncenin kurucu isimlerindendir. T\u00fcster\u00ee Tefsiri ise -baz\u0131 ara\u015ft\u0131rmac\u0131lar\u0131n tespitine g\u00f6re- g\u00fcn\u00fcm\u00fcze ula\u015fm\u0131\u015f en eski tasavvufi tefsirdir. Bu tefsir, Kur\u2019an\u2019\u0131n b\u00fct\u00fcn surelerinden<span class=\"excerpt-hellip\"> [\u2026]<\/span><\/p>\n","protected":false},"featured_media":0,"template":"","meta":{"_monsterinsights_skip_tracking":false,"_monsterinsights_sitenote_active":false,"_monsterinsights_sitenote_note":"","_monsterinsights_sitenote_category":0},"product_brand":[],"product_cat":[12718,12719],"product_tag":[],"class_list":{"0":"post-742760","1":"product","2":"type-product","3":"status-publish","5":"product_cat-din","6":"product_cat-islam","7":"pa_cilt-ciltli","8":"pa_tur-kitap","9":"pa_yayinevi-nefes-yayincilik","10":"pa_yazar-sehl-b-abdullah-tusteri","12":"first","13":"instock","14":"sale","15":"shipping-taxable","16":"purchasable","17":"product-type-simple"},"_links":{"self":[{"href":"https:\/\/roveyayinevi.com.tr\/index.php\/wp-json\/wp\/v2\/product\/742760","targetHints":{"allow":["GET"]}}],"collection":[{"href":"https:\/\/roveyayinevi.com.tr\/index.php\/wp-json\/wp\/v2\/product"}],"about":[{"href":"https:\/\/roveyayinevi.com.tr\/index.php\/wp-json\/wp\/v2\/types\/product"}],"wp:attachment":[{"href":"https:\/\/roveyayinevi.com.tr\/index.php\/wp-json\/wp\/v2\/media?parent=742760"}],"wp:term":[{"taxonomy":"product_brand","embeddable":true,"href":"https:\/\/roveyayinevi.com.tr\/index.php\/wp-json\/wp\/v2\/product_brand?post=742760"},{"taxonomy":"product_cat","embeddable":true,"href":"https:\/\/roveyayinevi.com.tr\/index.php\/wp-json\/wp\/v2\/product_cat?post=742760"},{"taxonomy":"product_tag","embeddable":true,"href":"https:\/\/roveyayinevi.com.tr\/index.php\/wp-json\/wp\/v2\/product_tag?post=742760"}],"curies":[{"name":"wp","href":"https:\/\/api.w.org\/{rel}","templated":true}]}}