{"id":742758,"date":"2025-08-28T01:19:36","date_gmt":"2025-08-27T22:19:36","guid":{"rendered":"https:\/\/roveyayinevi.com.tr\/index.php\/urun\/muhtesem-maurice-ve-degismis-fareleri\/"},"modified":"2026-04-16T02:53:53","modified_gmt":"2026-04-15T23:53:53","slug":"muhtesem-maurice-ve-degismis-fareleri","status":"publish","type":"product","link":"https:\/\/roveyayinevi.com.tr\/index.php\/urun\/muhtesem-maurice-ve-degismis-fareleri\/","title":{"rendered":"Muhte\u015fem Maurice ve De\u011fi\u015fmi\u015f Fareleri"},"content":{"rendered":"<p>Fareli k\u00f6y\u00fcn d\u00fczenbazlar\u0131 i\u015f ba\u015f\u0131nda!Hayal\u00ee evrenlerin azametli mucidi S\u00f6r Terry Pratchett\u2019\u0131n benzersiz yarat\u0131m\u0131 \u201cDiskd\u00fcnya\u201dn\u0131n yirmi sekizinci halkas\u0131 olan Muhte\u015fem Maurice ve De\u011fi\u015fmi\u015f Fareleri; efsanevi Fareli K\u00f6y\u00fcn Kavalc\u0131s\u0131 masal\u0131n\u0131 parodile\u015ftiren, Carnegie Madalyal\u0131 bir ba\u015fyap\u0131t. Sadece Diskd\u00fcnya hayranlar\u0131n\u0131n de\u011fil, gen\u00e7 okurlar\u0131n da severek hatmedece\u011fi bir kurgu \u00fcst\u00fcne temellenen bu \u00e7a\u011fda\u015f fabl; d\u00fcnya \u00e7ap\u0131nda 100 milyondan fazla satan k\u00fclliyat\u0131n, alt serilerden ba\u011f\u0131ms\u0131z okunabilen tek kitab\u0131. \u0130nsanlara mahsus d\u00fc\u015f\u00fcnsel yetileri farelere atfederek toplumsal normlar\u0131 sorgulayan bir metne imza atan yazar, ya\u015fam ve varolu\u015f gibi felsefi konular\u0131 da parmak \u0131s\u0131rtan bir \u00fcslupla hicvediyor. \u201c\u0130nsanlar\u0131 en iyi kediler bilir.\u201d  Fareli k\u00f6y\u00fcn d\u00fczenbazlar\u0131 i\u015f ba\u015f\u0131nda!Hayal\u00ee evrenlerin azametli mucidi S\u00f6r Terry Pratchett\u2019\u0131n benzersiz yarat\u0131m\u0131 \u201cDiskd\u00fcnya\u201dn\u0131n yirmi sekizinci halkas\u0131 olan Muhte\u015fem Maurice ve De\u011fi\u015fmi\u015f Fareleri; efsanevi Fareli K\u00f6y\u00fcn Kavalc\u0131s\u0131 masal\u0131n\u0131 parodile\u015ftiren, Carnegie Madalyal\u0131 bir ba\u015fyap\u0131t. Sadece Diskd\u00fcnya hayranlar\u0131n\u0131n de\u011fil, gen\u00e7 okurlar\u0131n da severek hatmedece\u011fi bir kurgu \u00fcst\u00fcne temellenen bu \u00e7a\u011fda\u015f fabl; d\u00fcnya \u00e7ap\u0131nda 100 milyondan fazla satan k\u00fclliyat\u0131n, alt serilerden ba\u011f\u0131ms\u0131z okunabilen tek kitab\u0131. \u0130nsanlara mahsus d\u00fc\u015f\u00fcnsel yetileri farelere atfederek toplumsal normlar\u0131 sorgulayan bir metne imza atan yazar, ya\u015fam ve varolu\u015f gibi felsefi konular\u0131 da parmak \u0131s\u0131rtan bir \u00fcslupla hicvediyor. \u201c\u0130nsanlar\u0131 en iyi kediler bilir.\u201d Zek\u00e2s\u0131yla ve kurnazl\u0131\u011f\u0131yla dikkat \u00e7eken Maurice, konu\u015fabilen bir kedidir. Bu s\u0131rad\u0131\u015f\u0131 becerisini, G\u00f6r\u00fcnmez \u00dcniversite civar\u0131ndaki sihirli at\u0131klarla beslendikleri i\u00e7in \u201cde\u011fi\u015fmi\u015f\u201d olan farelerden birini yiyerek edinmi\u015ftir. Evet, \u201cde\u011fi\u015fmi\u015f\u201d fareler! Yani bildi\u011finiz ve hatta g\u00f6r\u00fcnce \u00e7\u0131\u011fl\u0131\u011f\u0131 bast\u0131\u011f\u0131n\u0131z farelerden de\u011fil. Ger\u00e7i g\u00f6r\u00fcn\u00fcmleri ayn\u0131 olsa da bu de\u011fi\u015fmi\u015f farelerin \u00e7ok \u00fcst\u00fcn meziyetleri vard\u0131r: Konu\u015fmay\u0131, okumay\u0131, yazmay\u0131 ve d\u00fc\u015f\u00fcnmeyi bildikleri gibi bir de devaml\u0131 kendilerini geli\u015ftirirler. Di\u011fer kedilerle vakit ge\u00e7irmekten art\u0131k keyif almayan Maurice de zamanla teselliyi bu farelerle yak\u0131nla\u015fmakta bulur. Tabii dolayl\u0131 olarak zek\u00e2s\u0131 onu hemen d\u00fczenbazl\u0131\u011fa iter. Akl\u0131ndaki plan \u00e7ok basittir: k\u00f6y k\u00f6y gezip d\u00fczmece fare istilalar\u0131 planlamak. Yanlar\u0131na bir de kavalc\u0131 \u00e7ocuk katt\u0131lar m\u0131, gelsin paralar! Peki ama, bu i\u015fin bir s\u00fcre sonra farelerin ahlak anlay\u0131\u015f\u0131yla z\u0131tla\u015faca\u011f\u0131n\u0131 s\u00f6ylesek? Ger\u00e7i, yemek i\u00e7in h\u0131rs\u0131zl\u0131k yapan farelerin ahlak anlay\u0131\u015f\u0131 da bir ba\u015fka tart\u0131\u015fma konusu\u2026 O h\u00e2lde istikamet dosdo\u011fru D\u00fcr\u00fcm Hamam\u0131 K\u00f6y\u00fc! 2022 sonunda animasyon film olarak da kar\u015f\u0131m\u0131za \u00e7\u0131kacak Muhte\u015fem Maurice ve De\u011fi\u015fmi\u015f Fareleri, hayvanlar\u0131n \u201cinsanla\u015fma\u201d \u00e7abas\u0131n\u0131 pek de al\u0131\u015f\u0131k olmad\u0131\u011f\u0131m\u0131z bir kurguyla, kat\u0131ks\u0131z mizah ve kahkahalar e\u015fli\u011finde veriyor. Niran El\u00e7i\u2019nin p\u00fcr\u00fczs\u00fcz T\u00fcrk\u00e7e\u2019siyle, Diskd\u00fcnya okurlar\u0131 i\u00e7in Delidolu taraf\u0131ndan yeniden g\u00f6zden ge\u00e7irilerek yay\u0131mlanan roman, David Wyatt\u2019\u0131n karikat\u00fcr tarz\u0131ndaki desenleriyle \u015fenleniyor.<\/p>\n","protected":false},"excerpt":{"rendered":"<p>Fareli k\u00f6y\u00fcn d\u00fczenbazlar\u0131 i\u015f ba\u015f\u0131nda!Hayal\u00ee evrenlerin azametli mucidi S\u00f6r Terry Pratchett\u2019\u0131n benzersiz yarat\u0131m\u0131 \u201cDiskd\u00fcnya\u201dn\u0131n yirmi sekizinci halkas\u0131 olan Muhte\u015fem Maurice ve De\u011fi\u015fmi\u015f Fareleri; efsanevi Fareli K\u00f6y\u00fcn<span class=\"excerpt-hellip\"> [\u2026]<\/span><\/p>\n","protected":false},"featured_media":0,"template":"","meta":{"_monsterinsights_skip_tracking":false,"_monsterinsights_sitenote_active":false,"_monsterinsights_sitenote_note":"","_monsterinsights_sitenote_category":0},"product_brand":[],"product_cat":[12291,12711],"product_tag":[],"class_list":{"0":"post-742758","1":"product","2":"type-product","3":"status-publish","5":"product_cat-edebiyat","6":"product_cat-roman-oyku","7":"pa_cilt-ciltsiz","8":"pa_tur-kitap","9":"pa_yayinevi-delidolu","10":"pa_yazar-terry-pratchett","12":"first","13":"instock","14":"sale","15":"shipping-taxable","16":"purchasable","17":"product-type-simple"},"_links":{"self":[{"href":"https:\/\/roveyayinevi.com.tr\/index.php\/wp-json\/wp\/v2\/product\/742758","targetHints":{"allow":["GET"]}}],"collection":[{"href":"https:\/\/roveyayinevi.com.tr\/index.php\/wp-json\/wp\/v2\/product"}],"about":[{"href":"https:\/\/roveyayinevi.com.tr\/index.php\/wp-json\/wp\/v2\/types\/product"}],"wp:attachment":[{"href":"https:\/\/roveyayinevi.com.tr\/index.php\/wp-json\/wp\/v2\/media?parent=742758"}],"wp:term":[{"taxonomy":"product_brand","embeddable":true,"href":"https:\/\/roveyayinevi.com.tr\/index.php\/wp-json\/wp\/v2\/product_brand?post=742758"},{"taxonomy":"product_cat","embeddable":true,"href":"https:\/\/roveyayinevi.com.tr\/index.php\/wp-json\/wp\/v2\/product_cat?post=742758"},{"taxonomy":"product_tag","embeddable":true,"href":"https:\/\/roveyayinevi.com.tr\/index.php\/wp-json\/wp\/v2\/product_tag?post=742758"}],"curies":[{"name":"wp","href":"https:\/\/api.w.org\/{rel}","templated":true}]}}