{"id":742757,"date":"2025-08-28T01:19:34","date_gmt":"2025-08-27T22:19:34","guid":{"rendered":"https:\/\/roveyayinevi.com.tr\/index.php\/urun\/kirmizi-zaman\/"},"modified":"2026-04-16T02:53:53","modified_gmt":"2026-04-15T23:53:53","slug":"kirmizi-zaman","status":"publish","type":"product","link":"https:\/\/roveyayinevi.com.tr\/index.php\/urun\/kirmizi-zaman\/","title":{"rendered":"K\u0131rm\u0131z\u0131 Zaman"},"content":{"rendered":"<p>Bu romandaki \u0130stanbul, efsaneler, insanlar, bal\u0131klar, kay\u0131klar, iskeleler, saraylar, dehlizler, kesik ba\u015flar, mezarlar, hastaneler, morglar, denizk\u0131zlar\u0131, cinayetler, katiller, cellatlar, deliler, yani her \u015fey uydurmad\u0131r.    Efsanelerin yalan\u0131 abart\u0131lm\u0131\u015f, insanlar\u0131n hayat\u0131na olmad\u0131k benekler at\u0131lm\u0131\u015f, \u015fehir ba\u015ftan yarat\u0131lm\u0131\u015ft\u0131r. Yok e\u011fer, \u201cBunlar\u0131n hepsi ger\u00e7ek, Hali\u00e7\u2019te k\u0131rm\u0131z\u0131 bir kay\u0131k durur ve i\u00e7inde Zaman Day\u0131 ya\u015far, eski mezarlarda kesik cellat kafalar\u0131 yatar, k\u00fc\u00e7\u00fck k\u0131zlar mezar ta\u015flar\u0131na d\u00fcnyan\u0131n en g\u00fczel \u015fiirlerini yazar, gen\u00e7 bir adam parampar\u00e7a bir baba arar, her \u015feyi g\u00f6ren bir kambur hep susar ve \u0130stanbul\u2019un alt\u0131nda s\u0131r dolu dehlizler var,\u201d diyen biri \u00e7\u0131kar da beni yalanlarsa, ne mutlu bana.   K\u0131rm\u0131z\u0131 Zaman renkler ve isimlerle, s\u00f6zc\u00fck ve s\u00f6zl\u00fcklerle, s\u00f6ylence ve ger\u00e7eklerle, efsane ve inan\u0131\u015flarla \u00f6r\u00fcl\u00fc, kadim zamanlarla g\u00fcn\u00fcm\u00fczden hik\u00e2yeleri \u0130stanbul\u2019da kesi\u015ftiren bir roman. Yahut ger\u00e7e\u011fin karanl\u0131k g\u00f6lgesinin vurdu\u011fu bir masal\u2026 Sergiledi\u011fi s\u0131n\u0131rs\u0131z d\u00fc\u015f g\u00fcc\u00fcne kar\u015f\u0131n kat\u0131 ger\u00e7eklere de yer vermesiyle yay\u0131mlanal\u0131 beri g\u00fcncelli\u011fini ve \u00f6zg\u00fcnl\u00fc\u011f\u00fcn\u00fc koruyor. #efsane #s\u00f6ylence #masal #istanbul #\u00f6l\u00fcm #r\u00fcya #\u015fiddet #tanr\u0131 #kader #deniz #zaman #yaz #s\u0131k\u0131nt\u0131 #h\u00fcsran #hayalk\u0131r\u0131kl\u0131\u011f\u0131 #yaln\u0131zl\u0131k #i\u00e7d\u00fcnya #umutsuzluk<\/p>\n","protected":false},"excerpt":{"rendered":"<p>Bu romandaki \u0130stanbul, efsaneler, insanlar, bal\u0131klar, kay\u0131klar, iskeleler, saraylar, dehlizler, kesik ba\u015flar, mezarlar, hastaneler, morglar, denizk\u0131zlar\u0131, cinayetler, katiller, cellatlar, deliler, yani her \u015fey uydurmad\u0131r. Efsanelerin yalan\u0131<span class=\"excerpt-hellip\"> [\u2026]<\/span><\/p>\n","protected":false},"featured_media":0,"template":"","meta":{"_monsterinsights_skip_tracking":false,"_monsterinsights_sitenote_active":false,"_monsterinsights_sitenote_note":"","_monsterinsights_sitenote_category":0},"product_brand":[],"product_cat":[12291,12711],"product_tag":[],"class_list":{"0":"post-742757","1":"product","2":"type-product","3":"status-publish","5":"product_cat-edebiyat","6":"product_cat-roman-oyku","7":"pa_cilt-ciltsiz","8":"pa_tur-kitap","9":"pa_yayinevi-can-yayinlari","10":"pa_yazar-mine-sogut","12":"first","13":"instock","14":"sale","15":"shipping-taxable","16":"purchasable","17":"product-type-simple"},"_links":{"self":[{"href":"https:\/\/roveyayinevi.com.tr\/index.php\/wp-json\/wp\/v2\/product\/742757","targetHints":{"allow":["GET"]}}],"collection":[{"href":"https:\/\/roveyayinevi.com.tr\/index.php\/wp-json\/wp\/v2\/product"}],"about":[{"href":"https:\/\/roveyayinevi.com.tr\/index.php\/wp-json\/wp\/v2\/types\/product"}],"wp:attachment":[{"href":"https:\/\/roveyayinevi.com.tr\/index.php\/wp-json\/wp\/v2\/media?parent=742757"}],"wp:term":[{"taxonomy":"product_brand","embeddable":true,"href":"https:\/\/roveyayinevi.com.tr\/index.php\/wp-json\/wp\/v2\/product_brand?post=742757"},{"taxonomy":"product_cat","embeddable":true,"href":"https:\/\/roveyayinevi.com.tr\/index.php\/wp-json\/wp\/v2\/product_cat?post=742757"},{"taxonomy":"product_tag","embeddable":true,"href":"https:\/\/roveyayinevi.com.tr\/index.php\/wp-json\/wp\/v2\/product_tag?post=742757"}],"curies":[{"name":"wp","href":"https:\/\/api.w.org\/{rel}","templated":true}]}}