{"id":742755,"date":"2025-08-28T01:19:32","date_gmt":"2025-08-27T22:19:32","guid":{"rendered":"https:\/\/roveyayinevi.com.tr\/index.php\/urun\/medya-siyaset-ve-demokrasi\/"},"modified":"2026-04-16T02:53:53","modified_gmt":"2026-04-15T23:53:53","slug":"medya-siyaset-ve-demokrasi","status":"publish","type":"product","link":"https:\/\/roveyayinevi.com.tr\/index.php\/urun\/medya-siyaset-ve-demokrasi\/","title":{"rendered":"Medya Siyaset ve Demokrasi"},"content":{"rendered":"<p>Medya ve siyaset ili\u015fkisi bir g\u00fc\u00e7 ili\u015fkisidir. \u0130\u015fleyen bir demokraside, medya ve siyaset gergin bir ili\u015fki i\u00e7indedir. Toplumsal yap\u0131y\u0131 meydana getiren temel kurumlar olarak medya ve siyaset, hem birbirine gereksinim duymakta hem de y\u00f6n vermektedir. Bu noktada, demokrasinin nas\u0131l korunaca\u011f\u0131 ve geli\u015ftirilece\u011fi sorusu \u00f6nemini korumaktad\u0131r. Siyaset, medya metinlerinde &#8220;\u00f6nyarg\u0131&#8221; ve &#8220;\u00e7er\u00e7eve&#8221; gibi anlat\u0131 bi\u00e7imleriyle belirli bir anlam kazanmaktad\u0131r. Modern toplumlarda siyaset, medya \u00fczerinden y\u00fcr\u00fct\u00fclmekte, siyasal akt\u00f6rler ve h\u00fck\u00fcmetler yurtta\u015flarla geleneksel ve yeni medya \u00fczerinden ileti\u015fim kurmaktad\u0131r. Medya, ayn\u0131 zamanda, yurtta\u015flar\u0131n siyaset ve kamu i\u015fleri hakk\u0131nda bilgi sahibi olmalar\u0131n\u0131 sa\u011flayan temel bilgi kayna\u011f\u0131d\u0131r. Siyasal bilginin iletilmesinde medya merkezi bir rol oynad\u0131\u011f\u0131ndan, medyan\u0131n nas\u0131l i\u015fledi\u011fini anlamak \u00f6nemlidir.            \u00d6zellikle, yurtta\u015flar\u0131n \u00e7o\u011fulcu bir medya d\u00fczeni i\u00e7inde farkl\u0131 bir bak\u0131\u015f a\u00e7\u0131lar\u0131na eri\u015febilmesi ve kanaatlerini \u00f6zg\u00fcrce olu\u015fturabilmesi, demokrasinin temel unsurlar\u0131ndan biridir. Ayr\u0131ca, internetin ve sosyal medyan\u0131n geli\u015fimi, siyasal ileti\u015fim bi\u00e7imlerinide de\u011fi\u015ftirmi\u015ftir. Kat\u0131l\u0131mc\u0131 bir kamusal alan i\u00e7in potansiyel bir kolayla\u015ft\u0131r\u0131c\u0131 olarak medyan\u0131n rol\u00fc, yeni medya tart\u0131\u015fmalar\u0131n\u0131n merkezinde yer almaktad\u0131r. Bu kitap, demokratik toplumlarda geleneksel ve yeni medyan\u0131n temel i\u015flevlerini ve siyasetteki yerini anlamaya ve a\u00e7\u0131klamaya yard\u0131mc\u0131 olmakta, haber medyas\u0131na ili\u015fkin genel ve teorik bir \u00e7er\u00e7eve sunmakta ve yeni medyan\u0131n, siyasal ileti\u015fimi, siyasal prati\u011fi ve kamusal alan\u0131 d\u00f6n\u00fc\u015ft\u00fcr\u00fcp d\u00f6n\u00fc\u015ft\u00fcrmedi\u011fine ili\u015fkin temel tart\u0131\u015fmalar\u0131 i\u00e7ermektedir.<\/p>\n","protected":false},"excerpt":{"rendered":"<p>Medya ve siyaset ili\u015fkisi bir g\u00fc\u00e7 ili\u015fkisidir. \u0130\u015fleyen bir demokraside, medya ve siyaset gergin bir ili\u015fki i\u00e7indedir. Toplumsal yap\u0131y\u0131 meydana getiren temel kurumlar olarak medya ve<span class=\"excerpt-hellip\"> [\u2026]<\/span><\/p>\n","protected":false},"featured_media":0,"template":"","meta":{"_monsterinsights_skip_tracking":false,"_monsterinsights_sitenote_active":false,"_monsterinsights_sitenote_note":"","_monsterinsights_sitenote_category":0},"product_brand":[],"product_cat":[15983,13488],"product_tag":[],"class_list":{"0":"post-742755","1":"product","2":"type-product","3":"status-publish","5":"product_cat-iletisim-ve-medya","6":"product_cat-toplum-ve-insan","7":"pa_cilt-ciltsiz","8":"pa_tur-kitap","9":"pa_yayinevi-kilit-yayinevi","10":"pa_yazar-a-fulya-sen","12":"first","13":"instock","14":"sale","15":"shipping-taxable","16":"purchasable","17":"product-type-simple"},"_links":{"self":[{"href":"https:\/\/roveyayinevi.com.tr\/index.php\/wp-json\/wp\/v2\/product\/742755","targetHints":{"allow":["GET"]}}],"collection":[{"href":"https:\/\/roveyayinevi.com.tr\/index.php\/wp-json\/wp\/v2\/product"}],"about":[{"href":"https:\/\/roveyayinevi.com.tr\/index.php\/wp-json\/wp\/v2\/types\/product"}],"wp:attachment":[{"href":"https:\/\/roveyayinevi.com.tr\/index.php\/wp-json\/wp\/v2\/media?parent=742755"}],"wp:term":[{"taxonomy":"product_brand","embeddable":true,"href":"https:\/\/roveyayinevi.com.tr\/index.php\/wp-json\/wp\/v2\/product_brand?post=742755"},{"taxonomy":"product_cat","embeddable":true,"href":"https:\/\/roveyayinevi.com.tr\/index.php\/wp-json\/wp\/v2\/product_cat?post=742755"},{"taxonomy":"product_tag","embeddable":true,"href":"https:\/\/roveyayinevi.com.tr\/index.php\/wp-json\/wp\/v2\/product_tag?post=742755"}],"curies":[{"name":"wp","href":"https:\/\/api.w.org\/{rel}","templated":true}]}}