{"id":742754,"date":"2025-08-28T01:19:30","date_gmt":"2025-08-27T22:19:30","guid":{"rendered":"https:\/\/roveyayinevi.com.tr\/index.php\/urun\/resim-yazilari\/"},"modified":"2026-04-16T02:53:53","modified_gmt":"2026-04-15T23:53:53","slug":"resim-yazilari","status":"publish","type":"product","link":"https:\/\/roveyayinevi.com.tr\/index.php\/urun\/resim-yazilari\/","title":{"rendered":"Resim Yaz\u0131lar\u0131"},"content":{"rendered":"<p>Nahid S\u0131rr\u0131 \u00d6rik, Sultan Hamid D\u00fc\u015ferken ve K\u0131skanmak gibi edebiyat\u0131m\u0131z\u0131n b\u00fcy\u00fck klasikleri aras\u0131nda say\u0131lan kurmaca eserlerinin yan\u0131 s\u0131ra ele\u015ftiri, deneme, inceleme t\u00fcrlerinde de \u00e7ok say\u0131da metin kalem ald\u0131. Gazete ve dergilerde yay\u0131mlanan bu yaz\u0131lar sinemadan edebiyata, kent tarihinden sanat\u0131n farkl\u0131 dallar\u0131na pek \u00e7ok konuda keskin g\u00f6zlemler, \u00f6zg\u00fcn de\u011ferlendirmeler i\u00e7erir. Resim Yaz\u0131lar\u0131\u2019nda Nahid S\u0131rr\u0131\u2019n\u0131n 1928-1952 y\u0131llar\u0131 aras\u0131nda \u00e7\u0131km\u0131\u015f olan resim sanat\u0131 \u00fczerine yaz\u0131lar\u0131 yer al\u0131yor. D\u00f6nemin sanat ortam\u0131na dair tan\u0131kl\u0131klar, resim sanat\u0131n\u0131n geli\u015fimi, devletin \u00fcstlenmesi gereken rol, m\u00fczecilik, resim tarihinin nas\u0131l yaz\u0131labilece\u011fine ili\u015fkin \u00f6neriler\u2026 Literat\u00fcre b\u00fcy\u00fck katk\u0131 sa\u011flayacak, yarat\u0131c\u0131 yakla\u015f\u0131mlar i\u00e7eren bu yaz\u0131lar, Bahriye \u00c7eri\u2019nin sunu\u015fuyla ilk kez kitapla\u015f\u0131yor!<\/p>\n","protected":false},"excerpt":{"rendered":"<p>Nahid S\u0131rr\u0131 \u00d6rik, Sultan Hamid D\u00fc\u015ferken ve K\u0131skanmak gibi edebiyat\u0131m\u0131z\u0131n b\u00fcy\u00fck klasikleri aras\u0131nda say\u0131lan kurmaca eserlerinin yan\u0131 s\u0131ra ele\u015ftiri, deneme, inceleme t\u00fcrlerinde de \u00e7ok say\u0131da metin<span class=\"excerpt-hellip\"> [\u2026]<\/span><\/p>\n","protected":false},"featured_media":0,"template":"","meta":{"_monsterinsights_skip_tracking":false,"_monsterinsights_sitenote_active":false,"_monsterinsights_sitenote_note":"","_monsterinsights_sitenote_category":0},"product_brand":[],"product_cat":[12777,12291],"product_tag":[],"class_list":{"0":"post-742754","1":"product","2":"type-product","3":"status-publish","5":"product_cat-deneme","6":"product_cat-edebiyat","7":"pa_cilt-ciltsiz","8":"pa_tur-kitap","9":"pa_yayinevi-everest-yayinlari","10":"pa_yazar-nahid-sirri-orik","12":"first","13":"instock","14":"sale","15":"shipping-taxable","16":"purchasable","17":"product-type-simple"},"_links":{"self":[{"href":"https:\/\/roveyayinevi.com.tr\/index.php\/wp-json\/wp\/v2\/product\/742754","targetHints":{"allow":["GET"]}}],"collection":[{"href":"https:\/\/roveyayinevi.com.tr\/index.php\/wp-json\/wp\/v2\/product"}],"about":[{"href":"https:\/\/roveyayinevi.com.tr\/index.php\/wp-json\/wp\/v2\/types\/product"}],"wp:attachment":[{"href":"https:\/\/roveyayinevi.com.tr\/index.php\/wp-json\/wp\/v2\/media?parent=742754"}],"wp:term":[{"taxonomy":"product_brand","embeddable":true,"href":"https:\/\/roveyayinevi.com.tr\/index.php\/wp-json\/wp\/v2\/product_brand?post=742754"},{"taxonomy":"product_cat","embeddable":true,"href":"https:\/\/roveyayinevi.com.tr\/index.php\/wp-json\/wp\/v2\/product_cat?post=742754"},{"taxonomy":"product_tag","embeddable":true,"href":"https:\/\/roveyayinevi.com.tr\/index.php\/wp-json\/wp\/v2\/product_tag?post=742754"}],"curies":[{"name":"wp","href":"https:\/\/api.w.org\/{rel}","templated":true}]}}