{"id":742753,"date":"2025-08-28T01:19:29","date_gmt":"2025-08-27T22:19:29","guid":{"rendered":"https:\/\/roveyayinevi.com.tr\/index.php\/urun\/akdeniz-isigini-izleyen-felix-ziem-1821-1911\/"},"modified":"2026-04-16T02:53:52","modified_gmt":"2026-04-15T23:53:52","slug":"akdeniz-isigini-izleyen-felix-ziem-1821-1911","status":"publish","type":"product","link":"https:\/\/roveyayinevi.com.tr\/index.php\/urun\/akdeniz-isigini-izleyen-felix-ziem-1821-1911\/","title":{"rendered":"Akdeniz I\u015f\u0131\u011f\u0131n\u0131 \u0130zleyen Felix Ziem (1821-1911)"},"content":{"rendered":"<p>Elinizdeki bu kitap \u0130stanbul seyahati sonras\u0131 at\u00f6lyesinin bah\u00e7esine camiler in\u015fa ettiren, Vincent Van Gogh taraf\u0131ndan \u00f6vg\u00fclere lay\u0131k g\u00f6r\u00fclen, Claude Monet\u2019nin j\u00fcri \u00fcyeli\u011fini yapan, hen\u00fcz hayattayken bir vasiyet \u00fczerine Louvre M\u00fczesi\u2019ne girmeyi ba\u015faran, caddelere ismi verilen ve izlenimcilik ak\u0131m\u0131n\u0131n \u00f6nc\u00fclerinden olarak kabul g\u00f6ren sanat\u00e7\u0131 F\u00e9lix Ziem\u2019in hayat\u0131n\u0131 ve sanat\u0131n\u0131 okuyucuya sunmay\u0131 ama\u00e7lamaktad\u0131r. Tamam\u0131 renkli resimlerden olu\u015fan, ku\u015fe ka\u011f\u0131da bas\u0131l\u0131 bu kita\u0131 sanat severlerin zevkle okuyaca\u011f\u0131n\u0131 umuyoruz. <\/p>\n","protected":false},"excerpt":{"rendered":"<p>Elinizdeki bu kitap \u0130stanbul seyahati sonras\u0131 at\u00f6lyesinin bah\u00e7esine camiler in\u015fa ettiren, Vincent Van Gogh taraf\u0131ndan \u00f6vg\u00fclere lay\u0131k g\u00f6r\u00fclen, Claude Monet\u2019nin j\u00fcri \u00fcyeli\u011fini yapan, hen\u00fcz hayattayken bir<span class=\"excerpt-hellip\"> [\u2026]<\/span><\/p>\n","protected":false},"featured_media":0,"template":"","meta":{"_monsterinsights_skip_tracking":false,"_monsterinsights_sitenote_active":false,"_monsterinsights_sitenote_note":"","_monsterinsights_sitenote_category":0},"product_brand":[],"product_cat":[44608,12408],"product_tag":[],"class_list":{"0":"post-742753","1":"product","2":"type-product","3":"status-publish","5":"product_cat-diger-sanat","6":"product_cat-sanat","7":"pa_cilt-ciltsiz","8":"pa_tur-kitap","9":"pa_yayinevi-myrina-yayinlari","10":"pa_yazar-alp-dogu-eser","12":"first","13":"instock","14":"sale","15":"shipping-taxable","16":"purchasable","17":"product-type-simple"},"_links":{"self":[{"href":"https:\/\/roveyayinevi.com.tr\/index.php\/wp-json\/wp\/v2\/product\/742753","targetHints":{"allow":["GET"]}}],"collection":[{"href":"https:\/\/roveyayinevi.com.tr\/index.php\/wp-json\/wp\/v2\/product"}],"about":[{"href":"https:\/\/roveyayinevi.com.tr\/index.php\/wp-json\/wp\/v2\/types\/product"}],"wp:attachment":[{"href":"https:\/\/roveyayinevi.com.tr\/index.php\/wp-json\/wp\/v2\/media?parent=742753"}],"wp:term":[{"taxonomy":"product_brand","embeddable":true,"href":"https:\/\/roveyayinevi.com.tr\/index.php\/wp-json\/wp\/v2\/product_brand?post=742753"},{"taxonomy":"product_cat","embeddable":true,"href":"https:\/\/roveyayinevi.com.tr\/index.php\/wp-json\/wp\/v2\/product_cat?post=742753"},{"taxonomy":"product_tag","embeddable":true,"href":"https:\/\/roveyayinevi.com.tr\/index.php\/wp-json\/wp\/v2\/product_tag?post=742753"}],"curies":[{"name":"wp","href":"https:\/\/api.w.org\/{rel}","templated":true}]}}