{"id":742746,"date":"2025-08-28T01:19:20","date_gmt":"2025-08-27T22:19:20","guid":{"rendered":"https:\/\/roveyayinevi.com.tr\/index.php\/urun\/robert-walser-ile-yuruyuslerimiz\/"},"modified":"2026-04-16T02:53:52","modified_gmt":"2026-04-15T23:53:52","slug":"robert-walser-ile-yuruyuslerimiz","status":"publish","type":"product","link":"https:\/\/roveyayinevi.com.tr\/index.php\/urun\/robert-walser-ile-yuruyuslerimiz\/","title":{"rendered":"Robert Walser ile Y\u00fcr\u00fcy\u00fc\u015flerimiz"},"content":{"rendered":"<p>\u201cDevlete ahlak talebiyle y\u00fcklenmek bana ba\u011fnazl\u0131k gibi geliyor. Devletin \u00f6ncelikli g\u00f6revi, g\u00fc\u00e7l\u00fc ve uyan\u0131k olmakt\u0131r. Ahlak, bireylerin sorunu olarak kalmal\u0131.\u201dCarl Seelig\u2019in Robert Walser ile y\u00fcr\u00fcy\u00fc\u015flerine dair kay\u0131tlar\u0131, gerek bu iki yazar\u0131n bir par\u00e7as\u0131 oldu\u011fu \u0130svi\u00e7re edebiyat\u0131nda, gerek d\u00fcnya edebiyat\u0131nda benzersizdir. Walser, ellinci do\u011fum g\u00fcn\u00fcnden sonra yazmay\u0131 b\u0131rakm\u0131\u015f ve ya\u015fam\u0131n\u0131 bir ruh ve sinir hastal\u0131klar\u0131 hastanesinde s\u00fcrd\u00fcrm\u00fc\u015ft\u00fcr. Ona ve eserlerine destek olmak isteyen Seelig, Walser\u2019i hastanede s\u0131k s\u0131k ziyaret eder, b\u00f6ylece \u201cbirlikte y\u00fcr\u00fcmek\u201d al\u0131nyaz\u0131lar\u0131 haline gelir. 1936\u2019dan 1956\u2019ya dek \u00e7\u0131kt\u0131klar\u0131 y\u00fcr\u00fcy\u00fc\u015flerdeki hayat, edebiyat ve siyaset \u00fczerine konu\u015fmalar\u0131ndan s\u00fcz\u00fclen notlar, d\u00fcnyaya s\u0131rt \u00e7evirecek kadar \u201chassas\u201d ve \u201csuskun\u201d bir yazar\u0131n portresini \u00e7izer. Bu notlardan hareketle Percy Adlon\u2019un yaz\u0131p y\u00f6netti\u011fi Der Vormund und sein Dichter filmi de b\u00fcy\u00fck ilgi toplam\u0131\u015f, 1979\u2019da iki Adolf Grimme \u00d6d\u00fcl\u00fc\u2019ne lay\u0131k g\u00f6r\u00fclm\u00fc\u015ft\u00fcr.\u201cCarl Seelig anlat\u0131yor. T\u00fcm ya\u015fananlar\u0131 kesin hatlar\u0131yla ustaca, k\u0131saca ve berrak anlat\u0131yor. Olgular\u0131 yal\u0131n bir tarzla yaz\u0131ya d\u00f6ken Seelig, sembollerin etkisine ula\u015f\u0131yor. Walser gibi ger\u00e7ek bir \u015faire ait bu asil ruhun d\u00fcnyam\u0131zda ya\u015fayamayaca\u011f\u0131n\u0131 hissediyor insan.\u201d Max Brod<\/p>\n","protected":false},"excerpt":{"rendered":"<p>\u201cDevlete ahlak talebiyle y\u00fcklenmek bana ba\u011fnazl\u0131k gibi geliyor. Devletin \u00f6ncelikli g\u00f6revi, g\u00fc\u00e7l\u00fc ve uyan\u0131k olmakt\u0131r. Ahlak, bireylerin sorunu olarak kalmal\u0131.\u201dCarl Seelig\u2019in Robert Walser ile y\u00fcr\u00fcy\u00fc\u015flerine dair<span class=\"excerpt-hellip\"> [\u2026]<\/span><\/p>\n","protected":false},"featured_media":0,"template":"","meta":{"_monsterinsights_skip_tracking":false,"_monsterinsights_sitenote_active":false,"_monsterinsights_sitenote_note":"","_monsterinsights_sitenote_category":0},"product_brand":[],"product_cat":[13701,12291],"product_tag":[],"class_list":{"0":"post-742746","1":"product","2":"type-product","3":"status-publish","5":"product_cat-ani-mektup-gunluk","6":"product_cat-edebiyat","7":"pa_cilt-ciltsiz","8":"pa_tur-kitap","9":"pa_yayinevi-everest-yayinlari","10":"pa_yazar-carl-seelig","12":"first","13":"instock","14":"sale","15":"shipping-taxable","16":"purchasable","17":"product-type-simple"},"_links":{"self":[{"href":"https:\/\/roveyayinevi.com.tr\/index.php\/wp-json\/wp\/v2\/product\/742746","targetHints":{"allow":["GET"]}}],"collection":[{"href":"https:\/\/roveyayinevi.com.tr\/index.php\/wp-json\/wp\/v2\/product"}],"about":[{"href":"https:\/\/roveyayinevi.com.tr\/index.php\/wp-json\/wp\/v2\/types\/product"}],"wp:attachment":[{"href":"https:\/\/roveyayinevi.com.tr\/index.php\/wp-json\/wp\/v2\/media?parent=742746"}],"wp:term":[{"taxonomy":"product_brand","embeddable":true,"href":"https:\/\/roveyayinevi.com.tr\/index.php\/wp-json\/wp\/v2\/product_brand?post=742746"},{"taxonomy":"product_cat","embeddable":true,"href":"https:\/\/roveyayinevi.com.tr\/index.php\/wp-json\/wp\/v2\/product_cat?post=742746"},{"taxonomy":"product_tag","embeddable":true,"href":"https:\/\/roveyayinevi.com.tr\/index.php\/wp-json\/wp\/v2\/product_tag?post=742746"}],"curies":[{"name":"wp","href":"https:\/\/api.w.org\/{rel}","templated":true}]}}