{"id":742745,"date":"2025-08-28T01:19:19","date_gmt":"2025-08-27T22:19:19","guid":{"rendered":"https:\/\/roveyayinevi.com.tr\/index.php\/urun\/can-can-dini-hikayelerle-ahlak-egitimi\/"},"modified":"2026-04-16T02:53:52","modified_gmt":"2026-04-15T23:53:52","slug":"can-can-dini-hikayelerle-ahlak-egitimi","status":"publish","type":"product","link":"https:\/\/roveyayinevi.com.tr\/index.php\/urun\/can-can-dini-hikayelerle-ahlak-egitimi\/","title":{"rendered":"Can Can &#8211; Dini Hikayelerle Ahlak E\u011fitimi"},"content":{"rendered":"<p>Ad\u0131m Ad\u0131m G\u00fczel Ahlak&#8217;\u00c7ocukluk y\u0131llar\u0131, insan karakterinin b\u00fcy\u00fck b\u00f6l\u00fcm\u00fcn\u00fcn \u015fekillendi\u011fi bir d\u00f6nemdir. Karakteri \u015fekillendiren unsurlar ba\u015fta aileden ve \u00e7evreden al\u0131nan e\u011fitim sonra da \u00e7ocu\u011fun ruh d\u00fcnyas\u0131nda izler b\u0131rakan hat\u0131ralard\u0131r. \u00c7ocu\u011fa ailesi taraf\u0131ndan verilen e\u011fitim ve ruhunda iz b\u0131rakacak hat\u0131ralar\u0131n olu\u015fmas\u0131nda ise ona anlat\u0131lan hik\u00e2yelerin \u00f6nemli bir yeri vard\u0131r.Elinizdeki eser, pek \u00e7o\u011fu ger\u00e7ek hayattan al\u0131nm\u0131\u015f hikayelerle, \u00e7ocuklar\u0131n g\u00f6n\u00fcl d\u00fcnyalar\u0131nda g\u00fczel ahlak \u00f6zellikleriyle tan\u0131\u015fmas\u0131na imkan verecek, ayn\u0131 zamanda hik\u00e2yelerin kahramanlar\u0131yla \u00f6zde\u015fle\u015fen \u00e7ocuklarda sa\u011flam bir karakterin de olu\u015fmas\u0131na yard\u0131mc\u0131 olacakt\u0131r.&#8217;Prof. Dr. Mehmet Emin Ay<\/p>\n","protected":false},"excerpt":{"rendered":"<p>Ad\u0131m Ad\u0131m G\u00fczel Ahlak&#8217;\u00c7ocukluk y\u0131llar\u0131, insan karakterinin b\u00fcy\u00fck b\u00f6l\u00fcm\u00fcn\u00fcn \u015fekillendi\u011fi bir d\u00f6nemdir. Karakteri \u015fekillendiren unsurlar ba\u015fta aileden ve \u00e7evreden al\u0131nan e\u011fitim sonra da \u00e7ocu\u011fun ruh d\u00fcnyas\u0131nda<span class=\"excerpt-hellip\"> [\u2026]<\/span><\/p>\n","protected":false},"featured_media":0,"template":"","meta":{"_monsterinsights_skip_tracking":false,"_monsterinsights_sitenote_active":false,"_monsterinsights_sitenote_note":"","_monsterinsights_sitenote_category":0},"product_brand":[],"product_cat":[12274,18802],"product_tag":[],"class_list":{"0":"post-742745","1":"product","2":"type-product","3":"status-publish","5":"product_cat-cocuk-ve-genclik-kitaplari","6":"product_cat-din-egitimi","7":"pa_cilt-ciltsiz","8":"pa_tur-kitap","9":"pa_yayinevi-timas-yayinlari","10":"pa_yazar-adem-fidan","12":"first","13":"instock","14":"sale","15":"shipping-taxable","16":"purchasable","17":"product-type-simple"},"_links":{"self":[{"href":"https:\/\/roveyayinevi.com.tr\/index.php\/wp-json\/wp\/v2\/product\/742745","targetHints":{"allow":["GET"]}}],"collection":[{"href":"https:\/\/roveyayinevi.com.tr\/index.php\/wp-json\/wp\/v2\/product"}],"about":[{"href":"https:\/\/roveyayinevi.com.tr\/index.php\/wp-json\/wp\/v2\/types\/product"}],"wp:attachment":[{"href":"https:\/\/roveyayinevi.com.tr\/index.php\/wp-json\/wp\/v2\/media?parent=742745"}],"wp:term":[{"taxonomy":"product_brand","embeddable":true,"href":"https:\/\/roveyayinevi.com.tr\/index.php\/wp-json\/wp\/v2\/product_brand?post=742745"},{"taxonomy":"product_cat","embeddable":true,"href":"https:\/\/roveyayinevi.com.tr\/index.php\/wp-json\/wp\/v2\/product_cat?post=742745"},{"taxonomy":"product_tag","embeddable":true,"href":"https:\/\/roveyayinevi.com.tr\/index.php\/wp-json\/wp\/v2\/product_tag?post=742745"}],"curies":[{"name":"wp","href":"https:\/\/api.w.org\/{rel}","templated":true}]}}