{"id":742744,"date":"2025-08-28T01:19:17","date_gmt":"2025-08-27T22:19:17","guid":{"rendered":"https:\/\/roveyayinevi.com.tr\/index.php\/urun\/elektronik-asklar\/"},"modified":"2026-04-16T02:53:52","modified_gmt":"2026-04-15T23:53:52","slug":"elektronik-asklar","status":"publish","type":"product","link":"https:\/\/roveyayinevi.com.tr\/index.php\/urun\/elektronik-asklar\/","title":{"rendered":"Elektronik A\u015fklar"},"content":{"rendered":"<p>Zamans\u0131zl\u0131\u011f\u0131n sahibisin sen, istedi\u011fin zaman \u00e7\u0131k gel \u00d6zg\u00fcrl\u00fc\u011fe kanat \u00e7\u0131rpan bir g\u00fcvercin \u00fcrkekli\u011finde, uykuday\u0131m, Uyan\u0131rsam kahrolurum, r\u00fcyamda ba\u015fk\u00f6\u015fe senin Yak gel karanl\u0131\u011f\u0131, u\u011fra, hep gel, \u00e7ok kal, ke\u015fke hemen gitmesen<\/p>\n","protected":false},"excerpt":{"rendered":"<p>Zamans\u0131zl\u0131\u011f\u0131n sahibisin sen, istedi\u011fin zaman \u00e7\u0131k gel \u00d6zg\u00fcrl\u00fc\u011fe kanat \u00e7\u0131rpan bir g\u00fcvercin \u00fcrkekli\u011finde, uykuday\u0131m, Uyan\u0131rsam kahrolurum, r\u00fcyamda ba\u015fk\u00f6\u015fe senin Yak gel karanl\u0131\u011f\u0131, u\u011fra, hep gel, \u00e7ok<span class=\"excerpt-hellip\"> [\u2026]<\/span><\/p>\n","protected":false},"featured_media":0,"template":"","meta":{"_monsterinsights_skip_tracking":false,"_monsterinsights_sitenote_active":false,"_monsterinsights_sitenote_note":"","_monsterinsights_sitenote_category":0},"product_brand":[],"product_cat":[12291,12509],"product_tag":[],"class_list":{"0":"post-742744","1":"product","2":"type-product","3":"status-publish","5":"product_cat-edebiyat","6":"product_cat-siir","7":"pa_cilt-ciltsiz","8":"pa_tur-kitap","9":"pa_yayinevi-platanus-publishing","10":"pa_yazar-ozden-yolagiden","12":"first","13":"instock","14":"sale","15":"shipping-taxable","16":"purchasable","17":"product-type-simple"},"_links":{"self":[{"href":"https:\/\/roveyayinevi.com.tr\/index.php\/wp-json\/wp\/v2\/product\/742744","targetHints":{"allow":["GET"]}}],"collection":[{"href":"https:\/\/roveyayinevi.com.tr\/index.php\/wp-json\/wp\/v2\/product"}],"about":[{"href":"https:\/\/roveyayinevi.com.tr\/index.php\/wp-json\/wp\/v2\/types\/product"}],"wp:attachment":[{"href":"https:\/\/roveyayinevi.com.tr\/index.php\/wp-json\/wp\/v2\/media?parent=742744"}],"wp:term":[{"taxonomy":"product_brand","embeddable":true,"href":"https:\/\/roveyayinevi.com.tr\/index.php\/wp-json\/wp\/v2\/product_brand?post=742744"},{"taxonomy":"product_cat","embeddable":true,"href":"https:\/\/roveyayinevi.com.tr\/index.php\/wp-json\/wp\/v2\/product_cat?post=742744"},{"taxonomy":"product_tag","embeddable":true,"href":"https:\/\/roveyayinevi.com.tr\/index.php\/wp-json\/wp\/v2\/product_tag?post=742744"}],"curies":[{"name":"wp","href":"https:\/\/api.w.org\/{rel}","templated":true}]}}