{"id":742742,"date":"2025-08-28T01:19:16","date_gmt":"2025-08-27T22:19:16","guid":{"rendered":"https:\/\/roveyayinevi.com.tr\/index.php\/urun\/liberal-dusunce-dergisi-sayi-106-bahar-2022\/"},"modified":"2026-04-16T02:53:52","modified_gmt":"2026-04-15T23:53:52","slug":"liberal-dusunce-dergisi-sayi-106-bahar-2022","status":"publish","type":"product","link":"https:\/\/roveyayinevi.com.tr\/index.php\/urun\/liberal-dusunce-dergisi-sayi-106-bahar-2022\/","title":{"rendered":"Liberal D\u00fc\u015f\u00fcnce Dergisi, Say\u0131 106, Bahar 2022"},"content":{"rendered":"<p>MAKALELER \/ ARTICLESLiberal Demokraside Elitlerin Yeri ve Rol\u00fcThe Place and the Role of Elites in Liberal DemocracyCennet Uslu 21. Y\u00fczy\u0131lda Kozmopolitan Bir Demokrasi M\u00fcmk\u00fcn m\u00fc?Is a Cosmopolitan Democracy Possible in the 21st Century?Z\u00fcbeyr \u015eakar COVID-19 Pandemisinde A\u015f\u0131 Kar\u015f\u0131t\u0131 Hareketlerin Sosyolojik Ba\u011flam\u0131 ve Siyasalla\u015fma Dinami\u011fiThe Sociological Context and Politicization Dynamics of Anti-Vaccine Movements in the COVID-19 PandemicBedir Sala Dinsel Terminolojiyle Yarat\u0131lan Kimlik Alg\u0131s\u0131 ve S\u00f6ylemPerception of Identity and Discourse Created With Religious TerminologyHaluk Yaman T\u00fcrkiye\u2019de Sosyal Alanda Ya\u015fanan K\u00fclt\u00fcrel M\u00fccadelelerde Dindarla\u015fma, Deizm ve Ateizm S\u00fcre\u00e7leriProcesses of Religiosity, Deism and Atheism in Cultural Struggles in the Social Sphere in Turkey\u0130kram Ba\u011fc\u0131 G\u00fcney \u00c7in Denizi\u2019nde Sino-Amerikan Varl\u0131\u011f\u0131: Jeo-Stratejik Rekabette Tehdit Alg\u0131s\u0131n\u0131n S\u00fcreklili\u011fiSino-American Presence in the South China Sea: Continuity of Threat Perception in Geo-Strategic CompetitionMeysune Ya\u015far Ba\u015flang\u0131\u00e7tan G\u00fcn\u00fcm\u00fcze \u00c7in D\u0131\u015f Politikas\u0131n\u0131n D\u00f6n\u00fc\u015f\u00fcm\u00fc: B\u00fcy\u00fck \u00dclke DiplomasisiThe Transformation of Chinese Foreign Policy From The Beginning to The Present: Major Country Diplomacy\u00d6zlem Zerrin Keyvan Ter\u00f6r \u00d6rg\u00fctlerinin Hashtag Aktivizmi \u00dczerinden Kar\u015f\u0131la\u015ft\u0131rmal\u0131 Sosyal A\u011f AnaliziComparative Social Network Analysis of Terrorist Organizations Through Hashtag ActivismMehmet Seyman \u00d6nder \u00c7EV\u0130R\u0130 \/ TRANSLATIONDemokrasinin S\u0131n\u0131rlar\u0131D. Eric Schansberg <\/p>\n","protected":false},"excerpt":{"rendered":"<p>MAKALELER \/ ARTICLESLiberal Demokraside Elitlerin Yeri ve Rol\u00fcThe Place and the Role of Elites in Liberal DemocracyCennet Uslu 21. Y\u00fczy\u0131lda Kozmopolitan Bir Demokrasi M\u00fcmk\u00fcn m\u00fc?Is a<span class=\"excerpt-hellip\"> [\u2026]<\/span><\/p>\n","protected":false},"featured_media":0,"template":"","meta":{"_monsterinsights_skip_tracking":false,"_monsterinsights_sitenote_active":false,"_monsterinsights_sitenote_note":"","_monsterinsights_sitenote_category":0},"product_brand":[],"product_cat":[30023,13527],"product_tag":[],"class_list":{"0":"post-742742","1":"product","2":"type-product","3":"status-publish","5":"product_cat-edebiyat-sureli-yayinlar","6":"product_cat-sureli-yayinlar","7":"pa_cilt-ciltsiz","8":"pa_tur-dergi","9":"pa_yayinevi-liberte-yayinlari","10":"pa_yazar-kolektif","12":"first","13":"instock","14":"sale","15":"shipping-taxable","16":"purchasable","17":"product-type-simple"},"_links":{"self":[{"href":"https:\/\/roveyayinevi.com.tr\/index.php\/wp-json\/wp\/v2\/product\/742742","targetHints":{"allow":["GET"]}}],"collection":[{"href":"https:\/\/roveyayinevi.com.tr\/index.php\/wp-json\/wp\/v2\/product"}],"about":[{"href":"https:\/\/roveyayinevi.com.tr\/index.php\/wp-json\/wp\/v2\/types\/product"}],"wp:attachment":[{"href":"https:\/\/roveyayinevi.com.tr\/index.php\/wp-json\/wp\/v2\/media?parent=742742"}],"wp:term":[{"taxonomy":"product_brand","embeddable":true,"href":"https:\/\/roveyayinevi.com.tr\/index.php\/wp-json\/wp\/v2\/product_brand?post=742742"},{"taxonomy":"product_cat","embeddable":true,"href":"https:\/\/roveyayinevi.com.tr\/index.php\/wp-json\/wp\/v2\/product_cat?post=742742"},{"taxonomy":"product_tag","embeddable":true,"href":"https:\/\/roveyayinevi.com.tr\/index.php\/wp-json\/wp\/v2\/product_tag?post=742742"}],"curies":[{"name":"wp","href":"https:\/\/api.w.org\/{rel}","templated":true}]}}