{"id":742736,"date":"2025-08-28T01:19:08","date_gmt":"2025-08-27T22:19:08","guid":{"rendered":"https:\/\/roveyayinevi.com.tr\/index.php\/urun\/bay-sincap-ve-ay\/"},"modified":"2026-04-16T02:53:52","modified_gmt":"2026-04-15T23:53:52","slug":"bay-sincap-ve-ay","status":"publish","type":"product","link":"https:\/\/roveyayinevi.com.tr\/index.php\/urun\/bay-sincap-ve-ay\/","title":{"rendered":"Bay Sincap Ve Ay"},"content":{"rendered":"<p>G\u00fcnlerden bir g\u00fcn Bay Sincap aniden uyan\u0131verdi, \u00e7\u00fcnk\u00fc g\u00f6kteki Ay, evinin \u00e7at\u0131s\u0131na d\u00fc\u015fm\u00fc\u015ft\u00fc&#8230; Bay Sincap hi\u00e7 hesapta yokken korkun\u00e7 bir sorunla kar\u015f\u0131 kar\u015f\u0131ya kald\u0131: G\u00f6kteki Ay, \u00f6ylece yere d\u00fc\u015f\u00fcverince ne yapmak gerekirdi? \u0130lk ba\u015fta her \u015fey \u00f6yle umutsuz g\u00f6r\u00fcn\u00fcyordu ki. Ancak e\u011fer herkes yard\u0131m ederse ortadaki sorun h\u0131zla k\u00fc\u00e7\u00fcl\u00fcverir. \u0130mk\u00e2ns\u0131za inanc\u0131n\u0131 kaybetmeyenlere&#8230;<\/p>\n","protected":false},"excerpt":{"rendered":"<p>G\u00fcnlerden bir g\u00fcn Bay Sincap aniden uyan\u0131verdi, \u00e7\u00fcnk\u00fc g\u00f6kteki Ay, evinin \u00e7at\u0131s\u0131na d\u00fc\u015fm\u00fc\u015ft\u00fc&#8230; Bay Sincap hi\u00e7 hesapta yokken korkun\u00e7 bir sorunla kar\u015f\u0131 kar\u015f\u0131ya kald\u0131: G\u00f6kteki Ay,<span class=\"excerpt-hellip\"> [\u2026]<\/span><\/p>\n","protected":false},"featured_media":0,"template":"","meta":{"_monsterinsights_skip_tracking":false,"_monsterinsights_sitenote_active":false,"_monsterinsights_sitenote_note":"","_monsterinsights_sitenote_category":0},"product_brand":[],"product_cat":[12913,12274],"product_tag":[],"class_list":{"0":"post-742736","1":"product","2":"type-product","3":"status-publish","5":"product_cat-3-6-yas-kitaplari","6":"product_cat-cocuk-ve-genclik-kitaplari","7":"pa_cilt-ciltsiz","8":"pa_tur-kitap","9":"pa_yayinevi-kuraldisi-yayinevi","10":"pa_yazar-sebastian-meschenmoser","12":"first","13":"instock","14":"sale","15":"shipping-taxable","16":"purchasable","17":"product-type-simple"},"_links":{"self":[{"href":"https:\/\/roveyayinevi.com.tr\/index.php\/wp-json\/wp\/v2\/product\/742736","targetHints":{"allow":["GET"]}}],"collection":[{"href":"https:\/\/roveyayinevi.com.tr\/index.php\/wp-json\/wp\/v2\/product"}],"about":[{"href":"https:\/\/roveyayinevi.com.tr\/index.php\/wp-json\/wp\/v2\/types\/product"}],"wp:attachment":[{"href":"https:\/\/roveyayinevi.com.tr\/index.php\/wp-json\/wp\/v2\/media?parent=742736"}],"wp:term":[{"taxonomy":"product_brand","embeddable":true,"href":"https:\/\/roveyayinevi.com.tr\/index.php\/wp-json\/wp\/v2\/product_brand?post=742736"},{"taxonomy":"product_cat","embeddable":true,"href":"https:\/\/roveyayinevi.com.tr\/index.php\/wp-json\/wp\/v2\/product_cat?post=742736"},{"taxonomy":"product_tag","embeddable":true,"href":"https:\/\/roveyayinevi.com.tr\/index.php\/wp-json\/wp\/v2\/product_tag?post=742736"}],"curies":[{"name":"wp","href":"https:\/\/api.w.org\/{rel}","templated":true}]}}