{"id":742735,"date":"2025-08-28T01:19:07","date_gmt":"2025-08-27T22:19:07","guid":{"rendered":"https:\/\/roveyayinevi.com.tr\/index.php\/urun\/ukdem\/"},"modified":"2026-04-16T02:53:52","modified_gmt":"2026-04-15T23:53:52","slug":"ukdem","status":"publish","type":"product","link":"https:\/\/roveyayinevi.com.tr\/index.php\/urun\/ukdem\/","title":{"rendered":"Ukdem"},"content":{"rendered":"<p>Y\u00fcre\u011fime \u015fiir \u015fiir nak\u015fetti\u011fim sevdams\u0131n sen. Senden \u00e7ok uzaklarda fakat her an seninle ya\u015f\u0131yorum. \u00d6yle bir sevdaki, her an\u0131mda, hep akl\u0131mdas\u0131n ve hayalin gitmez hi\u00e7 g\u00f6zlerimden.Seni d\u00fc\u015f\u00fcnerek dal\u0131yorum sensiz uykulara ve i\u00e7imde sensiz ge\u00e7ecek g\u00fcn\u00fcn ac\u0131s\u0131n\u0131 duyarak uyan\u0131yorum sensizge\u00e7en uykulardan. Kocaman bir ukdesin y\u00fcre\u011fimde. Hi\u00e7bir zaman unutulmayacak, canl\u0131l\u0131\u011f\u0131n\u0131 hi\u00e7 kaybetmeyecekbir a\u015fkla, g\u00fcl nak\u0131\u015fl\u0131 y\u00fcz\u00fcn, g\u00fczel g\u00f6zlerinle hep var olacaks\u0131n kalbimde.Seni yazd\u0131m, sana duydu\u011fum sevdam\u0131, hasretimi yazd\u0131m \u015fiirler boyu. \u015eiirlerle hayk\u0131rd\u0131m, g\u00f6zlerinin i\u00e7ine bak\u0131pbir kez olsun s\u00f6yleyemedi\u011fim sevdam\u0131.Var olduk\u00e7a, bu tende bu canYaln\u0131z sensin, bu cana canan.<\/p>\n","protected":false},"excerpt":{"rendered":"<p>Y\u00fcre\u011fime \u015fiir \u015fiir nak\u015fetti\u011fim sevdams\u0131n sen. Senden \u00e7ok uzaklarda fakat her an seninle ya\u015f\u0131yorum. \u00d6yle bir sevdaki, her an\u0131mda, hep akl\u0131mdas\u0131n ve hayalin gitmez hi\u00e7 g\u00f6zlerimden.Seni<span class=\"excerpt-hellip\"> [\u2026]<\/span><\/p>\n","protected":false},"featured_media":0,"template":"","meta":{"_monsterinsights_skip_tracking":false,"_monsterinsights_sitenote_active":false,"_monsterinsights_sitenote_note":"","_monsterinsights_sitenote_category":0},"product_brand":[],"product_cat":[12291,12509],"product_tag":[],"class_list":{"0":"post-742735","1":"product","2":"type-product","3":"status-publish","5":"product_cat-edebiyat","6":"product_cat-siir","7":"pa_cilt-ciltsiz","8":"pa_tur-kitap","9":"pa_yayinevi-elpis-yayinlari","10":"pa_yazar-ismail-ceylan","12":"first","13":"instock","14":"sale","15":"shipping-taxable","16":"purchasable","17":"product-type-simple"},"_links":{"self":[{"href":"https:\/\/roveyayinevi.com.tr\/index.php\/wp-json\/wp\/v2\/product\/742735","targetHints":{"allow":["GET"]}}],"collection":[{"href":"https:\/\/roveyayinevi.com.tr\/index.php\/wp-json\/wp\/v2\/product"}],"about":[{"href":"https:\/\/roveyayinevi.com.tr\/index.php\/wp-json\/wp\/v2\/types\/product"}],"wp:attachment":[{"href":"https:\/\/roveyayinevi.com.tr\/index.php\/wp-json\/wp\/v2\/media?parent=742735"}],"wp:term":[{"taxonomy":"product_brand","embeddable":true,"href":"https:\/\/roveyayinevi.com.tr\/index.php\/wp-json\/wp\/v2\/product_brand?post=742735"},{"taxonomy":"product_cat","embeddable":true,"href":"https:\/\/roveyayinevi.com.tr\/index.php\/wp-json\/wp\/v2\/product_cat?post=742735"},{"taxonomy":"product_tag","embeddable":true,"href":"https:\/\/roveyayinevi.com.tr\/index.php\/wp-json\/wp\/v2\/product_tag?post=742735"}],"curies":[{"name":"wp","href":"https:\/\/api.w.org\/{rel}","templated":true}]}}