{"id":742731,"date":"2025-08-28T01:19:01","date_gmt":"2025-08-27T22:19:01","guid":{"rendered":"https:\/\/roveyayinevi.com.tr\/index.php\/urun\/ceres\/"},"modified":"2026-04-16T02:53:52","modified_gmt":"2026-04-15T23:53:52","slug":"ceres","status":"publish","type":"product","link":"https:\/\/roveyayinevi.com.tr\/index.php\/urun\/ceres\/","title":{"rendered":"Ceres"},"content":{"rendered":"<p>\u00c7ok yak\u0131n bir gelecekte Serapis&#8217;in eline farkl\u0131 imparatorluklar\u0131n kap\u0131s\u0131n\u0131 istemese de aralayan bir k\u00fcre ge\u00e7er.   Bu k\u00fcre onun s\u0131radan hayat\u0131n\u0131 tamamen de\u011fi\u015ftirir.   Art\u0131k evinde pineklemekten daha b\u00fcy\u00fck g\u00f6revleri vard\u0131r. Mutant tav\u015fanlarla yar\u0131\u015fmak ve hayat\u0131na kastedenlerden ka\u00e7mak gibi&#8230;   Bilinmezli\u011fe do\u011fru ilerledi\u011fi yolda Serapis bir kahraman m\u0131 yoksa bir kurban m\u0131 olacak? <\/p>\n","protected":false},"excerpt":{"rendered":"<p>\u00c7ok yak\u0131n bir gelecekte Serapis&#8217;in eline farkl\u0131 imparatorluklar\u0131n kap\u0131s\u0131n\u0131 istemese de aralayan bir k\u00fcre ge\u00e7er. Bu k\u00fcre onun s\u0131radan hayat\u0131n\u0131 tamamen de\u011fi\u015ftirir. Art\u0131k evinde pineklemekten daha<span class=\"excerpt-hellip\"> [\u2026]<\/span><\/p>\n","protected":false},"featured_media":0,"template":"","meta":{"_monsterinsights_skip_tracking":false,"_monsterinsights_sitenote_active":false,"_monsterinsights_sitenote_note":"","_monsterinsights_sitenote_category":0},"product_brand":[],"product_cat":[12291,14777],"product_tag":[],"class_list":{"0":"post-742731","1":"product","2":"type-product","3":"status-publish","5":"product_cat-edebiyat","6":"product_cat-fantastik","7":"pa_cilt-ciltsiz","8":"pa_tur-kitap","9":"pa_yayinevi-perseus","10":"pa_yazar-muammer-ay","12":"first","13":"instock","14":"sale","15":"shipping-taxable","16":"purchasable","17":"product-type-simple"},"_links":{"self":[{"href":"https:\/\/roveyayinevi.com.tr\/index.php\/wp-json\/wp\/v2\/product\/742731","targetHints":{"allow":["GET"]}}],"collection":[{"href":"https:\/\/roveyayinevi.com.tr\/index.php\/wp-json\/wp\/v2\/product"}],"about":[{"href":"https:\/\/roveyayinevi.com.tr\/index.php\/wp-json\/wp\/v2\/types\/product"}],"wp:attachment":[{"href":"https:\/\/roveyayinevi.com.tr\/index.php\/wp-json\/wp\/v2\/media?parent=742731"}],"wp:term":[{"taxonomy":"product_brand","embeddable":true,"href":"https:\/\/roveyayinevi.com.tr\/index.php\/wp-json\/wp\/v2\/product_brand?post=742731"},{"taxonomy":"product_cat","embeddable":true,"href":"https:\/\/roveyayinevi.com.tr\/index.php\/wp-json\/wp\/v2\/product_cat?post=742731"},{"taxonomy":"product_tag","embeddable":true,"href":"https:\/\/roveyayinevi.com.tr\/index.php\/wp-json\/wp\/v2\/product_tag?post=742731"}],"curies":[{"name":"wp","href":"https:\/\/api.w.org\/{rel}","templated":true}]}}