{"id":742729,"date":"2025-08-28T01:18:59","date_gmt":"2025-08-27T22:18:59","guid":{"rendered":"https:\/\/roveyayinevi.com.tr\/index.php\/urun\/sermayenin-sinirlari\/"},"modified":"2026-04-16T02:53:52","modified_gmt":"2026-04-15T23:53:52","slug":"sermayenin-sinirlari","status":"publish","type":"product","link":"https:\/\/roveyayinevi.com.tr\/index.php\/urun\/sermayenin-sinirlari\/","title":{"rendered":"Sermayenin S\u0131n\u0131rlar\u0131"},"content":{"rendered":"<p>\u201cSermaye konusunda benzersiz ve ayd\u0131nlat\u0131c\u0131 bir kavray\u0131\u015f.\u201dMonthly Review\u201cBir ustal\u0131k eseri.\u201dFredric JamesonArt\u0131k bir klasik haline gelen Sermayenin S\u0131n\u0131rlar\u0131, kapitalist geli\u015fmenin tarihine ve co\u011frafyas\u0131na dair en g\u00fc\u00e7l\u00fc kuramsal yakla\u015f\u0131mlardan birini geli\u015ftiriyor. Harvey, ufuk a\u00e7\u0131c\u0131 metnini g\u00fcn\u00fcm\u00fczde d\u00fcnya pazarlar\u0131nda hakim olan kar\u0131\u015f\u0131kl\u0131\u011fa dair kapsaml\u0131 bir tart\u0131\u015fmayla g\u00fcncelliyor. \u201cKurgusal sermaye\u201d ve \u201ce\u015fitsiz co\u011frafi geli\u015fme\u201d gibi kavramlar\u0131 derinle\u015ftiren Harvey, okuru, Marx\u2019\u0131n k\u00e2r oran\u0131n\u0131n d\u00fc\u015fmesiyle ilgili \u00e7ok tart\u0131\u015f\u0131lan arg\u00fcman\u0131yla ba\u015flay\u0131p Marx\u2019\u0131n \u00e7al\u0131\u015fmalar\u0131n\u0131n jeopolitik ve co\u011frafi i\u00e7erimlerine zamanl\u0131ca bir giri\u015fle kapanan bir yolculu\u011fa \u00e7\u0131kar\u0131yor ve ayn\u0131 zamanda \u201ckurgusal sermaye\u201d ve \u201ce\u015fitsiz co\u011frafi geli\u015fme\u201d gibi kavramlar\u0131 derinle\u015ftirerek, okuru krizin formasyonunun katmanlar\u0131ndan ad\u0131m ad\u0131m ge\u00e7iriyor.Sermayenin S\u0131n\u0131rlar\u0131, Marx\u2019\u0131n \u00f6nemli yap\u0131t\u0131 Kapital\u2019i, Marksist kuram\u0131n geli\u015fimini merkeze alan \u00e7arp\u0131c\u0131 bir dille anlat\u0131yor. Elinizde tuttu\u011funuz eser \u00fc\u00e7 a\u00e7\u0131dan okura yeni f\u0131rsatlar sunuyor. Birincisi ve en \u00f6nemlisi, eser, Kapital\u2019in ele ald\u0131\u011f\u0131 temel konular\u0131 g\u00fcn\u00fcm\u00fcz okuru i\u00e7in anla\u015f\u0131l\u0131r k\u0131lmay\u0131 ama\u00e7l\u0131yor. Bu sayede, Kapital\u2019in fikri mimarisini anlamam\u0131za yard\u0131mc\u0131 oluyor. \u0130kincisi, Sermayenin S\u0131n\u0131rlar\u0131, yirminci y\u00fczy\u0131lda Marksist d\u00fc\u015f\u00fcn\u00fcrlerin yapt\u0131klar\u0131 katk\u0131lar\u0131 \u00f6zetliyor. Eser, y\u00fcz elli y\u0131l\u0131 a\u015fk\u0131n bir s\u00fcre\u00e7te olu\u015fmu\u015f kuramsal da\u011f\u0131n\u0131kl\u0131\u011f\u0131, Kapital\u2019i merkeze alarak toparl\u0131yor ve kuramsal geli\u015fmeleri okura sunuyor. Son olarak, David Harvey, birikim kuram\u0131na ili\u015fkin \u00f6zg\u00fcn fikirlerini de okurla payla\u015f\u0131yor. Harvey\u2019in daha yak\u0131n tarihli eserlerinde s\u0131kl\u0131kla kulland\u0131\u011f\u0131 bir\u00e7ok kavram\u0131n bu eserde yapt\u0131\u011f\u0131 Kapital okumas\u0131 sayesinde ortaya \u00e7\u0131kt\u0131\u011f\u0131 s\u00f6ylenebilir.<\/p>\n","protected":false},"excerpt":{"rendered":"<p>\u201cSermaye konusunda benzersiz ve ayd\u0131nlat\u0131c\u0131 bir kavray\u0131\u015f.\u201dMonthly Review\u201cBir ustal\u0131k eseri.\u201dFredric JamesonArt\u0131k bir klasik haline gelen Sermayenin S\u0131n\u0131rlar\u0131, kapitalist geli\u015fmenin tarihine ve co\u011frafyas\u0131na dair en g\u00fc\u00e7l\u00fc kuramsal<span class=\"excerpt-hellip\"> [\u2026]<\/span><\/p>\n","protected":false},"featured_media":0,"template":"","meta":{"_monsterinsights_skip_tracking":false,"_monsterinsights_sitenote_active":false,"_monsterinsights_sitenote_note":"","_monsterinsights_sitenote_category":0},"product_brand":[],"product_cat":[13043,37200],"product_tag":[],"class_list":{"0":"post-742729","1":"product","2":"type-product","3":"status-publish","5":"product_cat-ekonomi","6":"product_cat-referans-kitaplar-ekonomi","7":"pa_cilt-ciltsiz","8":"pa_tur-kitap","9":"pa_yayinevi-nika-yayinevi","10":"pa_yazar-david-harvey","12":"first","13":"instock","14":"sale","15":"shipping-taxable","16":"purchasable","17":"product-type-simple"},"_links":{"self":[{"href":"https:\/\/roveyayinevi.com.tr\/index.php\/wp-json\/wp\/v2\/product\/742729","targetHints":{"allow":["GET"]}}],"collection":[{"href":"https:\/\/roveyayinevi.com.tr\/index.php\/wp-json\/wp\/v2\/product"}],"about":[{"href":"https:\/\/roveyayinevi.com.tr\/index.php\/wp-json\/wp\/v2\/types\/product"}],"wp:attachment":[{"href":"https:\/\/roveyayinevi.com.tr\/index.php\/wp-json\/wp\/v2\/media?parent=742729"}],"wp:term":[{"taxonomy":"product_brand","embeddable":true,"href":"https:\/\/roveyayinevi.com.tr\/index.php\/wp-json\/wp\/v2\/product_brand?post=742729"},{"taxonomy":"product_cat","embeddable":true,"href":"https:\/\/roveyayinevi.com.tr\/index.php\/wp-json\/wp\/v2\/product_cat?post=742729"},{"taxonomy":"product_tag","embeddable":true,"href":"https:\/\/roveyayinevi.com.tr\/index.php\/wp-json\/wp\/v2\/product_tag?post=742729"}],"curies":[{"name":"wp","href":"https:\/\/api.w.org\/{rel}","templated":true}]}}