{"id":742728,"date":"2025-08-28T01:18:58","date_gmt":"2025-08-27T22:18:58","guid":{"rendered":"https:\/\/roveyayinevi.com.tr\/index.php\/urun\/belediyelerde-stratejik-planlama-ve-kaynak-yonetimi\/"},"modified":"2026-04-16T02:53:52","modified_gmt":"2026-04-15T23:53:52","slug":"belediyelerde-stratejik-planlama-ve-kaynak-yonetimi","status":"publish","type":"product","link":"https:\/\/roveyayinevi.com.tr\/index.php\/urun\/belediyelerde-stratejik-planlama-ve-kaynak-yonetimi\/","title":{"rendered":"Belediyelerde Stratejik Planlama ve Kaynak Y\u00f6netimi"},"content":{"rendered":"<p>B\u0130R\u0130NC\u0130 B\u00d6L\u00dcM KAVRAMSAL VE TEOR\u0130K\/KURAMSAL \u00c7ER\u00c7EVE: STRATEJ\u0130K PLANLAMA   \u0130K\u0130NC\u0130 B\u00d6L\u00dcM KAVRAMSAL VE TEOR\u0130K\/KURAMSAL \u00c7ER\u00c7EVE: PERFORMANS VE PERFORMANS ESASLI B\u00dcT\u00c7ELEME   \u00dc\u00c7\u00dcNC\u00dc B\u00d6L\u00dcM T\u00dcRK\u0130YE\u2019DE BELED\u0120YELERDE STRATEJ\u0130K PLANLAMA VE PERFORMANS ESASLI B\u00dcT\u00c7ELEMEYE GE\u00c7\u0130\u015e   D\u00d6RD\u00dcNC\u00dc B\u00d6L\u00dcM EGE B\u00d6LGES\u0130 \u0130L VE B\u00dcY\u00dcK\u015eEH\u0130R BELED\u0130YELER\u0130NDE STRATEJ\u0130K PLANLAMA VE PERFORMANS ESASLI B\u00dcT\u00c7ELEME \u0130L\u0130\u015eK\u0130S\u0130<\/p>\n","protected":false},"excerpt":{"rendered":"<p>B\u0130R\u0130NC\u0130 B\u00d6L\u00dcM KAVRAMSAL VE TEOR\u0130K\/KURAMSAL \u00c7ER\u00c7EVE: STRATEJ\u0130K PLANLAMA \u0130K\u0130NC\u0130 B\u00d6L\u00dcM KAVRAMSAL VE TEOR\u0130K\/KURAMSAL \u00c7ER\u00c7EVE: PERFORMANS VE PERFORMANS ESASLI B\u00dcT\u00c7ELEME \u00dc\u00c7\u00dcNC\u00dc B\u00d6L\u00dcM T\u00dcRK\u0130YE\u2019DE BELED\u0120YELERDE STRATEJ\u0130K PLANLAMA VE<span class=\"excerpt-hellip\"> [\u2026]<\/span><\/p>\n","protected":false},"featured_media":0,"template":"","meta":{"_monsterinsights_skip_tracking":false,"_monsterinsights_sitenote_active":false,"_monsterinsights_sitenote_note":"","_monsterinsights_sitenote_category":0},"product_brand":[],"product_cat":[13043,14381],"product_tag":[],"class_list":{"0":"post-742728","1":"product","2":"type-product","3":"status-publish","5":"product_cat-ekonomi","6":"product_cat-isletme-muhasebe-maliye","7":"pa_cilt-ciltsiz","8":"pa_tur-kitap","9":"pa_yayinevi-gazi-kitabevi","10":"pa_yazar-dr-turkay-gozlukaya","12":"first","13":"instock","14":"sale","15":"shipping-taxable","16":"purchasable","17":"product-type-simple"},"_links":{"self":[{"href":"https:\/\/roveyayinevi.com.tr\/index.php\/wp-json\/wp\/v2\/product\/742728","targetHints":{"allow":["GET"]}}],"collection":[{"href":"https:\/\/roveyayinevi.com.tr\/index.php\/wp-json\/wp\/v2\/product"}],"about":[{"href":"https:\/\/roveyayinevi.com.tr\/index.php\/wp-json\/wp\/v2\/types\/product"}],"wp:attachment":[{"href":"https:\/\/roveyayinevi.com.tr\/index.php\/wp-json\/wp\/v2\/media?parent=742728"}],"wp:term":[{"taxonomy":"product_brand","embeddable":true,"href":"https:\/\/roveyayinevi.com.tr\/index.php\/wp-json\/wp\/v2\/product_brand?post=742728"},{"taxonomy":"product_cat","embeddable":true,"href":"https:\/\/roveyayinevi.com.tr\/index.php\/wp-json\/wp\/v2\/product_cat?post=742728"},{"taxonomy":"product_tag","embeddable":true,"href":"https:\/\/roveyayinevi.com.tr\/index.php\/wp-json\/wp\/v2\/product_tag?post=742728"}],"curies":[{"name":"wp","href":"https:\/\/api.w.org\/{rel}","templated":true}]}}