{"id":742726,"date":"2025-08-28T01:18:56","date_gmt":"2025-08-27T22:18:56","guid":{"rendered":"https:\/\/roveyayinevi.com.tr\/index.php\/urun\/guncel-gelismeler-isiginda-kuresellesme-ve-insan-haklari\/"},"modified":"2026-04-16T02:53:52","modified_gmt":"2026-04-15T23:53:52","slug":"guncel-gelismeler-isiginda-kuresellesme-ve-insan-haklari","status":"publish","type":"product","link":"https:\/\/roveyayinevi.com.tr\/index.php\/urun\/guncel-gelismeler-isiginda-kuresellesme-ve-insan-haklari\/","title":{"rendered":"G\u00fcncel Geli\u015fmeler I\u015f\u0131\u011f\u0131nda K\u00fcreselle\u015fme ve \u0130nsan Haklar\u0131"},"content":{"rendered":"<p>B\u00d6L\u00dcM 1 COVID-19, K\u00dcRESEL AKT\u00d6RLER\u0130N DE\u011e\u0130\u015eEN ROLLER\u0130 VE ULUSLARARASI \u0130NSAN HAKLARI   B\u00d6L\u00dcM 2 COVID-19 PANDEM\u0130S\u0130 S\u00dcREC\u0130 VE SONRASINDA K\u00dcRESELLE\u015eME VE B\u00d6LGESELLE\u015eME   B\u00d6L\u00dcM 3 AVRUPA B\u00d6LGESELC\u0130L\u0130\u011e\u0130 KAPSAMINDA \u0130NSAN HAKLARI: YABANCI D\u00dc\u015eMANLI\u011eI VE \u0130SLAMOFOB\u0130   B\u00d6L\u00dcM 4 \u0130NSAN HAKLARI \u00c7ER\u00c7EVES\u0130NDE AB\u2018N\u0130N M\u00dcLTEC\u0130 KR\u0130Z\u0130NDE NORM KIRAN POL\u0130T\u0130KASI   B\u00d6L\u00dcM 5 B\u0130REY EGEMENL\u0130\u011e\u0130 VE K\u00dcRESELLE\u015eME KAR\u015eISINDA L\u0130BERAL DEMOKRAS\u0130N\u0130N \u00c7IKMAZI B\u00d6L\u00dcM 6 NEOL\u0130BERAL K\u00dcRESELLE\u015eME S\u00dcREC\u0130NDE ORTA DO\u011eU\u2018DA \u0130NSAN HAKLARI   B\u00d6L\u00dcM 7 K\u00dcRESEL \u0130KL\u0130M DE\u011e\u0130\u015e\u0130KL\u0130\u011e\u0130N\u0130N \u0130NSAN\u0130 G\u00dcVENL\u0130\u011eE ETK\u0130S\u0130   B\u00d6L\u00dcM 8 K\u00dcRESELLE\u015eME EKSEN\u0130NDE \u0130SLAM \u0130\u015eB\u0130RL\u0130\u011e\u0130 TE\u015eK\u0130LATI<\/p>\n","protected":false},"excerpt":{"rendered":"<p>B\u00d6L\u00dcM 1 COVID-19, K\u00dcRESEL AKT\u00d6RLER\u0130N DE\u011e\u0130\u015eEN ROLLER\u0130 VE ULUSLARARASI \u0130NSAN HAKLARI B\u00d6L\u00dcM 2 COVID-19 PANDEM\u0130S\u0130 S\u00dcREC\u0130 VE SONRASINDA K\u00dcRESELLE\u015eME VE B\u00d6LGESELLE\u015eME B\u00d6L\u00dcM 3 AVRUPA B\u00d6LGESELC\u0130L\u0130\u011e\u0130 KAPSAMINDA<span class=\"excerpt-hellip\"> [\u2026]<\/span><\/p>\n","protected":false},"featured_media":0,"template":"","meta":{"_monsterinsights_skip_tracking":false,"_monsterinsights_sitenote_active":false,"_monsterinsights_sitenote_note":"","_monsterinsights_sitenote_category":0},"product_brand":[],"product_cat":[12337,14706],"product_tag":[],"class_list":{"0":"post-742726","1":"product","2":"type-product","3":"status-publish","5":"product_cat-politika-siyaset","6":"product_cat-siyaset-bilimi","7":"pa_cilt-ciltsiz","8":"pa_tur-kitap","9":"pa_yayinevi-gazi-kitabevi","10":"pa_yazar-ilyas-firat-cengiz-mehmet-ozyurek","12":"first","13":"instock","14":"sale","15":"shipping-taxable","16":"purchasable","17":"product-type-simple"},"_links":{"self":[{"href":"https:\/\/roveyayinevi.com.tr\/index.php\/wp-json\/wp\/v2\/product\/742726","targetHints":{"allow":["GET"]}}],"collection":[{"href":"https:\/\/roveyayinevi.com.tr\/index.php\/wp-json\/wp\/v2\/product"}],"about":[{"href":"https:\/\/roveyayinevi.com.tr\/index.php\/wp-json\/wp\/v2\/types\/product"}],"wp:attachment":[{"href":"https:\/\/roveyayinevi.com.tr\/index.php\/wp-json\/wp\/v2\/media?parent=742726"}],"wp:term":[{"taxonomy":"product_brand","embeddable":true,"href":"https:\/\/roveyayinevi.com.tr\/index.php\/wp-json\/wp\/v2\/product_brand?post=742726"},{"taxonomy":"product_cat","embeddable":true,"href":"https:\/\/roveyayinevi.com.tr\/index.php\/wp-json\/wp\/v2\/product_cat?post=742726"},{"taxonomy":"product_tag","embeddable":true,"href":"https:\/\/roveyayinevi.com.tr\/index.php\/wp-json\/wp\/v2\/product_tag?post=742726"}],"curies":[{"name":"wp","href":"https:\/\/api.w.org\/{rel}","templated":true}]}}