{"id":742725,"date":"2025-08-28T01:18:55","date_gmt":"2025-08-27T22:18:55","guid":{"rendered":"https:\/\/roveyayinevi.com.tr\/index.php\/urun\/surdurulebilir-liderlik\/"},"modified":"2026-04-16T02:53:52","modified_gmt":"2026-04-15T23:53:52","slug":"surdurulebilir-liderlik","status":"publish","type":"product","link":"https:\/\/roveyayinevi.com.tr\/index.php\/urun\/surdurulebilir-liderlik\/","title":{"rendered":"S\u00fcrd\u00fcr\u00fclebilir Liderlik"},"content":{"rendered":"<p>G\u0130R\u0130\u015e 1. L\u0130DERL\u0130K 1.1. L\u0130DERL\u0130K KAVRAMI 1.1.1. L\u0130DERL\u0130\u011e\u0130N TEMEL \u00d6ZELL\u0130KLER\u0130 1.1.2. L\u0130DERL\u0130\u011e\u0130N \u00d6NEM\u0130 VE GEREKS\u0130N\u0130MLER\u0130 1.2. L\u0130DERL\u0130K TEOR\u0130LER\u0130 1.2.1. \u00d6zellikler Teorisi 1.2.2. Davran\u0131\u015fsal Teoriler 1.2.2.1. Ohio State University Liderlik \u00c7al\u0131\u015fmalar\u0131 1.2.2.2. Michigan University Liderlik \u00c7al\u0131\u015fmalar\u0131 1.2.2.3. Robert Blake ve Jane Mouton\u2019un Y\u00f6netsel Diyagram\u0131 1.2.2.4. McGregor\u2019un X-Y Kuram\u0131 1.2.2.5. Rennis Likert\u2019in Sistem 4 Modeli 1.2.2.6. Iowa University Liderlik \u00c7al\u0131\u015fmalar\u0131 1.2.2.7. Tannenbaum ve Schmidt\u2019in Liderlik Do\u011frusu Modeli 1.2.2.8. Bale\u2019nin Harvard \u00dcniversitesi Ara\u015ft\u0131rmas\u0131 1.2.3. Durumsal Liderlik Teorileri 1.2.3.1. Reddin\u2019in \u00dc\u00e7 Boyutlu Liderlik Modeli 1.2.3.2. Vroom ve Yetton\u2019un (Karar A\u011fac\u0131) Liderlik Modeli 1.2.3.3. House ve Evans\u2019\u0131n Yol Ama\u00e7 Teorisi 1.2.3.4. Fiedler\u2019in Etkin Liderlik Modeli 1.2.3.5. Hersey ve Blanchard\u2019\u0131n Ya\u015fam E\u011frisi Modeli 1.2.4. Yeni Liderlik Teorileri 1.2.4.1. \u00c7evrimi\u00e7i Liderlik \/ E-Liderlik 1.2.4.2. Etik Liderlik 1.2.4.3. Hizmetk\u00e2r Liderlik 1.2.4.4. Karizmatik Liderlik 1.2.4.5. Kuantum Liderlik 1.2.4.6. Paternalist (Babacan) Liderlik 1.2.4.7. Ruhsal (Spirit\u00fcel) Liderlik 1.2.4.8. Simbiyotik Liderlik 1.2.4.9. Stratejik Liderlik 1.2.4.10. Transaksiyonel (Etkile\u015fimci) Liderlik 1.2.4.11. Transformasyonel (D\u00f6n\u00fc\u015f\u00fcmc\u00fc) Liderlik 2. S\u00dcRD\u00dcR\u00dcLEB\u0130L\u0130RL\u0130K 2.1. S\u00fcrd\u00fcr\u00fclebilirlik Kavram\u0131 2.1.1. S\u00fcrd\u00fcr\u00fclebilirli\u011fin \u00d6nemi 2.2. S\u00fcrd\u00fcr\u00fclebilirlikte \u00dc\u00e7 Boyut 2.2.1. Ekonomik Boyut 2.2.2. \u00c7evresel Boyut 2.2.3. Sosyal (Toplumsal) Boyut 2.3. S\u00fcrd\u00fcr\u00fclebilirli\u011fin Sa\u011flad\u0131\u011f\u0131 Faydalar 2.4. S\u00fcrd\u00fcr\u00fclebilirlik ile \u0130lgili Kuram ve Yakla\u015f\u0131mlar 2.4.1. Sistem Yakla\u015f\u0131m\u0131 2.4.2. Kaynak Tabanl\u0131 Yakla\u015f\u0131m 2.4.3. Kurumsall\u0131k Yakla\u015f\u0131m\u0131 2.4.4. Payda\u015f Kuram\u0131 2.5. Kurumsal S\u00fcrd\u00fcr\u00fclebilirlik ve Kurumsal Sosyal Sorumluluk 2.6. \u00d6rg\u00fctsel S\u00fcrd\u00fcr\u00fclebilirlik 2.6.1. \u00d6rg\u00fctsel S\u00fcrd\u00fcr\u00fclebilirli\u011fin \u00d6zellikleri 2.6.2. S\u00fcrd\u00fcr\u00fclebilir \u00d6rg\u00fct K\u00fclt\u00fcr\u00fc 2.6.3. S\u00fcrd\u00fcr\u00fclebilir Y\u00f6netim 2.6.4. S\u00fcrd\u00fcr\u00fclebilir \u0130nsan Kaynaklar\u0131 Y\u00f6netimi 2.6.5. S\u00fcrd\u00fcr\u00fclebilir \u00dcretim 3. S\u00dcRD\u00dcR\u00dcLEB\u0130L\u0130R L\u0130DERL\u0130K 3.1. S\u00fcrd\u00fcr\u00fclebilir Liderlik Kavram\u0131 3.2. S\u00fcrd\u00fcr\u00fclebilir Liderli\u011fi Etkileyen Fakt\u00f6rler 3.3. S\u00fcrd\u00fcr\u00fclebilir Liderlik \u00d6zellikleri ve Yeterlilikleri 3.4. S\u00fcrd\u00fcr\u00fclebilir Liderlik Modelleri 3.4.1. Hargreaves ve Fink\u2019in Liderlik Modeli 3.4.2. Avery ve Bergsteiener\u2019in S\u00fcrd\u00fcr\u00fclebilir Liderlik Modeli \u201cBal Ar\u0131s\u0131 ve \u00c7ekirge Yakla\u015f\u0131m\u0131 3.4.3. Davies\u2019in S\u00fcrd\u00fcr\u00fclebilir Liderlik Modeli 3.4.4. Lambert\u2019in S\u00fcrd\u00fcr\u00fclebilir Liderlik Modeli 3.4.5. \u0160imanskien\u0117 ve Zuperkiene\u2019nin Liderlik Modeli 3.4.6. Cambridge S\u00fcrd\u00fcr\u00fclebilir Liderlik Modeli 3.4.7. Russell Reynolds Liderlik Modeli 3.5. S\u00fcrd\u00fcr\u00fclebilir Liderlikte Liderlik Ard\u0131ll\u0131\u011f\u0131 (\u00d6rg\u00fctsel Yedekleme) 3.6. S\u00fcrd\u00fcr\u00fclebilir Liderlik ve Benzer Liderlik Tarzlar\u0131 3.7. S\u00fcrd\u00fcr\u00fclebilir Liderlikle \u0130lgili Yap\u0131lan Ara\u015ft\u0131rmalar 4. SONU\u00c7<\/p>\n","protected":false},"excerpt":{"rendered":"<p>G\u0130R\u0130\u015e 1. L\u0130DERL\u0130K 1.1. L\u0130DERL\u0130K KAVRAMI 1.1.1. L\u0130DERL\u0130\u011e\u0130N TEMEL \u00d6ZELL\u0130KLER\u0130 1.1.2. L\u0130DERL\u0130\u011e\u0130N \u00d6NEM\u0130 VE GEREKS\u0130N\u0130MLER\u0130 1.2. L\u0130DERL\u0130K TEOR\u0130LER\u0130 1.2.1. \u00d6zellikler Teorisi 1.2.2. Davran\u0131\u015fsal Teoriler 1.2.2.1. Ohio<span class=\"excerpt-hellip\"> [\u2026]<\/span><\/p>\n","protected":false},"featured_media":0,"template":"","meta":{"_monsterinsights_skip_tracking":false,"_monsterinsights_sitenote_active":false,"_monsterinsights_sitenote_note":"","_monsterinsights_sitenote_category":0},"product_brand":[],"product_cat":[13043,14381],"product_tag":[],"class_list":{"0":"post-742725","1":"product","2":"type-product","3":"status-publish","5":"product_cat-ekonomi","6":"product_cat-isletme-muhasebe-maliye","7":"pa_cilt-ciltsiz","8":"pa_tur-kitap","9":"pa_yayinevi-gazi-kitabevi","10":"pa_yazar-dr-huseyin-ciceklioglu","12":"first","13":"instock","14":"sale","15":"shipping-taxable","16":"purchasable","17":"product-type-simple"},"_links":{"self":[{"href":"https:\/\/roveyayinevi.com.tr\/index.php\/wp-json\/wp\/v2\/product\/742725","targetHints":{"allow":["GET"]}}],"collection":[{"href":"https:\/\/roveyayinevi.com.tr\/index.php\/wp-json\/wp\/v2\/product"}],"about":[{"href":"https:\/\/roveyayinevi.com.tr\/index.php\/wp-json\/wp\/v2\/types\/product"}],"wp:attachment":[{"href":"https:\/\/roveyayinevi.com.tr\/index.php\/wp-json\/wp\/v2\/media?parent=742725"}],"wp:term":[{"taxonomy":"product_brand","embeddable":true,"href":"https:\/\/roveyayinevi.com.tr\/index.php\/wp-json\/wp\/v2\/product_brand?post=742725"},{"taxonomy":"product_cat","embeddable":true,"href":"https:\/\/roveyayinevi.com.tr\/index.php\/wp-json\/wp\/v2\/product_cat?post=742725"},{"taxonomy":"product_tag","embeddable":true,"href":"https:\/\/roveyayinevi.com.tr\/index.php\/wp-json\/wp\/v2\/product_tag?post=742725"}],"curies":[{"name":"wp","href":"https:\/\/api.w.org\/{rel}","templated":true}]}}