{"id":742719,"date":"2025-08-28T01:18:46","date_gmt":"2025-08-27T22:18:46","guid":{"rendered":"https:\/\/roveyayinevi.com.tr\/index.php\/urun\/ergenlik-sivilceleri\/"},"modified":"2026-04-16T02:53:51","modified_gmt":"2026-04-15T23:53:51","slug":"ergenlik-sivilceleri","status":"publish","type":"product","link":"https:\/\/roveyayinevi.com.tr\/index.php\/urun\/ergenlik-sivilceleri\/","title":{"rendered":"Ergenlik Sivilceleri"},"content":{"rendered":"<p>Karikat\u00fcrist, yazar \u0130zel Rozental\u2019\u0131n kaleminden birbirini takip eden \u00f6yk\u00fcler toplam\u0131 Ergenlik Sivilceleri. Bir\u00e7ok y\u00f6n\u00fcyle an\u0131-anlat\u0131 t\u00fcr\u00fcnde seyreden \u00f6yk\u00fclerde Mi\u015fu adl\u0131 kahraman\u0131m\u0131z\u0131n ba\u015f\u0131ndan ge\u00e7en olaylar\u0131 anlat\u0131yor Rozental.D\u00f6nemin kozmopolit \u0130stanbul\u2019unda yak\u0131n arkada\u015f\u0131 Jojo ile birlikte Mi\u015fu\u2019nun, ilk erkeklik tecr\u00fcbelerinden futbola, mahalle sava\u015flar\u0131ndan yaz a\u015fklar\u0131na b\u00fcy\u00fcm\u00fc hik\u00e2yeleri ile i\u00e7inde b\u00fcy\u00fcd\u00fc\u011f\u00fc \u00e7evreyi ve d\u00fcnyay\u0131 ke\u015ffetme ser\u00fcvenlerinin hik\u00e2yesi. \u0130lk gen\u00e7likten g\u00fcn\u00fcn birinde 65 ya\u015f \u00fcst\u00fc olduklar\u0131 i\u00e7in \u201csoka\u011fa bile \u00e7\u0131kamad\u0131klar\u0131\u201d g\u00fcnlere uzanan hik\u00e2yelerde Rozental, \u00e7ocuklu\u011fun ve macerac\u0131 ruh halinin ne zaman ve nas\u0131l sona erdi\u011finin cevab\u0131n\u0131 ar\u0131yor\u2026 (Tan\u0131t\u0131m B\u00fclteninden)<\/p>\n","protected":false},"excerpt":{"rendered":"<p>Karikat\u00fcrist, yazar \u0130zel Rozental\u2019\u0131n kaleminden birbirini takip eden \u00f6yk\u00fcler toplam\u0131 Ergenlik Sivilceleri. Bir\u00e7ok y\u00f6n\u00fcyle an\u0131-anlat\u0131 t\u00fcr\u00fcnde seyreden \u00f6yk\u00fclerde Mi\u015fu adl\u0131 kahraman\u0131m\u0131z\u0131n ba\u015f\u0131ndan ge\u00e7en olaylar\u0131 anlat\u0131yor Rozental.D\u00f6nemin<span class=\"excerpt-hellip\"> [\u2026]<\/span><\/p>\n","protected":false},"featured_media":0,"template":"","meta":{"_monsterinsights_skip_tracking":false,"_monsterinsights_sitenote_active":false,"_monsterinsights_sitenote_note":"","_monsterinsights_sitenote_category":0},"product_brand":[],"product_cat":[12291,12711],"product_tag":[],"class_list":{"0":"post-742719","1":"product","2":"type-product","3":"status-publish","5":"product_cat-edebiyat","6":"product_cat-roman-oyku","7":"pa_cilt-ciltsiz","8":"pa_tur-kitap","9":"pa_yayinevi-kirmizi-kedi-yayinevi","10":"pa_yazar-izel-rozental","12":"first","13":"instock","14":"sale","15":"shipping-taxable","16":"purchasable","17":"product-type-simple"},"_links":{"self":[{"href":"https:\/\/roveyayinevi.com.tr\/index.php\/wp-json\/wp\/v2\/product\/742719","targetHints":{"allow":["GET"]}}],"collection":[{"href":"https:\/\/roveyayinevi.com.tr\/index.php\/wp-json\/wp\/v2\/product"}],"about":[{"href":"https:\/\/roveyayinevi.com.tr\/index.php\/wp-json\/wp\/v2\/types\/product"}],"wp:attachment":[{"href":"https:\/\/roveyayinevi.com.tr\/index.php\/wp-json\/wp\/v2\/media?parent=742719"}],"wp:term":[{"taxonomy":"product_brand","embeddable":true,"href":"https:\/\/roveyayinevi.com.tr\/index.php\/wp-json\/wp\/v2\/product_brand?post=742719"},{"taxonomy":"product_cat","embeddable":true,"href":"https:\/\/roveyayinevi.com.tr\/index.php\/wp-json\/wp\/v2\/product_cat?post=742719"},{"taxonomy":"product_tag","embeddable":true,"href":"https:\/\/roveyayinevi.com.tr\/index.php\/wp-json\/wp\/v2\/product_tag?post=742719"}],"curies":[{"name":"wp","href":"https:\/\/api.w.org\/{rel}","templated":true}]}}