{"id":742718,"date":"2025-08-28T01:18:46","date_gmt":"2025-08-27T22:18:46","guid":{"rendered":"https:\/\/roveyayinevi.com.tr\/index.php\/urun\/emperyalizmin-kiskacinda-ulus-devlet-ve-kurulus-doktrini\/"},"modified":"2026-04-16T02:53:51","modified_gmt":"2026-04-15T23:53:51","slug":"emperyalizmin-kiskacinda-ulus-devlet-ve-kurulus-doktrini","status":"publish","type":"product","link":"https:\/\/roveyayinevi.com.tr\/index.php\/urun\/emperyalizmin-kiskacinda-ulus-devlet-ve-kurulus-doktrini\/","title":{"rendered":"Emperyalizmin K\u0131skac\u0131nda Ulus &#8211; Devlet ve Kurulu\u015f Doktrini"},"content":{"rendered":"<p>Ku\u015fat\u0131lm\u0131\u015fl\u0131\u011fa boyun e\u011fen bir ulus olmad\u0131k biz\u2026En \u00e7aresiz oldu\u011fumuz san\u0131lan anlarda, g\u00fcc\u00fcm\u00fcz\u00fc fark ettik, aya\u011fa kalkt\u0131k ve y\u00fcr\u00fcd\u00fck. G\u00fcc\u00fcm\u00fcz\u00fc bize unutturmaya \u00e7al\u0131\u015fanlar oldu. Aram\u0131zda unutmaya haz\u0131r olanlar da bulundu. Ancak kapkara bulutlar\u0131n aras\u0131nda parlayan \u0131\u015f\u0131\u011f\u0131 bulmay\u0131, ayd\u0131nl\u0131\u011fa kararl\u0131l\u0131kla y\u00fcr\u00fcmeyi bildik. Tarihimiz rehber, Atat\u00fcrk \u00f6nderimiz oldu. Emperyalizme diz \u00e7\u00f6kt\u00fcren bu millet, tam ba\u011f\u0131ms\u0131z ya\u015fama hakk\u0131n\u0131 can\u0131n\u0131 vererek teslim alm\u0131\u015f ancak siyasetin kirli rekabeti i\u00e7inde par\u00e7a par\u00e7a teslim edildi\u011fini alg\u0131lamakta ge\u00e7 kalm\u0131\u015ft\u0131r.T\u00fcrkiye\u2019ye kaybettirilenleri yeniden kazanmak, \u0131\u015f\u0131\u011f\u0131 yakalamak i\u00e7in gereklidir.\u00dclkenin d\u00f6rt yan\u0131nda yak\u0131lan \u00e7oban ate\u015fleri giderek \u00e7o\u011falmakta, Cumhuriyet de\u011ferlerini savunanlar ayn\u0131 kayg\u0131lar\u0131 ta\u015f\u0131makta, ayn\u0131 duygular\u0131 payla\u015fmakta, ayn\u0131 aray\u0131\u015flar\u0131 seslendirmektedirler. Eksik kalan tek \u015fey vard\u0131r; birle\u015fmek, b\u00fct\u00fcnle\u015fmek, g\u00fcc\u00fcn\u00fcn fark\u0131na var\u0131p, ortak hareket edebilmektir. (Tan\u0131t\u0131m B\u00fclteninden)<\/p>\n","protected":false},"excerpt":{"rendered":"<p>Ku\u015fat\u0131lm\u0131\u015fl\u0131\u011fa boyun e\u011fen bir ulus olmad\u0131k biz\u2026En \u00e7aresiz oldu\u011fumuz san\u0131lan anlarda, g\u00fcc\u00fcm\u00fcz\u00fc fark ettik, aya\u011fa kalkt\u0131k ve y\u00fcr\u00fcd\u00fck. G\u00fcc\u00fcm\u00fcz\u00fc bize unutturmaya \u00e7al\u0131\u015fanlar oldu. Aram\u0131zda unutmaya haz\u0131r<span class=\"excerpt-hellip\"> [\u2026]<\/span><\/p>\n","protected":false},"featured_media":0,"template":"","meta":{"_monsterinsights_skip_tracking":false,"_monsterinsights_sitenote_active":false,"_monsterinsights_sitenote_note":"","_monsterinsights_sitenote_category":0},"product_brand":[],"product_cat":[13590,12337],"product_tag":[],"class_list":{"0":"post-742718","1":"product","2":"type-product","3":"status-publish","5":"product_cat-arastirma-inceleme-politika-siyaset","6":"product_cat-politika-siyaset","7":"pa_cilt-ciltsiz","8":"pa_tur-kitap","9":"pa_yayinevi-kirmizi-kedi-yayinevi","10":"pa_yazar-nur-serter","12":"first","13":"instock","14":"sale","15":"shipping-taxable","16":"purchasable","17":"product-type-simple"},"_links":{"self":[{"href":"https:\/\/roveyayinevi.com.tr\/index.php\/wp-json\/wp\/v2\/product\/742718","targetHints":{"allow":["GET"]}}],"collection":[{"href":"https:\/\/roveyayinevi.com.tr\/index.php\/wp-json\/wp\/v2\/product"}],"about":[{"href":"https:\/\/roveyayinevi.com.tr\/index.php\/wp-json\/wp\/v2\/types\/product"}],"wp:attachment":[{"href":"https:\/\/roveyayinevi.com.tr\/index.php\/wp-json\/wp\/v2\/media?parent=742718"}],"wp:term":[{"taxonomy":"product_brand","embeddable":true,"href":"https:\/\/roveyayinevi.com.tr\/index.php\/wp-json\/wp\/v2\/product_brand?post=742718"},{"taxonomy":"product_cat","embeddable":true,"href":"https:\/\/roveyayinevi.com.tr\/index.php\/wp-json\/wp\/v2\/product_cat?post=742718"},{"taxonomy":"product_tag","embeddable":true,"href":"https:\/\/roveyayinevi.com.tr\/index.php\/wp-json\/wp\/v2\/product_tag?post=742718"}],"curies":[{"name":"wp","href":"https:\/\/api.w.org\/{rel}","templated":true}]}}