{"id":742716,"date":"2025-08-28T01:18:43","date_gmt":"2025-08-27T22:18:43","guid":{"rendered":"https:\/\/roveyayinevi.com.tr\/index.php\/urun\/kurtulus-icin-tek-yol-dogrudan-demokrasi\/"},"modified":"2026-04-16T02:53:51","modified_gmt":"2026-04-15T23:53:51","slug":"kurtulus-icin-tek-yol-dogrudan-demokrasi","status":"publish","type":"product","link":"https:\/\/roveyayinevi.com.tr\/index.php\/urun\/kurtulus-icin-tek-yol-dogrudan-demokrasi\/","title":{"rendered":"Kurtulu\u015f \u0130\u00e7in Tek Yol Do\u011frudan Demokrasi"},"content":{"rendered":"<p>\u2022      Egemenlik ne milletvekillerine ne de parlamentoya emanet edilemeyecek kadar de\u011ferli ve kutsal bir hakt\u0131r. \u2022      Demokratik bir \u00fclkede lider olmaz, \u00e7\u00fcnk\u00fc liderin oldu\u011fu bir yerde demokrasi olamaz. \u2022      Bir ki\u015finin \u00fclke y\u00f6netiminde tek ba\u015f\u0131na s\u00f6z sahibi olmas\u0131 demokrasi ad\u0131na en b\u00fcy\u00fck tehlikedir. \u2022      Temsili demokrasinin ger\u00e7ek demokrasi ile uzaktan yak\u0131ndan bir ilgisi yoktur. Temsili demokrasi kocaman bir yalan ve aldatmacad\u0131r. \u2022      Siyasi parti, milletvekili, bakan, ba\u015fbakan ve cumhurba\u015fkan\u0131n\u0131n oldu\u011fu bir \u00fclkede ger\u00e7ek anlamda demokrasiden s\u00f6z edilemez. \u2022      Halk\u0131n do\u011frudan onaylamad\u0131\u011f\u0131 hi\u00e7bir yasa yasa de\u011fildir.\u2022      Siyaset\u00e7ilerin ve siyasi partilerin 80 y\u0131ll\u0131k saltanat\u0131na son vermeden \u00f6zlemini duydu\u011fumuz T\u00fcrkiye\u2019ye kavu\u015fmam\u0131z m\u00fcmk\u00fcn de\u011fildir.<\/p>\n","protected":false},"excerpt":{"rendered":"<p>\u2022 Egemenlik ne milletvekillerine ne de parlamentoya emanet edilemeyecek kadar de\u011ferli ve kutsal bir hakt\u0131r. \u2022 Demokratik bir \u00fclkede lider olmaz, \u00e7\u00fcnk\u00fc liderin oldu\u011fu bir yerde<span class=\"excerpt-hellip\"> [\u2026]<\/span><\/p>\n","protected":false},"featured_media":0,"template":"","meta":{"_monsterinsights_skip_tracking":false,"_monsterinsights_sitenote_active":false,"_monsterinsights_sitenote_note":"","_monsterinsights_sitenote_category":0},"product_brand":[],"product_cat":[13059,12337],"product_tag":[],"class_list":{"0":"post-742716","1":"product","2":"type-product","3":"status-publish","5":"product_cat-diger-politika-siyaset","6":"product_cat-politika-siyaset","7":"pa_cilt-ciltsiz","8":"pa_tur-kitap","9":"pa_yayinevi-platanus-publishing","10":"pa_yazar-sabahattin-celik","12":"first","13":"instock","14":"sale","15":"shipping-taxable","16":"purchasable","17":"product-type-simple"},"_links":{"self":[{"href":"https:\/\/roveyayinevi.com.tr\/index.php\/wp-json\/wp\/v2\/product\/742716","targetHints":{"allow":["GET"]}}],"collection":[{"href":"https:\/\/roveyayinevi.com.tr\/index.php\/wp-json\/wp\/v2\/product"}],"about":[{"href":"https:\/\/roveyayinevi.com.tr\/index.php\/wp-json\/wp\/v2\/types\/product"}],"wp:attachment":[{"href":"https:\/\/roveyayinevi.com.tr\/index.php\/wp-json\/wp\/v2\/media?parent=742716"}],"wp:term":[{"taxonomy":"product_brand","embeddable":true,"href":"https:\/\/roveyayinevi.com.tr\/index.php\/wp-json\/wp\/v2\/product_brand?post=742716"},{"taxonomy":"product_cat","embeddable":true,"href":"https:\/\/roveyayinevi.com.tr\/index.php\/wp-json\/wp\/v2\/product_cat?post=742716"},{"taxonomy":"product_tag","embeddable":true,"href":"https:\/\/roveyayinevi.com.tr\/index.php\/wp-json\/wp\/v2\/product_tag?post=742716"}],"curies":[{"name":"wp","href":"https:\/\/api.w.org\/{rel}","templated":true}]}}