{"id":742715,"date":"2025-08-28T01:18:42","date_gmt":"2025-08-27T22:18:42","guid":{"rendered":"https:\/\/roveyayinevi.com.tr\/index.php\/urun\/hayvan-dostlarimiz-mila-ve-sarpin-matematik-oykuleri-6\/"},"modified":"2026-04-16T02:53:51","modified_gmt":"2026-04-15T23:53:51","slug":"hayvan-dostlarimiz-mila-ve-sarpin-matematik-oykuleri-6","status":"publish","type":"product","link":"https:\/\/roveyayinevi.com.tr\/index.php\/urun\/hayvan-dostlarimiz-mila-ve-sarpin-matematik-oykuleri-6\/","title":{"rendered":"Hayvan Dostlar\u0131m\u0131z-Mila ve Sarp&#8217;\u0131n Matematik \u00d6yk\u00fcleri 6"},"content":{"rendered":"<p>Mila ve Sarp 6 ya\u015f\u0131nda \u00e7ok iyi anla\u015fan iki arkada\u015f. Ayn\u0131 okula gidiyorlar, ayn\u0131 sokakta oturuyorlar ve okulsonras\u0131 zamanlar\u0131n\u0131n \u00e7o\u011funu birlikte ge\u00e7iriyorlar.Bu \u00f6yk\u00fcm\u00fczde, Mila ve Sarp sokak hayvanlar\u0131na yard\u0131m etmek istiyor. Bar\u0131na\u011fa mama ba\u011f\u0131\u015f\u0131 yapabilmek i\u00e7in bir\u00e7\u00f6z\u00fcm bulmalar\u0131 gerekli.Serinin 6. kitab\u0131nda Mila ve Sarp, parayla al\u0131\u015fveri\u015f yapmay\u0131 ve para \u00fcst\u00fc hesaplamay\u0131 \u00f6\u011freniyor..<\/p>\n","protected":false},"excerpt":{"rendered":"<p>Mila ve Sarp 6 ya\u015f\u0131nda \u00e7ok iyi anla\u015fan iki arkada\u015f. Ayn\u0131 okula gidiyorlar, ayn\u0131 sokakta oturuyorlar ve okulsonras\u0131 zamanlar\u0131n\u0131n \u00e7o\u011funu birlikte ge\u00e7iriyorlar.Bu \u00f6yk\u00fcm\u00fczde, Mila ve Sarp<span class=\"excerpt-hellip\"> [\u2026]<\/span><\/p>\n","protected":false},"featured_media":0,"template":"","meta":{"_monsterinsights_skip_tracking":false,"_monsterinsights_sitenote_active":false,"_monsterinsights_sitenote_note":"","_monsterinsights_sitenote_category":0},"product_brand":[],"product_cat":[12275,12274],"product_tag":[],"class_list":{"0":"post-742715","1":"product","2":"type-product","3":"status-publish","5":"product_cat-6-12-yas-kitaplari","6":"product_cat-cocuk-ve-genclik-kitaplari","7":"pa_cilt-ciltsiz","8":"pa_tur-kitap","9":"pa_yayinevi-potikare-yayincilik","10":"pa_yazar-kolektif","12":"first","13":"instock","14":"sale","15":"shipping-taxable","16":"purchasable","17":"product-type-simple"},"_links":{"self":[{"href":"https:\/\/roveyayinevi.com.tr\/index.php\/wp-json\/wp\/v2\/product\/742715","targetHints":{"allow":["GET"]}}],"collection":[{"href":"https:\/\/roveyayinevi.com.tr\/index.php\/wp-json\/wp\/v2\/product"}],"about":[{"href":"https:\/\/roveyayinevi.com.tr\/index.php\/wp-json\/wp\/v2\/types\/product"}],"wp:attachment":[{"href":"https:\/\/roveyayinevi.com.tr\/index.php\/wp-json\/wp\/v2\/media?parent=742715"}],"wp:term":[{"taxonomy":"product_brand","embeddable":true,"href":"https:\/\/roveyayinevi.com.tr\/index.php\/wp-json\/wp\/v2\/product_brand?post=742715"},{"taxonomy":"product_cat","embeddable":true,"href":"https:\/\/roveyayinevi.com.tr\/index.php\/wp-json\/wp\/v2\/product_cat?post=742715"},{"taxonomy":"product_tag","embeddable":true,"href":"https:\/\/roveyayinevi.com.tr\/index.php\/wp-json\/wp\/v2\/product_tag?post=742715"}],"curies":[{"name":"wp","href":"https:\/\/api.w.org\/{rel}","templated":true}]}}