{"id":742714,"date":"2025-08-28T01:18:41","date_gmt":"2025-08-27T22:18:41","guid":{"rendered":"https:\/\/roveyayinevi.com.tr\/index.php\/urun\/nasihatler-ve-hikmetler\/"},"modified":"2026-04-16T02:53:51","modified_gmt":"2026-04-15T23:53:51","slug":"nasihatler-ve-hikmetler","status":"publish","type":"product","link":"https:\/\/roveyayinevi.com.tr\/index.php\/urun\/nasihatler-ve-hikmetler\/","title":{"rendered":"Nasihatler ve Hikmetler"},"content":{"rendered":"<p>1939 y\u0131l\u0131nda Mersin ilimizin Mut il\u00e7esinin Hac\u0131 Ahmetli K\u00f6y\u00fc, \u00c7atalharman Mahallesi\u2019nde do\u011fdum. Babam\u0131n ad\u0131 Osman, anam\u0131n ad\u0131 Mene. \u0130ki anadan alt\u0131s\u0131 k\u0131z, \u00fc\u00e7\u00fc o\u011flan dokuz karda\u015f\u0131z.   On ya\u015f\u0131mdayken o\u011flak, kuzu g\u00fctmeye ba\u015flad\u0131m. \u00c7obanc\u0131l\u0131\u011f\u0131m yedi sene s\u00fcrd\u00fc. On yedi ya\u015f\u0131mda hari\u00e7ten ilkokul diplomas\u0131 al\u0131p, Mut Ortaokuluna kayd\u0131m\u0131 yapt\u0131rd\u0131m. Ortaokuldan sonra Silifke Lisesinden 1965 y\u0131l\u0131nda mezun oldum. Ayn\u0131 y\u0131l Gazi Terbiyenin Frans\u0131zca B\u00f6l\u00fcm\u00fcn\u00fc, Atat\u00fcrk \u00dcniversitesi Frans\u0131z filolojisini (Frans\u0131z Dili Ve Edebiyat\u0131) kazand\u0131m. Tabi ki, \u00fcniversiteyi tercih ettim. 1965 y\u0131l\u0131nda \u00fcniversiteye kayd\u0131m\u0131 yapt\u0131rd\u0131m. Yard\u0131mc\u0131 bran\u015flar\u0131m \u0130ngilizce ve Latincedir. Her iki dilden de sertifika ald\u0131m. 1969 y\u0131l\u0131nda \u00fcniversiteden mezun olarak Anamur Lisesine atand\u0131m.   1970 y\u0131l\u0131nda Mut\u2019un Hisar K\u00f6y\u00fcnden Mulla Ahmet Osman \u00d6zer\u2019in k\u0131z\u0131 Emine ile evlendim. \u00dc\u00e7 \u00e7ocu\u011fumuz oldu. Af\u015fin, O\u011fuz Av\u015far ve As\u0131m. (O\u011fuz Av\u015far Ayd\u0131n orman m\u00fchendisi o\u011flum 14.08.2021 y\u0131l\u0131nda yang\u0131n s\u00f6nd\u00fcrme esnas\u0131nda \u015fehit oldu.)   1972 y\u0131l\u0131nda Mut Lisesine tayin oldum. 1975 tarihinde askerli\u011fimi Bornova\u2019da yedek subay olarak yapt\u0131m. 1985 y\u0131l\u0131nda \u201cy\u0131l\u0131n \u00f6\u011fretmenli\u011fine\u201d lay\u0131k g\u00f6r\u00fclerek \u00f6d\u00fcl\u00fcm\u00fc ald\u0131m.   Mut d\u0131\u015f\u0131na \u00e7\u0131kmadan1996 tarihinde emekli oldum. O tarihten sonra Mut\u2019un k\u00fclt\u00fcrel de\u011ferlerine y\u00f6neldim. Kitab\u0131 sevdim, okumay\u0131 sevdim.   Salih AYDIN Mut \/ Mersin<\/p>\n","protected":false},"excerpt":{"rendered":"<p>1939 y\u0131l\u0131nda Mersin ilimizin Mut il\u00e7esinin Hac\u0131 Ahmetli K\u00f6y\u00fc, \u00c7atalharman Mahallesi\u2019nde do\u011fdum. Babam\u0131n ad\u0131 Osman, anam\u0131n ad\u0131 Mene. \u0130ki anadan alt\u0131s\u0131 k\u0131z, \u00fc\u00e7\u00fc o\u011flan dokuz karda\u015f\u0131z.<span class=\"excerpt-hellip\"> [\u2026]<\/span><\/p>\n","protected":false},"featured_media":0,"template":"","meta":{"_monsterinsights_skip_tracking":false,"_monsterinsights_sitenote_active":false,"_monsterinsights_sitenote_note":"","_monsterinsights_sitenote_category":0},"product_brand":[],"product_cat":[12777,12291],"product_tag":[],"class_list":{"0":"post-742714","1":"product","2":"type-product","3":"status-publish","5":"product_cat-deneme","6":"product_cat-edebiyat","7":"pa_cilt-ciltsiz","8":"pa_tur-kitap","9":"pa_yayinevi-gulnar-yayinlari","10":"pa_yazar-salih-aydin","12":"first","13":"instock","14":"sale","15":"shipping-taxable","16":"purchasable","17":"product-type-simple"},"_links":{"self":[{"href":"https:\/\/roveyayinevi.com.tr\/index.php\/wp-json\/wp\/v2\/product\/742714","targetHints":{"allow":["GET"]}}],"collection":[{"href":"https:\/\/roveyayinevi.com.tr\/index.php\/wp-json\/wp\/v2\/product"}],"about":[{"href":"https:\/\/roveyayinevi.com.tr\/index.php\/wp-json\/wp\/v2\/types\/product"}],"wp:attachment":[{"href":"https:\/\/roveyayinevi.com.tr\/index.php\/wp-json\/wp\/v2\/media?parent=742714"}],"wp:term":[{"taxonomy":"product_brand","embeddable":true,"href":"https:\/\/roveyayinevi.com.tr\/index.php\/wp-json\/wp\/v2\/product_brand?post=742714"},{"taxonomy":"product_cat","embeddable":true,"href":"https:\/\/roveyayinevi.com.tr\/index.php\/wp-json\/wp\/v2\/product_cat?post=742714"},{"taxonomy":"product_tag","embeddable":true,"href":"https:\/\/roveyayinevi.com.tr\/index.php\/wp-json\/wp\/v2\/product_tag?post=742714"}],"curies":[{"name":"wp","href":"https:\/\/api.w.org\/{rel}","templated":true}]}}