{"id":742712,"date":"2025-08-28T01:18:39","date_gmt":"2025-08-27T22:18:39","guid":{"rendered":"https:\/\/roveyayinevi.com.tr\/index.php\/urun\/reklam-teorileri-1\/"},"modified":"2026-04-16T02:53:51","modified_gmt":"2026-04-15T23:53:51","slug":"reklam-teorileri-1","status":"publish","type":"product","link":"https:\/\/roveyayinevi.com.tr\/index.php\/urun\/reklam-teorileri-1\/","title":{"rendered":"Reklam Teorileri-1"},"content":{"rendered":"<p>Reklam ara\u015ft\u0131rmalar\u0131nda yani reklam\u0131n nas\u0131l \u00e7al\u0131\u015ft\u0131\u011f\u0131n\u0131 anlamaya \u00e7al\u0131\u015f\u0131rken yap\u0131lanara\u015ft\u0131rmalarda kullan\u0131lan teorilerin yar\u0131s\u0131ndan biraz fazlas\u0131 psikoloji bilim dal\u0131na aittir. \u0130lgilidi\u011fer dallar ise pazarlama, ileti\u015fim, sosyoloji, antropoloji ve reklam\u0131n kendi teorileridir.Tamam\u0131 reklam\u0131n insanlar\u0131 nas\u0131l etkiledi\u011fini farkl\u0131 varsay\u0131mlara dayal\u0131 hipotezlerle ortayakoyar ve reklam\u0131n nas\u0131l \u00e7al\u0131\u015ft\u0131\u011f\u0131na y\u00f6nelik bilgimizi zenginle\u015ftirir.Ne yaz\u0131k ki sadece bir teoriyi okuyup \u00f6\u011frenerek reklamlar\u0131n insan davran\u0131\u015f\u0131n\u0131 nas\u0131ly\u00f6nlendirdi\u011fini anlamak m\u00fcmk\u00fcn de\u011fildir. T\u00fcm teorik \u00e7al\u0131\u015fmalar\u0131, yakla\u015f\u0131mlar\u0131 bilerekt\u00fcm\u00fcnden bir sonuca ula\u015fmak, hangi reklam karar\u0131n\u0131 veriyorsak ilgili teoriden o kararla ilgilib\u00f6l\u00fcm\u00fc almak en do\u011frusudur. \u015eu an itibariyle reklamlar\u0131 anlaman\u0131n ve etkili reklamyapman\u0131n da ba\u015fka bir yolu yoktur. Bu nedenle bu kitapta reklamlar\u0131 anlamam\u0131za yarayacaken \u00f6nemli 13 reklam teorisini bir araya getirdik. Yazarlar bu 13 teoride anla\u015f\u0131l\u0131r bir dillereklamlar\u0131n nas\u0131l \u00e7al\u0131\u015ft\u0131\u011f\u0131n\u0131 anlat\u0131yorlar. Sadece geleneksel medya reklamlar\u0131n\u0131n de\u011fil internetve sosyal a\u011f reklamlar\u0131n\u0131n da nas\u0131l \u00e7al\u0131\u015ft\u0131\u011f\u0131n\u0131 ayr\u0131nt\u0131lar\u0131 ile ortaya koyuyorlar.Reklam konusunu daha iyi anlamak, bu konuda ara\u015ft\u0131rma yapabilmek, daha iyi uygulamac\u0131olmak isteyenler bu kitab\u0131 okumal\u0131lar. Reklam\u0131n sadece izleyicileri dahi farkl\u0131 disiplinlerdengelen bu 13 teoriyi \u00f6\u011frenerek \u00e7ok daha iyi izleyici olabilirler. Reklam teorilerinin hemenhemen hepsinin ayn\u0131 zamanda birer ikna teorisi oldu\u011funu da unutmamak gerekir. Reklam\u0131nana temeli iknaya dayan\u0131r. Hangi eylemin temeli iknaya dayanmaz ki?<\/p>\n","protected":false},"excerpt":{"rendered":"<p>Reklam ara\u015ft\u0131rmalar\u0131nda yani reklam\u0131n nas\u0131l \u00e7al\u0131\u015ft\u0131\u011f\u0131n\u0131 anlamaya \u00e7al\u0131\u015f\u0131rken yap\u0131lanara\u015ft\u0131rmalarda kullan\u0131lan teorilerin yar\u0131s\u0131ndan biraz fazlas\u0131 psikoloji bilim dal\u0131na aittir. \u0130lgilidi\u011fer dallar ise pazarlama, ileti\u015fim, sosyoloji, antropoloji ve<span class=\"excerpt-hellip\"> [\u2026]<\/span><\/p>\n","protected":false},"featured_media":0,"template":"","meta":{"_monsterinsights_skip_tracking":false,"_monsterinsights_sitenote_active":false,"_monsterinsights_sitenote_note":"","_monsterinsights_sitenote_category":0},"product_brand":[],"product_cat":[13043,17492],"product_tag":[],"class_list":{"0":"post-742712","1":"product","2":"type-product","3":"status-publish","5":"product_cat-ekonomi","6":"product_cat-pazarlama-satis-reklam","7":"pa_cilt-ciltsiz","8":"pa_tur-kitap","9":"pa_yayinevi-the-kitap","10":"pa_yazar-ali-atif-bir-kemal-suher","12":"first","13":"instock","14":"sale","15":"shipping-taxable","16":"purchasable","17":"product-type-simple"},"_links":{"self":[{"href":"https:\/\/roveyayinevi.com.tr\/index.php\/wp-json\/wp\/v2\/product\/742712","targetHints":{"allow":["GET"]}}],"collection":[{"href":"https:\/\/roveyayinevi.com.tr\/index.php\/wp-json\/wp\/v2\/product"}],"about":[{"href":"https:\/\/roveyayinevi.com.tr\/index.php\/wp-json\/wp\/v2\/types\/product"}],"wp:attachment":[{"href":"https:\/\/roveyayinevi.com.tr\/index.php\/wp-json\/wp\/v2\/media?parent=742712"}],"wp:term":[{"taxonomy":"product_brand","embeddable":true,"href":"https:\/\/roveyayinevi.com.tr\/index.php\/wp-json\/wp\/v2\/product_brand?post=742712"},{"taxonomy":"product_cat","embeddable":true,"href":"https:\/\/roveyayinevi.com.tr\/index.php\/wp-json\/wp\/v2\/product_cat?post=742712"},{"taxonomy":"product_tag","embeddable":true,"href":"https:\/\/roveyayinevi.com.tr\/index.php\/wp-json\/wp\/v2\/product_tag?post=742712"}],"curies":[{"name":"wp","href":"https:\/\/api.w.org\/{rel}","templated":true}]}}