{"id":742710,"date":"2025-08-28T01:18:38","date_gmt":"2025-08-27T22:18:38","guid":{"rendered":"https:\/\/roveyayinevi.com.tr\/index.php\/urun\/birakin-calisanlarim-sorf-yapsin\/"},"modified":"2026-04-16T02:53:51","modified_gmt":"2026-04-15T23:53:51","slug":"birakin-calisanlarim-sorf-yapsin","status":"publish","type":"product","link":"https:\/\/roveyayinevi.com.tr\/index.php\/urun\/birakin-calisanlarim-sorf-yapsin\/","title":{"rendered":"B\u0131rak\u0131n \u00c7al\u0131\u015fanlar\u0131m S\u00f6rf Yaps\u0131n"},"content":{"rendered":"<p>De\u011ferlerini daima kazanaca\u011f\u0131 paran\u0131n \u00f6n\u00fcnde tutan, k\u00e2r\u0131n\u0131n belli k\u0131sm\u0131n\u0131 d\u00fczenli olarak \u00e7evre\u00e7al\u0131\u015fmalar\u0131na aktaran ve ba\u015fka \u015firketleri de buna te\u015fvik eden, \u00e7al\u0131\u015f\u0131lacak en iyi \u015firketlerlistelerinde kendine her zaman yer bulan, \u00fcr\u00fcnlerini m\u00fcmk\u00fcn olan en uzun s\u00fcre dayanacak\u015fekilde \u00fcretmek i\u00e7in \u00e7aba g\u00f6steren, m\u00fc\u015fterilerine zamanla y\u0131pranan \u00fcr\u00fcnleri nas\u0131lonaracaklar\u0131n\u0131 \u00f6\u011freten, al\u0131\u015fveri\u015f \u00e7\u0131lg\u0131nl\u0131\u011f\u0131 g\u00fcnlerinde sat\u0131n al\u0131nacak her bir \u00fcr\u00fcn\u00fcn do\u011fayazarar\u0131n\u0131 hat\u0131rlatmay\u0131 g\u00f6rev edinen s\u0131ra d\u0131\u015f\u0131 bir marka: Patagonia.Bu markan\u0131n ve al\u0131\u015f\u0131lmad\u0131k felsefesinin arkas\u0131ndaki s\u0131ra d\u0131\u015f\u0131 isim ise: Yvon Chouinard.Efsanevi da\u011fc\u0131, i\u015f insan\u0131 Yvon Chouinard, d\u00fcnyan\u0131n en sayg\u0131n ve \u00e7evre dostu \u015firketininkurulu\u015fundan bug\u00fcne uzanan hik\u00e2yesini, aktivizm an\u0131lar\u0131 ve liderlik yakla\u015f\u0131m\u0131ylaharmanlayarak okura sunuyor. \u00dcretime, t\u00fcketime, al\u0131\u015fveri\u015fe, al\u0131\u015fkanl\u0131klara, markalara ve\u00e7evreye bamba\u015fka bir g\u00f6zle bakman\u0131z\u0131 sa\u011flayacak bu kitap, ayn\u0131 zamanda giri\u015fimcileri veoutdoor merakl\u0131lar\u0131n\u0131 da derinden etkileyecek.\u201cUmut verici detaylarla dolu, benzersiz bir biyografi.\u201d \u2013Jared Diamond, Pulitzer \u00d6d\u00fcl\u00fc sahibiAmerikal\u0131 bilim insan\u0131 ve pop\u00fcler bilim yazar\u0131.\u201cEkolojik krizin kalbinde yer alan t\u00fcketim k\u00fclt\u00fcr\u00fcne meydan okuyan muhte\u015fem bir hik\u00e2ye.\u201d \u2013NaomiKlein, k\u00fcreselle\u015fme konusundaki politik analizleriyle tan\u0131nan Kanadal\u0131 gazeteci ve yazar.<\/p>\n","protected":false},"excerpt":{"rendered":"<p>De\u011ferlerini daima kazanaca\u011f\u0131 paran\u0131n \u00f6n\u00fcnde tutan, k\u00e2r\u0131n\u0131n belli k\u0131sm\u0131n\u0131 d\u00fczenli olarak \u00e7evre\u00e7al\u0131\u015fmalar\u0131na aktaran ve ba\u015fka \u015firketleri de buna te\u015fvik eden, \u00e7al\u0131\u015f\u0131lacak en iyi \u015firketlerlistelerinde kendine her<span class=\"excerpt-hellip\"> [\u2026]<\/span><\/p>\n","protected":false},"featured_media":0,"template":"","meta":{"_monsterinsights_skip_tracking":false,"_monsterinsights_sitenote_active":false,"_monsterinsights_sitenote_note":"","_monsterinsights_sitenote_category":0},"product_brand":[],"product_cat":[20333,13043],"product_tag":[],"class_list":{"0":"post-742710","1":"product","2":"type-product","3":"status-publish","5":"product_cat-diger-ekonomi","6":"product_cat-ekonomi","7":"pa_cilt-ciltsiz","8":"pa_tur-kitap","9":"pa_yayinevi-the-kitap","10":"pa_yazar-y-von-chouinard","12":"first","13":"instock","14":"sale","15":"shipping-taxable","16":"purchasable","17":"product-type-simple"},"_links":{"self":[{"href":"https:\/\/roveyayinevi.com.tr\/index.php\/wp-json\/wp\/v2\/product\/742710","targetHints":{"allow":["GET"]}}],"collection":[{"href":"https:\/\/roveyayinevi.com.tr\/index.php\/wp-json\/wp\/v2\/product"}],"about":[{"href":"https:\/\/roveyayinevi.com.tr\/index.php\/wp-json\/wp\/v2\/types\/product"}],"wp:attachment":[{"href":"https:\/\/roveyayinevi.com.tr\/index.php\/wp-json\/wp\/v2\/media?parent=742710"}],"wp:term":[{"taxonomy":"product_brand","embeddable":true,"href":"https:\/\/roveyayinevi.com.tr\/index.php\/wp-json\/wp\/v2\/product_brand?post=742710"},{"taxonomy":"product_cat","embeddable":true,"href":"https:\/\/roveyayinevi.com.tr\/index.php\/wp-json\/wp\/v2\/product_cat?post=742710"},{"taxonomy":"product_tag","embeddable":true,"href":"https:\/\/roveyayinevi.com.tr\/index.php\/wp-json\/wp\/v2\/product_tag?post=742710"}],"curies":[{"name":"wp","href":"https:\/\/api.w.org\/{rel}","templated":true}]}}