{"id":742709,"date":"2025-08-28T01:18:37","date_gmt":"2025-08-27T22:18:37","guid":{"rendered":"https:\/\/roveyayinevi.com.tr\/index.php\/urun\/orta-yas-krizi-felsefi-bir-rehber\/"},"modified":"2026-04-16T02:53:51","modified_gmt":"2026-04-15T23:53:51","slug":"orta-yas-krizi-felsefi-bir-rehber","status":"publish","type":"product","link":"https:\/\/roveyayinevi.com.tr\/index.php\/urun\/orta-yas-krizi-felsefi-bir-rehber\/","title":{"rendered":"Orta Ya\u015f Krizi: Felsefi Bir Rehber"},"content":{"rendered":"<p>Asla ya\u015famayaca\u011f\u0131n\u0131z hayatlarla, ka\u00e7an f\u0131rsatlarla ve geride kalm\u0131\u015f gen\u00e7lik nostaljisiylekendinizi nas\u0131l uzla\u015ft\u0131rabilirsiniz? Ge\u00e7mi\u015fin ba\u015far\u0131s\u0131zl\u0131klar\u0131n\u0131, \u015fimdi\u2019yi t\u00fcketen i\u015flerdekianlams\u0131zl\u0131k duygusunu ve gelece\u011fi karartan \u00f6l\u00fcm ihtimalini nas\u0131l kabul edebilirsiniz? Farkyaratan bu kendi kendine yard\u0131m kitab\u0131nda Kieran Setiya, yeti\u015fkinli\u011fin ve orta ya\u015f\u0131nka\u00e7\u0131n\u0131lmaz zorluklar\u0131yla y\u00fczle\u015fiyor ve felsefenin geli\u015fiminize nas\u0131l yard\u0131mc\u0131 olabilece\u011finig\u00f6steriyor.Bu kitapla, bir \u015feyleri ka\u00e7\u0131rman\u0131n neden iyi bir \u015fey olabilece\u011fini, fazla se\u00e7enek sahibi olman\u0131nnas\u0131l abart\u0131ld\u0131\u011f\u0131n\u0131 ve ne zaman hata yapt\u0131\u011f\u0131n\u0131za sevinmeniz gerekti\u011fini \u00f6\u011freneceksiniz.Fanilik i\u00e7in felsefi tesellilerle tan\u0131\u015facaks\u0131n\u0131z. Ve \u015fimdi\u2019de ya\u015faman\u0131n ne anlama geldi\u011fini, ortaya\u015f krizinizi nas\u0131l \u00e7\u00f6zebilece\u011finizi ve meditasyonun neden yard\u0131mc\u0131 oldu\u011funu\u00f6\u011freneceksiniz.Aristoteles, Schopenhauer ve John Stuart Mill\u2019den Virginia Woolf ve Simone de Beauvoir\u2019akadar uzanan ve Kieran Setiya&#8217;n\u0131n kendi deneyiminden yararlanan Orta Ya\u015f Krizi, yarat\u0131c\u0131fikirleri, \u015fa\u015f\u0131rt\u0131c\u0131 i\u00e7g\u00f6r\u00fcleri ve pratik tavsiyeleri bir araya getiriyor. Hikmet ve n\u00fckte ile yazanSetiya, alayc\u0131 ama tutkulu bir felsefi hayat rehberi ortaya koyuyor.<\/p>\n","protected":false},"excerpt":{"rendered":"<p>Asla ya\u015famayaca\u011f\u0131n\u0131z hayatlarla, ka\u00e7an f\u0131rsatlarla ve geride kalm\u0131\u015f gen\u00e7lik nostaljisiylekendinizi nas\u0131l uzla\u015ft\u0131rabilirsiniz? Ge\u00e7mi\u015fin ba\u015far\u0131s\u0131zl\u0131klar\u0131n\u0131, \u015fimdi\u2019yi t\u00fcketen i\u015flerdekianlams\u0131zl\u0131k duygusunu ve gelece\u011fi karartan \u00f6l\u00fcm ihtimalini nas\u0131l kabul edebilirsiniz?<span class=\"excerpt-hellip\"> [\u2026]<\/span><\/p>\n","protected":false},"featured_media":0,"template":"","meta":{"_monsterinsights_skip_tracking":false,"_monsterinsights_sitenote_active":false,"_monsterinsights_sitenote_note":"","_monsterinsights_sitenote_category":0},"product_brand":[],"product_cat":[12358,12357],"product_tag":[],"class_list":{"0":"post-742709","1":"product","2":"type-product","3":"status-publish","5":"product_cat-genel-psikoloji","6":"product_cat-psikoloji","7":"pa_cilt-ciltsiz","8":"pa_tur-kitap","9":"pa_yayinevi-the-kitap","10":"pa_yazar-kieran-setiya","12":"first","13":"instock","14":"sale","15":"shipping-taxable","16":"purchasable","17":"product-type-simple"},"_links":{"self":[{"href":"https:\/\/roveyayinevi.com.tr\/index.php\/wp-json\/wp\/v2\/product\/742709","targetHints":{"allow":["GET"]}}],"collection":[{"href":"https:\/\/roveyayinevi.com.tr\/index.php\/wp-json\/wp\/v2\/product"}],"about":[{"href":"https:\/\/roveyayinevi.com.tr\/index.php\/wp-json\/wp\/v2\/types\/product"}],"wp:attachment":[{"href":"https:\/\/roveyayinevi.com.tr\/index.php\/wp-json\/wp\/v2\/media?parent=742709"}],"wp:term":[{"taxonomy":"product_brand","embeddable":true,"href":"https:\/\/roveyayinevi.com.tr\/index.php\/wp-json\/wp\/v2\/product_brand?post=742709"},{"taxonomy":"product_cat","embeddable":true,"href":"https:\/\/roveyayinevi.com.tr\/index.php\/wp-json\/wp\/v2\/product_cat?post=742709"},{"taxonomy":"product_tag","embeddable":true,"href":"https:\/\/roveyayinevi.com.tr\/index.php\/wp-json\/wp\/v2\/product_tag?post=742709"}],"curies":[{"name":"wp","href":"https:\/\/api.w.org\/{rel}","templated":true}]}}