{"id":742708,"date":"2025-08-28T01:18:36","date_gmt":"2025-08-27T22:18:36","guid":{"rendered":"https:\/\/roveyayinevi.com.tr\/index.php\/urun\/ahmet-ile-elif-kuran-harflerini-boyuyor\/"},"modified":"2026-04-16T02:53:51","modified_gmt":"2026-04-15T23:53:51","slug":"ahmet-ile-elif-kuran-harflerini-boyuyor","status":"publish","type":"product","link":"https:\/\/roveyayinevi.com.tr\/index.php\/urun\/ahmet-ile-elif-kuran-harflerini-boyuyor\/","title":{"rendered":"Ahmet \u0130le Elif Kur&#8217;an Harflerini Boyuyor"},"content":{"rendered":"<p>K\u0131ymetli E\u011fitimcilerBu kitab\u0131 haz\u0131rlarken herhangi bir arap\u00e7a font kullanmad\u0131k.   \u00c7\u00fcnk\u00fc,  \u00e7ocuklar bir \u015feyi \u00f6\u011frenme s\u00fcrecinde, kendi yapt\u0131klar\u0131 ve \u00e7izdikleri ile benzerlik kurdu\u011fu her \u015feye kar\u015f\u0131 aidiyet duygusu geli\u015ftirip: &#8220;Benim yapt\u0131klar\u0131ma \u00e7ok benziyor&#8221; i\u00e7g\u00fcd\u00fcs\u00fc ile var olan \u00e7al\u0131\u015fmay\u0131   daha \u00e7abuk benimser ve sahiplenir.  Bizler de hem bu duygular\u0131n\u0131 desteklemek, hem de yazmaya,\u00e7izmeye,te\u015fvik olmas\u0131 ad\u0131na kitap i\u00e7erisindeki harfleri el yordam\u0131 ile \u00e7izdik. <\/p>\n","protected":false},"excerpt":{"rendered":"<p>K\u0131ymetli E\u011fitimcilerBu kitab\u0131 haz\u0131rlarken herhangi bir arap\u00e7a font kullanmad\u0131k. \u00c7\u00fcnk\u00fc, \u00e7ocuklar bir \u015feyi \u00f6\u011frenme s\u00fcrecinde, kendi yapt\u0131klar\u0131 ve \u00e7izdikleri ile benzerlik kurdu\u011fu her \u015feye kar\u015f\u0131 aidiyet<span class=\"excerpt-hellip\"> [\u2026]<\/span><\/p>\n","protected":false},"featured_media":0,"template":"","meta":{"_monsterinsights_skip_tracking":false,"_monsterinsights_sitenote_active":false,"_monsterinsights_sitenote_note":"","_monsterinsights_sitenote_category":0},"product_brand":[],"product_cat":[12274,18802],"product_tag":[],"class_list":{"0":"post-742708","1":"product","2":"type-product","3":"status-publish","5":"product_cat-cocuk-ve-genclik-kitaplari","6":"product_cat-din-egitimi","7":"pa_cilt-ciltsiz","8":"pa_tur-kitap","9":"pa_yayinevi-cinaralti-yayinlari","10":"pa_yazar-zehra-aras","12":"first","13":"instock","14":"sale","15":"shipping-taxable","16":"purchasable","17":"product-type-simple"},"_links":{"self":[{"href":"https:\/\/roveyayinevi.com.tr\/index.php\/wp-json\/wp\/v2\/product\/742708","targetHints":{"allow":["GET"]}}],"collection":[{"href":"https:\/\/roveyayinevi.com.tr\/index.php\/wp-json\/wp\/v2\/product"}],"about":[{"href":"https:\/\/roveyayinevi.com.tr\/index.php\/wp-json\/wp\/v2\/types\/product"}],"wp:attachment":[{"href":"https:\/\/roveyayinevi.com.tr\/index.php\/wp-json\/wp\/v2\/media?parent=742708"}],"wp:term":[{"taxonomy":"product_brand","embeddable":true,"href":"https:\/\/roveyayinevi.com.tr\/index.php\/wp-json\/wp\/v2\/product_brand?post=742708"},{"taxonomy":"product_cat","embeddable":true,"href":"https:\/\/roveyayinevi.com.tr\/index.php\/wp-json\/wp\/v2\/product_cat?post=742708"},{"taxonomy":"product_tag","embeddable":true,"href":"https:\/\/roveyayinevi.com.tr\/index.php\/wp-json\/wp\/v2\/product_tag?post=742708"}],"curies":[{"name":"wp","href":"https:\/\/api.w.org\/{rel}","templated":true}]}}