{"id":742706,"date":"2025-08-28T01:18:33","date_gmt":"2025-08-27T22:18:33","guid":{"rendered":"https:\/\/roveyayinevi.com.tr\/index.php\/urun\/kizil-kardelen-1-gunesin-optugu-kiz\/"},"modified":"2026-04-16T02:53:51","modified_gmt":"2026-04-15T23:53:51","slug":"kizil-kardelen-1-gunesin-optugu-kiz","status":"publish","type":"product","link":"https:\/\/roveyayinevi.com.tr\/index.php\/urun\/kizil-kardelen-1-gunesin-optugu-kiz\/","title":{"rendered":"K\u0131z\u0131l Kardelen-1 G\u00fcne\u015fin \u00d6pt\u00fc\u011f\u00fc K\u0131z"},"content":{"rendered":"<p>\u201cBu k\u0131za G\u00fcne\u015fin \u00d6pt\u00fc\u011f\u00fc K\u0131z demekte yerden g\u00f6\u011fe kadar hakl\u0131lard\u0131. G\u00fcne\u015fin s\u0131cakl\u0131\u011f\u0131 kadar yak\u0131c\u0131, bir al kardeleninki kadar b\u00fcy\u00fcleyici kokusu vard\u0131.\u201d   Ata yurtlar\u0131 Kafkasya\u2019dan Osmanl\u0131 \u0130mparatorlu\u011fu\u2019nun ba\u011fr\u0131na g\u00f6\u00e7 eden \u00c7erkez kavminin beylerinden birinin asi, erkek karde\u015flerinden bile daha sava\u015f\u00e7\u0131 ruhlu k\u0131z\u0131 Kardelen; kendini \u00e7irkin ve lanetli g\u00f6rse de, babas\u0131n\u0131n g\u00f6z\u00fcnde y\u00fcz\u00fcn\u00fc pe\u00e7elerle saklayacak kadar g\u00fczeldi. Babas\u0131n\u0131 \u00f6ld\u00fcrd\u00fckleri i\u00e7in \u00c7erkez kavmine nefret duyan, ac\u0131mas\u0131z, gaddar ve hayat\u0131 sadece sava\u015f meydanlar\u0131nda ge\u00e7mi\u015f bir Osmanl\u0131 y\u00fczba\u015f\u0131s\u0131 olan Kara Bey de, padi\u015fah\u0131n emriyle \u00c7erkez beyinin k\u0131z\u0131 Kardelen\u2019i kar\u0131s\u0131 yapmak zorunda kalacak, pe\u00e7e takt\u0131\u011f\u0131 i\u00e7in lanetli ve kusurlu oldu\u011funa inand\u0131\u011f\u0131 bu k\u0131z\u0131n maskesini d\u00fc\u015f\u00fcrecekti.   K\u0131z\u0131l Kardelen ile Kara Bey\u2019in zorluklarla dolu a\u015fklar\u0131n\u0131 okurken, a\u015fk\u0131n ayn\u0131 zamanda \u00f6l\u00fcmc\u00fcl bir sava\u015f oldu\u011funu bir kez daha hissedeceksiniz.<\/p>\n","protected":false},"excerpt":{"rendered":"<p>\u201cBu k\u0131za G\u00fcne\u015fin \u00d6pt\u00fc\u011f\u00fc K\u0131z demekte yerden g\u00f6\u011fe kadar hakl\u0131lard\u0131. G\u00fcne\u015fin s\u0131cakl\u0131\u011f\u0131 kadar yak\u0131c\u0131, bir al kardeleninki kadar b\u00fcy\u00fcleyici kokusu vard\u0131.\u201d Ata yurtlar\u0131 Kafkasya\u2019dan Osmanl\u0131 \u0130mparatorlu\u011fu\u2019nun<span class=\"excerpt-hellip\"> [\u2026]<\/span><\/p>\n","protected":false},"featured_media":0,"template":"","meta":{"_monsterinsights_skip_tracking":false,"_monsterinsights_sitenote_active":false,"_monsterinsights_sitenote_note":"","_monsterinsights_sitenote_category":0},"product_brand":[],"product_cat":[12291,12711],"product_tag":[],"class_list":{"0":"post-742706","1":"product","2":"type-product","3":"status-publish","5":"product_cat-edebiyat","6":"product_cat-roman-oyku","7":"pa_cilt-ciltsiz","8":"pa_tur-kitap","9":"pa_yayinevi-dokuz-yayinlari","10":"pa_yazar-seyma-demir","12":"first","13":"instock","14":"sale","15":"shipping-taxable","16":"purchasable","17":"product-type-simple"},"_links":{"self":[{"href":"https:\/\/roveyayinevi.com.tr\/index.php\/wp-json\/wp\/v2\/product\/742706","targetHints":{"allow":["GET"]}}],"collection":[{"href":"https:\/\/roveyayinevi.com.tr\/index.php\/wp-json\/wp\/v2\/product"}],"about":[{"href":"https:\/\/roveyayinevi.com.tr\/index.php\/wp-json\/wp\/v2\/types\/product"}],"wp:attachment":[{"href":"https:\/\/roveyayinevi.com.tr\/index.php\/wp-json\/wp\/v2\/media?parent=742706"}],"wp:term":[{"taxonomy":"product_brand","embeddable":true,"href":"https:\/\/roveyayinevi.com.tr\/index.php\/wp-json\/wp\/v2\/product_brand?post=742706"},{"taxonomy":"product_cat","embeddable":true,"href":"https:\/\/roveyayinevi.com.tr\/index.php\/wp-json\/wp\/v2\/product_cat?post=742706"},{"taxonomy":"product_tag","embeddable":true,"href":"https:\/\/roveyayinevi.com.tr\/index.php\/wp-json\/wp\/v2\/product_tag?post=742706"}],"curies":[{"name":"wp","href":"https:\/\/api.w.org\/{rel}","templated":true}]}}