{"id":742702,"date":"2025-08-28T01:18:26","date_gmt":"2025-08-27T22:18:26","guid":{"rendered":"https:\/\/roveyayinevi.com.tr\/index.php\/urun\/siyah-kugu-ii-ruh-kadehi-ciltli\/"},"modified":"2026-04-16T02:53:51","modified_gmt":"2026-04-15T23:53:51","slug":"siyah-kugu-ii-ruh-kadehi-ciltli","status":"publish","type":"product","link":"https:\/\/roveyayinevi.com.tr\/index.php\/urun\/siyah-kugu-ii-ruh-kadehi-ciltli\/","title":{"rendered":"Siyah Ku\u011fu II \u2013 Ruh Kadehi (Ciltli)"},"content":{"rendered":"<p>\u201cAc\u0131 sevgiden beslenir\u201d  Karanl\u0131kta bulutlar par\u00e7alan\u0131yor, kald\u0131r\u0131mlarda ya\u011fmur kokusu.Buras\u0131 Soyhan.Buradan, \u0131slanmadan \u00e7\u0131kamazs\u0131n.  \u201cK\u0131r\u0131lm\u0131\u015f kanatlar, incinmi\u015f kalpler, kaybolmu\u015f ruhlar&#8230; S\u00f6ylesene Siyah Ku\u011fu, sen buradas\u0131n diye mi ya\u011fmur ya\u011f\u0131yor, yoksa bulutlar da m\u0131 bize a\u011fl\u0131yor?\u201d<\/p>\n","protected":false},"excerpt":{"rendered":"<p>\u201cAc\u0131 sevgiden beslenir\u201d Karanl\u0131kta bulutlar par\u00e7alan\u0131yor, kald\u0131r\u0131mlarda ya\u011fmur kokusu.Buras\u0131 Soyhan.Buradan, \u0131slanmadan \u00e7\u0131kamazs\u0131n. \u201cK\u0131r\u0131lm\u0131\u015f kanatlar, incinmi\u015f kalpler, kaybolmu\u015f ruhlar&#8230; S\u00f6ylesene Siyah Ku\u011fu, sen buradas\u0131n diye mi ya\u011fmur<span class=\"excerpt-hellip\"> [\u2026]<\/span><\/p>\n","protected":false},"featured_media":0,"template":"","meta":{"_monsterinsights_skip_tracking":false,"_monsterinsights_sitenote_active":false,"_monsterinsights_sitenote_note":"","_monsterinsights_sitenote_category":0},"product_brand":[],"product_cat":[12291,50487],"product_tag":[],"class_list":{"0":"post-742702","1":"product","2":"type-product","3":"status-publish","5":"product_cat-edebiyat","6":"product_cat-kurgu","7":"pa_cilt-ciltli","8":"pa_tur-kitap","9":"pa_yayinevi-epsilon-yayinlari","10":"pa_yazar-beyza-aksoy","12":"first","13":"instock","14":"sale","15":"shipping-taxable","16":"purchasable","17":"product-type-simple"},"_links":{"self":[{"href":"https:\/\/roveyayinevi.com.tr\/index.php\/wp-json\/wp\/v2\/product\/742702","targetHints":{"allow":["GET"]}}],"collection":[{"href":"https:\/\/roveyayinevi.com.tr\/index.php\/wp-json\/wp\/v2\/product"}],"about":[{"href":"https:\/\/roveyayinevi.com.tr\/index.php\/wp-json\/wp\/v2\/types\/product"}],"wp:attachment":[{"href":"https:\/\/roveyayinevi.com.tr\/index.php\/wp-json\/wp\/v2\/media?parent=742702"}],"wp:term":[{"taxonomy":"product_brand","embeddable":true,"href":"https:\/\/roveyayinevi.com.tr\/index.php\/wp-json\/wp\/v2\/product_brand?post=742702"},{"taxonomy":"product_cat","embeddable":true,"href":"https:\/\/roveyayinevi.com.tr\/index.php\/wp-json\/wp\/v2\/product_cat?post=742702"},{"taxonomy":"product_tag","embeddable":true,"href":"https:\/\/roveyayinevi.com.tr\/index.php\/wp-json\/wp\/v2\/product_tag?post=742702"}],"curies":[{"name":"wp","href":"https:\/\/api.w.org\/{rel}","templated":true}]}}