{"id":742701,"date":"2025-08-28T01:18:25","date_gmt":"2025-08-27T22:18:25","guid":{"rendered":"https:\/\/roveyayinevi.com.tr\/index.php\/urun\/siyah-kugu-i-ciltli\/"},"modified":"2026-04-16T02:53:51","modified_gmt":"2026-04-15T23:53:51","slug":"siyah-kugu-i-ciltli","status":"publish","type":"product","link":"https:\/\/roveyayinevi.com.tr\/index.php\/urun\/siyah-kugu-i-ciltli\/","title":{"rendered":"Siyah Ku\u011fu \u2013 I (Ciltli)"},"content":{"rendered":"<p>&#8220;G\u00f6ky\u00fcz\u00fc ayd\u0131nl\u0131k diye mi \u00fcz\u00fcl\u00fcyorsunuz? Teninizi yakan g\u00fcne\u015fe g\u00fcl\u00fcmseyin.\u00c7\u00fcnk\u00fc karanl\u0131\u011f\u0131n i\u00e7indekileri bir kez g\u00f6rd\u00fc\u011f\u00fcn\u00fczde, bir daha asla eskisi gibi olamazs\u0131n\u0131z.&#8221;  Ve kan s\u0131z\u0131yor, bir ku\u011funun dinmeyen u\u011fultusundan. Mumu \u00fcfleyip siyah\u0131ma karanl\u0131\u011f\u0131n\u0131 s\u00fcren tan\u0131d\u0131k dudaklar\u0131 g\u00f6zl\u00fcyorum \u015fimdi; bo\u011faz\u0131ndan d\u00f6k\u00fclen her bir s\u00f6z ayr\u0131 bir melodi. B\u0130R \u0130LAH\u0130.YA DA A\u011eIT.AYIRT EDEM\u0130YORUM ARTIK. G\u00f6ky\u00fcz\u00fc ayd\u0131nl\u0131k diye mi \u00fcz\u00fcl\u00fcyorsunuz? Teninizi yakan g\u00fcne\u015fe g\u00fcl\u00fcmseyin. \u00c7\u00fcnk\u00fc karanl\u0131\u011f\u0131n i\u00e7indekileri bir kez g\u00f6rd\u00fc\u011f\u00fcn\u00fczde, bir daha asla eskisi gibi olamazs\u0131n\u0131z.<\/p>\n","protected":false},"excerpt":{"rendered":"<p>&#8220;G\u00f6ky\u00fcz\u00fc ayd\u0131nl\u0131k diye mi \u00fcz\u00fcl\u00fcyorsunuz? Teninizi yakan g\u00fcne\u015fe g\u00fcl\u00fcmseyin.\u00c7\u00fcnk\u00fc karanl\u0131\u011f\u0131n i\u00e7indekileri bir kez g\u00f6rd\u00fc\u011f\u00fcn\u00fczde, bir daha asla eskisi gibi olamazs\u0131n\u0131z.&#8221; Ve kan s\u0131z\u0131yor, bir ku\u011funun dinmeyen<span class=\"excerpt-hellip\"> [\u2026]<\/span><\/p>\n","protected":false},"featured_media":0,"template":"","meta":{"_monsterinsights_skip_tracking":false,"_monsterinsights_sitenote_active":false,"_monsterinsights_sitenote_note":"","_monsterinsights_sitenote_category":0},"product_brand":[],"product_cat":[12291,50487],"product_tag":[],"class_list":{"0":"post-742701","1":"product","2":"type-product","3":"status-publish","5":"product_cat-edebiyat","6":"product_cat-kurgu","7":"pa_cilt-ciltli","8":"pa_tur-kitap","9":"pa_yayinevi-epsilon-yayinlari","10":"pa_yazar-beyza-aksoy","12":"first","13":"instock","14":"sale","15":"shipping-taxable","16":"purchasable","17":"product-type-simple"},"_links":{"self":[{"href":"https:\/\/roveyayinevi.com.tr\/index.php\/wp-json\/wp\/v2\/product\/742701","targetHints":{"allow":["GET"]}}],"collection":[{"href":"https:\/\/roveyayinevi.com.tr\/index.php\/wp-json\/wp\/v2\/product"}],"about":[{"href":"https:\/\/roveyayinevi.com.tr\/index.php\/wp-json\/wp\/v2\/types\/product"}],"wp:attachment":[{"href":"https:\/\/roveyayinevi.com.tr\/index.php\/wp-json\/wp\/v2\/media?parent=742701"}],"wp:term":[{"taxonomy":"product_brand","embeddable":true,"href":"https:\/\/roveyayinevi.com.tr\/index.php\/wp-json\/wp\/v2\/product_brand?post=742701"},{"taxonomy":"product_cat","embeddable":true,"href":"https:\/\/roveyayinevi.com.tr\/index.php\/wp-json\/wp\/v2\/product_cat?post=742701"},{"taxonomy":"product_tag","embeddable":true,"href":"https:\/\/roveyayinevi.com.tr\/index.php\/wp-json\/wp\/v2\/product_tag?post=742701"}],"curies":[{"name":"wp","href":"https:\/\/api.w.org\/{rel}","templated":true}]}}