{"id":742694,"date":"2025-08-28T01:18:15","date_gmt":"2025-08-27T22:18:15","guid":{"rendered":"https:\/\/roveyayinevi.com.tr\/index.php\/urun\/atesin-nefesi\/"},"modified":"2026-04-16T02:53:51","modified_gmt":"2026-04-15T23:53:51","slug":"atesin-nefesi","status":"publish","type":"product","link":"https:\/\/roveyayinevi.com.tr\/index.php\/urun\/atesin-nefesi\/","title":{"rendered":"Ate\u015fin Nefesi"},"content":{"rendered":"<p>YA BERABER H\u00dcKMEDECEKLERYA DA BERABER YOK OLACAKLARCat, Griffin\u2019in misyonuna art\u0131k inan\u0131yordu: Bar\u0131\u015f ancak krall\u0131klar\u0131n birle\u015fmesiyle sa\u011flanabilirdi. Ama diyar\u0131n \u00f6nde gelenlerinin nabz\u0131n\u0131 yoklamak i\u00e7in Sinta\u2019da verilen davet tek bir \u015fey kan\u0131tlad\u0131ysa, o da sava\u015f\u0131n sona ermekten \u00e7ok uzak oldu\u011fuydu. Tarval\u0131lar onlara kar\u015f\u0131 \u00e7oktan harekete ge\u00e7mi\u015fken Cat\u2019in tehlikeli ge\u00e7mi\u015fi her an a\u00e7\u0131\u011fa \u00e7\u0131kabilir ve onu ger\u00e7ek kimli\u011fini benimsemek zorunda b\u0131rakabilirdi.Griffin kehanetlerde umut g\u00f6r\u00fcyordu; ona g\u00f6re Cat, yeni d\u00fcnyan\u0131n ba\u015flang\u0131c\u0131 olacakt\u0131. Masumlar\u0131n kan\u0131n\u0131 d\u00f6kmeden Thalyria\u2019y\u0131 elde etmek istiyorlarsa ilk darbeyi d\u00fc\u015fmanlar\u0131n\u0131n tam kalbine indirip i\u015fe k\u00f6k\u00fcnden son vermelilerdi. Bunun i\u00e7in de \u00f6nce \u00f6l\u00fcmc\u00fcl g\u00f6revlerden sa\u011f \u00e7\u0131kmalar\u0131 gerekecekti.Tanr\u0131lar onlar\u0131n yan\u0131ndayd\u0131 ama bu, bedel \u00f6demeyecekleri anlam\u0131na gelmiyordu.\u201cAte\u015fin Nefesi, nabz\u0131m\u0131 h\u0131zland\u0131ran ve akl\u0131m\u0131 ba\u015f\u0131mdan alan keyifli bir romantik macera.\u201d \u2014Nalini Singh\u201cBu y\u0131l okudu\u011fum en ilgi \u00e7ekici ve yarat\u0131c\u0131 romans.\u201d \u2014Seattle Book Review\u201cKesinlikle muhte\u015fem. Ate\u015fin Nefesi\u2019ni elimden b\u0131rakmak istemedim. Amanda Bouchet ne yazsa hemen al\u0131r okurum! Bouchet\u2019nin kitaplar\u0131n\u0131 hem kendi okurlar\u0131ma hem de fantastik ve romans\u0131n m\u00fckemmel kar\u0131\u015f\u0131m\u0131n\u0131 arayan herkese tavsiye ediyorum.\u201d \u2014C.L. Wilson\u201cAmanda Bouchet, b\u00fcy\u00fck kitlelere hitap edecek fantastik romans\u0131n \u00e7\u0131tas\u0131n\u0131 belirliyor. Tek kelimeyle harika.\u201d \u2014Kirkus, starred review\u201cBouchet, kurdu\u011fu d\u00fcnyay\u0131 \u00e7ok farkl\u0131 seviyelere ta\u015f\u0131yor\u2026 Ate\u015fin Nefesi, serinin s\u00fcr\u00fckleyicili\u011fini art\u0131r\u0131yor.\u201d \u2014Booklist, starred review\u201cY\u00fcksek yo\u011funluktaki tutku; ak\u0131lla, b\u00fcy\u00fcyle ve fiziksel kuvvetle verilen adrenalin dolu sava\u015flar; b\u00fcy\u00fcl\u00fc yarat\u0131klar ve tam karar\u0131ndaki politik stratejiler okurlar\u0131n serinin bir sonraki kitab\u0131na ge\u00e7mek i\u00e7in can atmas\u0131na sebep olacak.\u201d \u2014Publishers Weekly, starred review\u201cFantastik romans t\u00fcr\u00fcnde y\u00fckselen bir y\u0131ld\u0131z\u2026 Bu seriyi kap\u0131n, HEMEN!\u201d \u2014RT Book Reviews\u201cRomantik kitaplar okumay\u0131 seven okurlar aksiyon ve romans\u0131n bu kar\u0131\u015f\u0131m\u0131na bay\u0131lacaklar.\u201d \u2014Night Owl Reviews<\/p>\n","protected":false},"excerpt":{"rendered":"<p>YA BERABER H\u00dcKMEDECEKLERYA DA BERABER YOK OLACAKLARCat, Griffin\u2019in misyonuna art\u0131k inan\u0131yordu: Bar\u0131\u015f ancak krall\u0131klar\u0131n birle\u015fmesiyle sa\u011flanabilirdi. Ama diyar\u0131n \u00f6nde gelenlerinin nabz\u0131n\u0131 yoklamak i\u00e7in Sinta\u2019da verilen davet<span class=\"excerpt-hellip\"> [\u2026]<\/span><\/p>\n","protected":false},"featured_media":0,"template":"","meta":{"_monsterinsights_skip_tracking":false,"_monsterinsights_sitenote_active":false,"_monsterinsights_sitenote_note":"","_monsterinsights_sitenote_category":0},"product_brand":[],"product_cat":[12291,14777],"product_tag":[],"class_list":{"0":"post-742694","1":"product","2":"type-product","3":"status-publish","5":"product_cat-edebiyat","6":"product_cat-fantastik","7":"pa_cilt-ciltsiz","8":"pa_tur-kitap","9":"pa_yayinevi-yabanci-yayinevi","10":"pa_yazar-amanda-bouchet","12":"first","13":"instock","14":"sale","15":"shipping-taxable","16":"purchasable","17":"product-type-simple"},"_links":{"self":[{"href":"https:\/\/roveyayinevi.com.tr\/index.php\/wp-json\/wp\/v2\/product\/742694","targetHints":{"allow":["GET"]}}],"collection":[{"href":"https:\/\/roveyayinevi.com.tr\/index.php\/wp-json\/wp\/v2\/product"}],"about":[{"href":"https:\/\/roveyayinevi.com.tr\/index.php\/wp-json\/wp\/v2\/types\/product"}],"wp:attachment":[{"href":"https:\/\/roveyayinevi.com.tr\/index.php\/wp-json\/wp\/v2\/media?parent=742694"}],"wp:term":[{"taxonomy":"product_brand","embeddable":true,"href":"https:\/\/roveyayinevi.com.tr\/index.php\/wp-json\/wp\/v2\/product_brand?post=742694"},{"taxonomy":"product_cat","embeddable":true,"href":"https:\/\/roveyayinevi.com.tr\/index.php\/wp-json\/wp\/v2\/product_cat?post=742694"},{"taxonomy":"product_tag","embeddable":true,"href":"https:\/\/roveyayinevi.com.tr\/index.php\/wp-json\/wp\/v2\/product_tag?post=742694"}],"curies":[{"name":"wp","href":"https:\/\/api.w.org\/{rel}","templated":true}]}}