{"id":742693,"date":"2025-08-28T01:18:14","date_gmt":"2025-08-27T22:18:14","guid":{"rendered":"https:\/\/roveyayinevi.com.tr\/index.php\/urun\/malibuda-son-parti\/"},"modified":"2026-04-16T02:53:51","modified_gmt":"2026-04-15T23:53:51","slug":"malibuda-son-parti","status":"publish","type":"product","link":"https:\/\/roveyayinevi.com.tr\/index.php\/urun\/malibuda-son-parti\/","title":{"rendered":"Malibu\u2019da Son Parti"},"content":{"rendered":"<p>Malibu, A\u011fustos 1983. Rivalar\u0131n yaz sonu partisi.Herkes me\u015fhur Riva karde\u015flere yak\u0131n olmak istiyordu. Yetenekli bir s\u00f6rf\u00e7\u00fc ve s\u00fcpermodel Nina, biri s\u00f6rf \u015fampiyonu di\u011feriyse naml\u0131 bir foto\u011fraf\u00e7\u0131 olan Jay ile Hud ve hepsinin g\u00f6zbebe\u011fi k\u00fc\u00e7\u00fck k\u0131z karde\u015f Kit. Bu d\u00f6rt karde\u015f Malibu\u2019da ve hatta d\u00fcnyada herkesin hayran bak\u0131\u015flar\u0131n\u0131 \u00fczerlerine \u00e7ekiyordu. \u00d6zellikle de efsanevi \u015fark\u0131c\u0131 Mick Riva\u2019n\u0131n \u00e7ocuklar\u0131 olduklar\u0131 i\u00e7in.Herkesin heyecanla bekledi\u011fi ve unutulmaz dedikodulara malzeme olan parti, her ge\u00e7en saatle birlikte gitgide kontrolden \u00e7\u0131k\u0131yordu. Alkol su gibi ak\u0131yor, m\u00fczik duvarlar\u0131 sars\u0131yor, nesiller boyu bu aileyi \u015fekillendirmi\u015f olan a\u015fklar ve s\u0131rlar su y\u00fcz\u00fcne \u00e7\u0131kmaya can at\u0131yordu.Nina Riva, \u00f6mr\u00fcn\u00fc da\u011f\u0131lmamaya \u00e7abalayarak ge\u00e7irmi\u015fti ama in\u015fa etti\u011fi her \u015fey bir gecede ba\u015f\u0131na y\u0131k\u0131lacakt\u0131.\u2022 New York Times \u00c7oksatan\u0131\u2022 2021 Goodreads Okur \u00d6d\u00fclleri, En \u0130yi Tarihi Kurgu Kazanan\u0131YILIN EN \u0130Y\u0130 K\u0130TAPLARINDAN B\u0130R\u0130:Washington Post, Time, Marie Claire, PopSugar, Parade, Teen Vogue, Self\u201cYaz mevsimini bir kitaba s\u0131\u011fd\u0131rabilecek olsayd\u0131n\u0131z, o kitap Malibu\u2019da Son Parti olurdu.\u201d \u2014Oprah Daily\u201cReid\u2019in Malibu betimlemeleri \u00f6yle canl\u0131 ki okurken y\u00fcz\u00fcn\u00fczde denizden esen r\u00fczg\u00e2r\u0131, parmaklar\u0131n\u0131z\u0131n aras\u0131nda ince kumlar\u0131 hissedeceksiniz\u2026 Aile \u00fcyelerini bir arada tutan ba\u011flar ve insan\u0131 \u00f6zg\u00fcr k\u0131lan g\u00fcce dair mutlaka okunmas\u0131 gereken bir hik\u00e2ye.\u201d \u2014Kirkus\u201cMalibu sahillerinde ge\u00e7en, ba\u015frol\u00fcnde d\u00f6rt seksi s\u00f6rf\u00e7\u00fc karde\u015fin ve \u00fcnl\u00fc bir \u015fark\u0131c\u0131 olan babalar\u0131n\u0131n yer ald\u0131\u011f\u0131 \u015fahane bir roman.\u201d \u2014People\u201cReid bir kez daha temposu h\u0131zl\u0131, insan\u0131 bir anda i\u00e7ine \u00e7eken, farkl\u0131 ony\u0131llarda ve farkl\u0131 hik\u00e2yelerde sars\u0131nt\u0131s\u0131z bir seyahate \u00e7\u0131karan bir i\u015fe imza atm\u0131\u015f.\u201d \u2014Washington Post\u201cTaylor Jenkins Reid, Malibu\u2019da Son Parti\u2019yle kendini a\u015fm\u0131\u015f.\u201d \u2014Associated Press\u201cReid nefes kesen, destans\u0131 bir aile roman\u0131 kaleme alm\u0131\u015f.\u201d \u2014Marie Claire\u201cReid\u2019in yay\u0131mlanan her kitab\u0131 b\u00fcy\u00fck bir edebiyat olay\u0131 oluyor. Son roman\u0131 da bu beklentileri fazlas\u0131yla kar\u015f\u0131l\u0131yor.\u201d \u2014E! Online\u201cMalibu\u2019da Son Parti e\u011flenceli, unutulmaz bir kitap.\u201d \u2014Business Insider\u201cLeziz bir dram.\u201d \u2014Vogue\u201cMutlaka okunmal\u0131.\u201d \u2014Parade\u201cTaylor Jenkins Reid bu i\u015fi biliyor. Unutulmaz bir geceye dair unutulmaz bir kitap.\u201d \u2014HelloGiggles<\/p>\n","protected":false},"excerpt":{"rendered":"<p>Malibu, A\u011fustos 1983. Rivalar\u0131n yaz sonu partisi.Herkes me\u015fhur Riva karde\u015flere yak\u0131n olmak istiyordu. Yetenekli bir s\u00f6rf\u00e7\u00fc ve s\u00fcpermodel Nina, biri s\u00f6rf \u015fampiyonu di\u011feriyse naml\u0131 bir foto\u011fraf\u00e7\u0131<span class=\"excerpt-hellip\"> [\u2026]<\/span><\/p>\n","protected":false},"featured_media":0,"template":"","meta":{"_monsterinsights_skip_tracking":false,"_monsterinsights_sitenote_active":false,"_monsterinsights_sitenote_note":"","_monsterinsights_sitenote_category":0},"product_brand":[],"product_cat":[12291,12711],"product_tag":[],"class_list":{"0":"post-742693","1":"product","2":"type-product","3":"status-publish","5":"product_cat-edebiyat","6":"product_cat-roman-oyku","7":"pa_cilt-ciltsiz","8":"pa_tur-kitap","9":"pa_yayinevi-yabanci-yayinevi","10":"pa_yazar-taylor-jenkins-reid","12":"first","13":"instock","14":"sale","15":"shipping-taxable","16":"purchasable","17":"product-type-simple"},"_links":{"self":[{"href":"https:\/\/roveyayinevi.com.tr\/index.php\/wp-json\/wp\/v2\/product\/742693","targetHints":{"allow":["GET"]}}],"collection":[{"href":"https:\/\/roveyayinevi.com.tr\/index.php\/wp-json\/wp\/v2\/product"}],"about":[{"href":"https:\/\/roveyayinevi.com.tr\/index.php\/wp-json\/wp\/v2\/types\/product"}],"wp:attachment":[{"href":"https:\/\/roveyayinevi.com.tr\/index.php\/wp-json\/wp\/v2\/media?parent=742693"}],"wp:term":[{"taxonomy":"product_brand","embeddable":true,"href":"https:\/\/roveyayinevi.com.tr\/index.php\/wp-json\/wp\/v2\/product_brand?post=742693"},{"taxonomy":"product_cat","embeddable":true,"href":"https:\/\/roveyayinevi.com.tr\/index.php\/wp-json\/wp\/v2\/product_cat?post=742693"},{"taxonomy":"product_tag","embeddable":true,"href":"https:\/\/roveyayinevi.com.tr\/index.php\/wp-json\/wp\/v2\/product_tag?post=742693"}],"curies":[{"name":"wp","href":"https:\/\/api.w.org\/{rel}","templated":true}]}}