{"id":742690,"date":"2025-08-28T01:18:09","date_gmt":"2025-08-27T22:18:09","guid":{"rendered":"https:\/\/roveyayinevi.com.tr\/index.php\/urun\/golgesiz-kadinlar\/"},"modified":"2026-04-16T02:53:51","modified_gmt":"2026-04-15T23:53:51","slug":"golgesiz-kadinlar","status":"publish","type":"product","link":"https:\/\/roveyayinevi.com.tr\/index.php\/urun\/golgesiz-kadinlar\/","title":{"rendered":"G\u00f6lgesiz Kad\u0131nlar"},"content":{"rendered":"<p>Gen\u00e7 ve \u2013hen\u00fcz\u2013 hayat kar\u015f\u0131s\u0131nda savunmas\u0131z bir kad\u0131n: Segah. Ailesini, e\u015fini kaybetmi\u015f, bu co\u011frafyada ya\u015fanan ac\u0131lara tan\u0131kl\u0131k etmi\u015f yaln\u0131z bir kad\u0131n: Rozlin. Segah, \u00f6\u011frenim g\u00f6rmek i\u00e7in gitti\u011fi Londra\u2019dan anne ve babas\u0131n\u0131n bir cinayete kurban gitti\u011fini \u00f6\u011frenerek d\u00f6necek ve d\u00f6nd\u00fc\u011f\u00fc ev, kendi evi de\u011fil, Rozlin\u2019in evi olacak. Rozlin, y\u0131llard\u0131r i\u00e7inde b\u00fcy\u00fctt\u00fc\u011f\u00fc kederi, kaybetti\u011fi kom\u015fular\u0131n\u0131n k\u0131z\u0131 Segah\u2019la payla\u015facak.G\u00f6lgesiz Kad\u0131nlar, bir ilk roman. \u0130lker Ko\u00e7a\u015f, polisiye bir vakan\u0131n \u00e7\u00f6z\u00fcmlendi\u011fi roman\u0131nda yollar\u0131 bir s\u00fcreli\u011fine birle\u015fen iki kad\u0131n\u0131n hik\u00e2yesini anlat\u0131yor. Segah\u2019\u0131n, Rozlin\u2019in, polislerin ve gazetecilerin g\u00f6z\u00fcnden aktar\u0131lan olaylar silsilesinin sonunda bir s\u0131r perdesi aralan\u0131yor.\u201cCan s\u0131k\u0131nt\u0131s\u0131ndan kurtulmak umuduyla bir yandan izleyecek bir \u015feyler ar\u0131yor, bir yandan da bilgisayar\u0131ndan \u0130ngilizce ve T\u00fcrk\u00e7e haberlere g\u00f6z at\u0131yordu. Bir s\u00fcre her zamanki siyasi polemikler, magazin haberleri ve \u0130stanbul tak\u0131mlar\u0131 hakk\u0131nda transfer dedikodular\u0131yla dolu internet sitelerine g\u00f6z gezdirdi. Az \u00f6nce a\u00e7t\u0131\u011f\u0131 sarho\u015f manken haberini kapat\u0131p internet sitesinin anasayfas\u0131na geri d\u00f6nd\u00fc ve bu esnada sayfan\u0131n tepesinde \u2018\u0130stanbul\u2019da korkun\u00e7 cinayet\u2019 ba\u015fl\u0131kl\u0131 son dakika haberini g\u00f6rd\u00fc. Haberin \u00fczerine t\u0131klad\u0131\u011f\u0131nda babas\u0131n\u0131n foto\u011fraf\u0131n\u0131n alt\u0131na yaz\u0131lm\u0131\u015f tek paragrafl\u0131k yaz\u0131yla kar\u015f\u0131la\u015ft\u0131:\u2018Gazeteci B\u00fclent \u015eekerci ve e\u015fi Polonezk\u00f6y\u2019deki evlerinde \u00f6l\u00fc bulundu. \u015eekerci ve e\u015finin sabah saatlerinde ger\u00e7ekle\u015fen silahl\u0131 sald\u0131r\u0131 sonucu hayatlar\u0131n\u0131 kaybettiklerine inan\u0131l\u0131yor. Emniyet M\u00fcd\u00fcrl\u00fc\u011f\u00fc konuyla ilgili hen\u00fcz resmi bir a\u00e7\u0131klamada bulunmad\u0131.AYRINTILAR GEL\u0130YOR\u2026\u2019\u201d<\/p>\n","protected":false},"excerpt":{"rendered":"<p>Gen\u00e7 ve \u2013hen\u00fcz\u2013 hayat kar\u015f\u0131s\u0131nda savunmas\u0131z bir kad\u0131n: Segah. Ailesini, e\u015fini kaybetmi\u015f, bu co\u011frafyada ya\u015fanan ac\u0131lara tan\u0131kl\u0131k etmi\u015f yaln\u0131z bir kad\u0131n: Rozlin. Segah, \u00f6\u011frenim g\u00f6rmek i\u00e7in<span class=\"excerpt-hellip\"> [\u2026]<\/span><\/p>\n","protected":false},"featured_media":0,"template":"","meta":{"_monsterinsights_skip_tracking":false,"_monsterinsights_sitenote_active":false,"_monsterinsights_sitenote_note":"","_monsterinsights_sitenote_category":0},"product_brand":[],"product_cat":[12291,12711],"product_tag":[],"class_list":{"0":"post-742690","1":"product","2":"type-product","3":"status-publish","5":"product_cat-edebiyat","6":"product_cat-roman-oyku","7":"pa_cilt-ciltsiz","8":"pa_tur-kitap","9":"pa_yayinevi-ithaki-yayinlari","10":"pa_yazar-ilker-kocas","12":"first","13":"instock","14":"sale","15":"shipping-taxable","16":"purchasable","17":"product-type-simple"},"_links":{"self":[{"href":"https:\/\/roveyayinevi.com.tr\/index.php\/wp-json\/wp\/v2\/product\/742690","targetHints":{"allow":["GET"]}}],"collection":[{"href":"https:\/\/roveyayinevi.com.tr\/index.php\/wp-json\/wp\/v2\/product"}],"about":[{"href":"https:\/\/roveyayinevi.com.tr\/index.php\/wp-json\/wp\/v2\/types\/product"}],"wp:attachment":[{"href":"https:\/\/roveyayinevi.com.tr\/index.php\/wp-json\/wp\/v2\/media?parent=742690"}],"wp:term":[{"taxonomy":"product_brand","embeddable":true,"href":"https:\/\/roveyayinevi.com.tr\/index.php\/wp-json\/wp\/v2\/product_brand?post=742690"},{"taxonomy":"product_cat","embeddable":true,"href":"https:\/\/roveyayinevi.com.tr\/index.php\/wp-json\/wp\/v2\/product_cat?post=742690"},{"taxonomy":"product_tag","embeddable":true,"href":"https:\/\/roveyayinevi.com.tr\/index.php\/wp-json\/wp\/v2\/product_tag?post=742690"}],"curies":[{"name":"wp","href":"https:\/\/api.w.org\/{rel}","templated":true}]}}